{"id":765,"date":"2014-09-24T18:22:02","date_gmt":"2014-09-24T18:22:02","guid":{"rendered":"https:\/\/pcffri.local\/?page_id=765"},"modified":"2021-01-11T19:52:00","modified_gmt":"2021-01-11T19:52:00","slug":"pcff-jury","status":"publish","type":"page","link":"https:\/\/providencechildrensfilmfestival.org\/pt\/pcff-jury\/","title":{"rendered":"J\u00fari do PCFF"},"content":{"rendered":"<p><a href=\"https:\/\/providencechildrensfilmfestival.org\/wp-content\/uploads\/2014\/09\/13240738084_ebb9ea8116_z.jpg\"><img loading=\"lazy\" decoding=\"async\" class=\"wp-image-956 alignright\" src=\"https:\/\/providencechildrensfilmfestival.org\/wp-content\/uploads\/2014\/09\/13240738084_ebb9ea8116_z-300x198.jpg\" alt=\"13240738084_ebb9ea8116_z\" width=\"347\" height=\"235\" \/><\/a><strong>O j\u00fari de sele\u00e7\u00e3o de filmes do PCFF<\/strong>\u00a0procura filmes com conte\u00fado que fale positivamente com crian\u00e7as, adolescentes e fam\u00edlias de diversas idades, origens e etnias. Considere a possibilidade de enviar filmes se voc\u00ea tiver criado um trabalho que possa falar com todos, inclusive com crian\u00e7as. Procuramos filmes que sejam divertidos e\/ou desafiadores para as mentes jovens, com t\u00f3picos e narrativas s\u00e9rios e reais. Os t\u00f3picos podem abranger toda a gama de emo\u00e7\u00f5es. Um filme n\u00e3o precisa ter um final de \"livro de hist\u00f3rias\" para encontrar um lugar em nosso festival. O PCFF aceita filmes estrangeiros com legendas, document\u00e1rios, anima\u00e7\u00f5es e at\u00e9 mesmo filmes experimentais que possam ampliar as perspectivas dos participantes. Por meio dos filmes selecionados, esperamos: demonstrar a arte e o of\u00edcio da produ\u00e7\u00e3o cinematogr\u00e1fica, provocar discuss\u00f5es sobre as hist\u00f3rias e os t\u00f3picos e estabelecer conex\u00f5es com pessoas e culturas pr\u00f3ximas e distantes.<\/p>\n<p>O j\u00fari de sele\u00e7\u00e3o de filmes da PCFF \u00e9 composto por adultos, crian\u00e7as (a partir de 5 anos) e fam\u00edlias que trabalham em grupo. No PCFF, os jovens t\u00eam voz ativa do in\u00edcio ao fim na sele\u00e7\u00e3o dos filmes. Na maioria dos festivais de cinema infantil, os jovens participam apenas dos j\u00faris de premia\u00e7\u00e3o. Mas o j\u00fari de sele\u00e7\u00e3o de filmes do PCFF d\u00e1 \u00e0s crian\u00e7as e aos adolescentes uma oportunidade e responsabilidade \u00fanicas: trabalhar ao lado de um comit\u00ea de adultos para selecionar o programa final do Festival entre centenas de filmes que s\u00e3o enviados todos os anos para aprecia\u00e7\u00e3o.<\/p>\n<p><span style=\"color: #ff6600;\"><em><strong>Interessado em participar do j\u00fari de sele\u00e7\u00e3o de filmes do Festival?<\/strong><\/em><\/span> Clique em <a href=\"https:\/\/docs.google.com\/forms\/d\/e\/1FAIpQLSe_k0Z0s5iE9ASwzyScVTrcS8aOxkGBYp83mCY8aGhuSQPqRQ\/viewform?usp=sf_link\" target=\"_blank\" rel=\"noopener noreferrer\">aqui<\/a> para se inscrever.<\/p>\n<p><strong>Vencedores do pr\u00eamio<\/strong> s\u00e3o escolhidos durante o Festival por: a <strong>j\u00fari do pr\u00eamio especial<\/strong> que seleciona os melhores filmes de a\u00e7\u00e3o ao vivo, anima\u00e7\u00e3o e document\u00e1rios inscritos; <strong>P\u00fablico do festival<\/strong> para os curtas e longas-metragens favoritos do p\u00fablico; e por <strong>crian\u00e7as hospitalizadas<\/strong> em uma exibi\u00e7\u00e3o especial no Hasbro Children's Hospital para a escolha do melhor curta-metragem.<\/p>","protected":false},"excerpt":{"rendered":"<p>The PCFF Film Selection Jury\u00a0seeks films with content that speak positively to children, teens and families of diverse ages, backgrounds and ethnicities. Please consider submitting if you have created work [&hellip;]<\/p>\n","protected":false},"author":2,"featured_media":0,"parent":0,"menu_order":0,"comment_status":"open","ping_status":"open","template":"","meta":{"_acf_changed":false,"_monsterinsights_skip_tracking":false,"_monsterinsights_sitenote_active":false,"_monsterinsights_sitenote_note":"","_monsterinsights_sitenote_category":0,"_price":"","_stock":"","_tribe_ticket_header":"","_tribe_default_ticket_provider":"","_tribe_ticket_capacity":"0","_ticket_start_date":"","_ticket_end_date":"","_tribe_ticket_show_description":"","_tribe_ticket_show_not_going":false,"_tribe_ticket_use_global_stock":"","_tribe_ticket_global_stock_level":"","_global_stock_mode":"","_global_stock_cap":"","_tribe_rsvp_for_event":"","_tribe_ticket_going_count":"","_tribe_ticket_not_going_count":"","_tribe_tickets_list":"[]","_tribe_ticket_has_attendee_info_fields":false,"footnotes":"","_tec_slr_enabled":"","_tec_slr_layout":""},"class_list":["post-765","page","type-page","status-publish","hentry"],"acf":[],"yoast_head":"<!-- This site is optimized with the Yoast SEO plugin v27.3 - https:\/\/yoast.com\/product\/yoast-seo-wordpress\/ -->\n<title>PCFF Jury - Providence Children&#039;s Film Festival<\/title>\n<meta name=\"robots\" content=\"index, follow, max-snippet:-1, max-image-preview:large, max-video-preview:-1\" \/>\n<link rel=\"canonical\" href=\"https:\/\/providencechildrensfilmfestival.org\/pt\/pcff-jury\/\" \/>\n<meta property=\"og:locale\" content=\"pt_BR\" \/>\n<meta property=\"og:type\" content=\"article\" \/>\n<meta property=\"og:title\" content=\"PCFF Jury - Providence Children&#039;s Film Festival\" \/>\n<meta property=\"og:description\" content=\"The PCFF Film Selection Jury\u00a0seeks films with content that speak positively to children, teens and families of diverse ages, backgrounds and ethnicities. Please consider submitting if you have created work [&hellip;]\" \/>\n<meta property=\"og:url\" content=\"https:\/\/providencechildrensfilmfestival.org\/pt\/pcff-jury\/\" \/>\n<meta property=\"og:site_name\" content=\"Providence Children&#039;s Film Festival\" \/>\n<meta property=\"article:publisher\" content=\"https:\/\/www.facebook.com\/ProvidenceChildrensFilmFestival\" \/>\n<meta property=\"article:modified_time\" content=\"2021-01-11T19:52:00+00:00\" \/>\n<meta property=\"og:image\" content=\"https:\/\/providencechildrensfilmfestival.org\/wp-content\/uploads\/2014\/09\/13240738084_ebb9ea8116_z-300x198.jpg\" \/>\n<meta name=\"twitter:card\" content=\"summary_large_image\" \/>\n<meta name=\"twitter:site\" content=\"@pcffri\" \/>\n<meta name=\"twitter:label1\" content=\"Est. reading time\" \/>\n\t<meta name=\"twitter:data1\" content=\"1 minuto\" \/>\n<script type=\"application\/ld+json\" class=\"yoast-schema-graph\">{\"@context\":\"https:\\\/\\\/schema.org\",\"@graph\":[{\"@type\":\"WebPage\",\"@id\":\"https:\\\/\\\/providencechildrensfilmfestival.org\\\/pcff-jury\\\/\",\"url\":\"https:\\\/\\\/providencechildrensfilmfestival.org\\\/pcff-jury\\\/\",\"name\":\"PCFF Jury - Providence Children&#039;s Film Festival\",\"isPartOf\":{\"@id\":\"https:\\\/\\\/providencechildrensfilmfestival.org\\\/#website\"},\"primaryImageOfPage\":{\"@id\":\"https:\\\/\\\/providencechildrensfilmfestival.org\\\/pcff-jury\\\/#primaryimage\"},\"image\":{\"@id\":\"https:\\\/\\\/providencechildrensfilmfestival.org\\\/pcff-jury\\\/#primaryimage\"},\"thumbnailUrl\":\"https:\\\/\\\/providencechildrensfilmfestival.org\\\/wp-content\\\/uploads\\\/2014\\\/09\\\/13240738084_ebb9ea8116_z-300x198.jpg\",\"datePublished\":\"2014-09-24T18:22:02+00:00\",\"dateModified\":\"2021-01-11T19:52:00+00:00\",\"breadcrumb\":{\"@id\":\"https:\\\/\\\/providencechildrensfilmfestival.org\\\/pcff-jury\\\/#breadcrumb\"},\"inLanguage\":\"pt-BR\",\"potentialAction\":[{\"@type\":\"ReadAction\",\"target\":[\"https:\\\/\\\/providencechildrensfilmfestival.org\\\/pcff-jury\\\/\"]}]},{\"@type\":\"ImageObject\",\"inLanguage\":\"pt-BR\",\"@id\":\"https:\\\/\\\/providencechildrensfilmfestival.org\\\/pcff-jury\\\/#primaryimage\",\"url\":\"https:\\\/\\\/providencechildrensfilmfestival.org\\\/wp-content\\\/uploads\\\/2014\\\/09\\\/13240738084_ebb9ea8116_z-300x198.jpg\",\"contentUrl\":\"https:\\\/\\\/providencechildrensfilmfestival.org\\\/wp-content\\\/uploads\\\/2014\\\/09\\\/13240738084_ebb9ea8116_z-300x198.jpg\"},{\"@type\":\"BreadcrumbList\",\"@id\":\"https:\\\/\\\/providencechildrensfilmfestival.org\\\/pcff-jury\\\/#breadcrumb\",\"itemListElement\":[{\"@type\":\"ListItem\",\"position\":1,\"name\":\"Home\",\"item\":\"https:\\\/\\\/providencechildrensfilmfestival.org\\\/\"},{\"@type\":\"ListItem\",\"position\":2,\"name\":\"PCFF Jury\"}]},{\"@type\":\"WebSite\",\"@id\":\"https:\\\/\\\/providencechildrensfilmfestival.org\\\/#website\",\"url\":\"https:\\\/\\\/providencechildrensfilmfestival.org\\\/\",\"name\":\"Providence Children&#039;s Film Festival\",\"description\":\"\",\"potentialAction\":[{\"@type\":\"SearchAction\",\"target\":{\"@type\":\"EntryPoint\",\"urlTemplate\":\"https:\\\/\\\/providencechildrensfilmfestival.org\\\/?s={search_term_string}\"},\"query-input\":{\"@type\":\"PropertyValueSpecification\",\"valueRequired\":true,\"valueName\":\"search_term_string\"}}],\"inLanguage\":\"pt-BR\"}]}<\/script>\n<!-- \/ Yoast SEO plugin. -->","yoast_head_json":{"title":"PCFF Jury - Providence Children&#039;s Film Festival","robots":{"index":"index","follow":"follow","max-snippet":"max-snippet:-1","max-image-preview":"max-image-preview:large","max-video-preview":"max-video-preview:-1"},"canonical":"https:\/\/providencechildrensfilmfestival.org\/pt\/pcff-jury\/","og_locale":"pt_BR","og_type":"article","og_title":"PCFF Jury - Providence Children&#039;s Film Festival","og_description":"The PCFF Film Selection Jury\u00a0seeks films with content that speak positively to children, teens and families of diverse ages, backgrounds and ethnicities. Please consider submitting if you have created work [&hellip;]","og_url":"https:\/\/providencechildrensfilmfestival.org\/pt\/pcff-jury\/","og_site_name":"Providence Children&#039;s Film Festival","article_publisher":"https:\/\/www.facebook.com\/ProvidenceChildrensFilmFestival","article_modified_time":"2021-01-11T19:52:00+00:00","og_image":[{"url":"https:\/\/providencechildrensfilmfestival.org\/wp-content\/uploads\/2014\/09\/13240738084_ebb9ea8116_z-300x198.jpg","type":"","width":"","height":""}],"twitter_card":"summary_large_image","twitter_site":"@pcffri","twitter_misc":{"Est. reading time":"1 minuto"},"schema":{"@context":"https:\/\/schema.org","@graph":[{"@type":"WebPage","@id":"https:\/\/providencechildrensfilmfestival.org\/pcff-jury\/","url":"https:\/\/providencechildrensfilmfestival.org\/pcff-jury\/","name":"PCFF Jury - Providence Children&#039;s Film Festival","isPartOf":{"@id":"https:\/\/providencechildrensfilmfestival.org\/#website"},"primaryImageOfPage":{"@id":"https:\/\/providencechildrensfilmfestival.org\/pcff-jury\/#primaryimage"},"image":{"@id":"https:\/\/providencechildrensfilmfestival.org\/pcff-jury\/#primaryimage"},"thumbnailUrl":"https:\/\/providencechildrensfilmfestival.org\/wp-content\/uploads\/2014\/09\/13240738084_ebb9ea8116_z-300x198.jpg","datePublished":"2014-09-24T18:22:02+00:00","dateModified":"2021-01-11T19:52:00+00:00","breadcrumb":{"@id":"https:\/\/providencechildrensfilmfestival.org\/pcff-jury\/#breadcrumb"},"inLanguage":"pt-BR","potentialAction":[{"@type":"ReadAction","target":["https:\/\/providencechildrensfilmfestival.org\/pcff-jury\/"]}]},{"@type":"ImageObject","inLanguage":"pt-BR","@id":"https:\/\/providencechildrensfilmfestival.org\/pcff-jury\/#primaryimage","url":"https:\/\/providencechildrensfilmfestival.org\/wp-content\/uploads\/2014\/09\/13240738084_ebb9ea8116_z-300x198.jpg","contentUrl":"https:\/\/providencechildrensfilmfestival.org\/wp-content\/uploads\/2014\/09\/13240738084_ebb9ea8116_z-300x198.jpg"},{"@type":"BreadcrumbList","@id":"https:\/\/providencechildrensfilmfestival.org\/pcff-jury\/#breadcrumb","itemListElement":[{"@type":"ListItem","position":1,"name":"Home","item":"https:\/\/providencechildrensfilmfestival.org\/"},{"@type":"ListItem","position":2,"name":"PCFF Jury"}]},{"@type":"WebSite","@id":"https:\/\/providencechildrensfilmfestival.org\/#website","url":"https:\/\/providencechildrensfilmfestival.org\/","name":"Providence Children&#039;s Film Festival","description":"","potentialAction":[{"@type":"SearchAction","target":{"@type":"EntryPoint","urlTemplate":"https:\/\/providencechildrensfilmfestival.org\/?s={search_term_string}"},"query-input":{"@type":"PropertyValueSpecification","valueRequired":true,"valueName":"search_term_string"}}],"inLanguage":"pt-BR"}]}},"ticketed":false,"_links":{"self":[{"href":"https:\/\/providencechildrensfilmfestival.org\/pt\/wp-json\/wp\/v2\/pages\/765","targetHints":{"allow":["GET"]}}],"collection":[{"href":"https:\/\/providencechildrensfilmfestival.org\/pt\/wp-json\/wp\/v2\/pages"}],"about":[{"href":"https:\/\/providencechildrensfilmfestival.org\/pt\/wp-json\/wp\/v2\/types\/page"}],"author":[{"embeddable":true,"href":"https:\/\/providencechildrensfilmfestival.org\/pt\/wp-json\/wp\/v2\/users\/2"}],"replies":[{"embeddable":true,"href":"https:\/\/providencechildrensfilmfestival.org\/pt\/wp-json\/wp\/v2\/comments?post=765"}],"version-history":[{"count":0,"href":"https:\/\/providencechildrensfilmfestival.org\/pt\/wp-json\/wp\/v2\/pages\/765\/revisions"}],"wp:attachment":[{"href":"https:\/\/providencechildrensfilmfestival.org\/pt\/wp-json\/wp\/v2\/media?parent=765"}],"curies":[{"name":"wp","href":"https:\/\/api.w.org\/{rel}","templated":true}]}}