{"id":3173,"date":"2016-09-02T14:40:20","date_gmt":"2016-09-02T14:40:20","guid":{"rendered":"https:\/\/pcffri.local\/?page_id=3173"},"modified":"2016-09-30T02:18:30","modified_gmt":"2016-09-30T02:18:30","slug":"activity-reel","status":"publish","type":"page","link":"https:\/\/providencechildrensfilmfestival.org\/pt\/filmhub\/activity-reel\/","title":{"rendered":"carretel de atividades"},"content":{"rendered":"<p><a href=\"https:\/\/providencechildrensfilmfestival.org\/pt\/activity-reel\/\" target=\"_blank\"><img loading=\"lazy\" decoding=\"async\" class=\"wp-image-3212 aligncenter\" src=\"https:\/\/providencechildrensfilmfestival.org\/wp-content\/uploads\/2016\/09\/ActivityReel_1-1024x197.jpg\" alt=\"Activity Reel Film Strip\" width=\"700\" height=\"135\" \/><\/a><\/p>\n<p><strong><a href=\"https:\/\/providencechildrensfilmfestival.org\/pt\/activity-reel-call-shots\/\">CHAME OS TIROS<\/a>\u00a0 \u00a0<\/strong><em>Storyboarding, enquadramento e muito mais!<\/em><\/p>\n<ul>\n<li>Storyboard:\u00a0<em>Storyboard do filme que voc\u00ea viu<\/em>\u00a0ou<em>\u00a0seu pr\u00f3prio filme<\/em><\/li>\n<li>Enquadre sua foto! Use o\u00a0<em>C\u00e2mera de papel\u00e3o<\/em>\u00a0ou\u00a0<em>Fa\u00e7a uma lista de fotos<\/em><\/li>\n<\/ul>\n<p><strong><a href=\"https:\/\/providencechildrensfilmfestival.org\/pt\/activity-reel-promote-movie\/\">PROMOVER UM FILME<\/a>\u00a0 \u00a0<\/strong><em>Crie um p\u00f4ster, um trailer e um hype!<\/em><\/p>\n<ul>\n<li>Atividade de cria\u00e7\u00e3o de p\u00f4steres<\/li>\n<li>Atividade de cria\u00e7\u00e3o de um trailer<\/li>\n<li>Escreva seu pr\u00f3prio slogan para o filme<\/li>\n<\/ul>\n<p><strong><a href=\"https:\/\/providencechildrensfilmfestival.org\/pt\/activity-reel-film-critic\/\">SER UM CR\u00cdTICO DE CINEMA<\/a><em>\u00a0 \u00a0<\/em><\/strong><em>Escreva uma avalia\u00e7\u00e3o e fa\u00e7a perguntas!<\/em><\/p>\n<ul>\n<li>Escreva uma resenha de filme<\/li>\n<li>Analisar as escolhas do cineasta<\/li>\n<li>Entrevistar os personagens<\/li>\n<\/ul>\n<p><strong><a href=\"https:\/\/providencechildrensfilmfestival.org\/pt\/activity-reel-soundtrack-remix\/\">REMIX DA TRILHA SONORA<\/a>\u00a0 \u00a0<\/strong><em><span style=\"font-weight: 400;\">Fique atento ao que voc\u00ea est\u00e1 ouvindo!<\/span><\/em><\/p>\n<ul>\n<li>Som ligado, som desligado<\/li>\n<li>Escolha novas m\u00fasicas para a trilha sonora de seu filme<\/li>\n<li>Escreva um novo di\u00e1logo<\/li>\n<\/ul>\n<p><strong><a href=\"https:\/\/providencechildrensfilmfestival.org\/pt\/activity-reel-make-movie\/\">FAZER UM FILME<\/a>\u00a0 \u00a0<\/strong><em>Conte sua pr\u00f3pria hist\u00f3ria!<\/em><\/p>\n<ul>\n<li>Animar!\u00a0<em>Storyboard, Flipbook ou Stop-motion<\/em><\/li>\n<li>Fa\u00e7a um document\u00e1rio:\u00a0<em>Storyboard, Vox pop e b-roll<\/em><\/li>\n<li>Remake!<\/li>\n<\/ul>","protected":false},"excerpt":{"rendered":"<p>CALL THE SHOTS\u00a0 \u00a0Storyboarding, framing &amp; more! Storyboard:\u00a0Storyboard the movie you saw\u00a0or\u00a0your own movie Frame your shot! Use the\u00a0Cardboard Camera\u00a0or\u00a0Make a Shot List PROMOTE A MOVIE\u00a0 \u00a0Create a poster, trailer [&hellip;]<\/p>\n","protected":false},"author":2,"featured_media":0,"parent":2641,"menu_order":0,"comment_status":"closed","ping_status":"closed","template":"template-film-hub.php","meta":{"_acf_changed":false,"_monsterinsights_skip_tracking":false,"_monsterinsights_sitenote_active":false,"_monsterinsights_sitenote_note":"","_monsterinsights_sitenote_category":0,"_price":"","_stock":"","_tribe_ticket_header":"","_tribe_default_ticket_provider":"","_tribe_ticket_capacity":"0","_ticket_start_date":"","_ticket_end_date":"","_tribe_ticket_show_description":"","_tribe_ticket_show_not_going":false,"_tribe_ticket_use_global_stock":"","_tribe_ticket_global_stock_level":"","_global_stock_mode":"","_global_stock_cap":"","_tribe_rsvp_for_event":"","_tribe_ticket_going_count":"","_tribe_ticket_not_going_count":"","_tribe_tickets_list":"[]","_tribe_ticket_has_attendee_info_fields":false,"footnotes":"","_tec_slr_enabled":"","_tec_slr_layout":""},"class_list":["post-3173","page","type-page","status-publish","hentry"],"acf":[],"yoast_head":"<!-- This site is optimized with the Yoast SEO plugin v27.3 - https:\/\/yoast.com\/product\/yoast-seo-wordpress\/ -->\n<title>activity reel - Providence Children&#039;s Film Festival<\/title>\n<meta name=\"robots\" content=\"index, follow, max-snippet:-1, max-image-preview:large, max-video-preview:-1\" \/>\n<link rel=\"canonical\" href=\"https:\/\/providencechildrensfilmfestival.org\/pt\/filmhub\/activity-reel\/\" \/>\n<meta property=\"og:locale\" content=\"pt_BR\" \/>\n<meta property=\"og:type\" content=\"article\" \/>\n<meta property=\"og:title\" content=\"activity reel - Providence Children&#039;s Film Festival\" \/>\n<meta property=\"og:description\" content=\"CALL THE SHOTS\u00a0 \u00a0Storyboarding, framing &amp; more! Storyboard:\u00a0Storyboard the movie you saw\u00a0or\u00a0your own movie Frame your shot! Use the\u00a0Cardboard Camera\u00a0or\u00a0Make a Shot List PROMOTE A MOVIE\u00a0 \u00a0Create a poster, trailer [&hellip;]\" \/>\n<meta property=\"og:url\" content=\"https:\/\/providencechildrensfilmfestival.org\/pt\/filmhub\/activity-reel\/\" \/>\n<meta property=\"og:site_name\" content=\"Providence Children&#039;s Film Festival\" \/>\n<meta property=\"article:publisher\" content=\"https:\/\/www.facebook.com\/ProvidenceChildrensFilmFestival\" \/>\n<meta property=\"article:modified_time\" content=\"2016-09-30T02:18:30+00:00\" \/>\n<meta property=\"og:image\" content=\"https:\/\/providencechildrensfilmfestival.org\/wp-content\/uploads\/2016\/09\/ActivityReel_1-1024x197.jpg\" \/>\n<meta name=\"twitter:card\" content=\"summary_large_image\" \/>\n<meta name=\"twitter:site\" content=\"@pcffri\" \/>\n<meta name=\"twitter:label1\" content=\"Est. reading time\" \/>\n\t<meta name=\"twitter:data1\" content=\"1 minuto\" \/>\n<script type=\"application\/ld+json\" class=\"yoast-schema-graph\">{\"@context\":\"https:\\\/\\\/schema.org\",\"@graph\":[{\"@type\":\"WebPage\",\"@id\":\"https:\\\/\\\/providencechildrensfilmfestival.org\\\/filmhub\\\/activity-reel\\\/\",\"url\":\"https:\\\/\\\/providencechildrensfilmfestival.org\\\/filmhub\\\/activity-reel\\\/\",\"name\":\"activity reel - Providence Children&#039;s Film Festival\",\"isPartOf\":{\"@id\":\"https:\\\/\\\/providencechildrensfilmfestival.org\\\/#website\"},\"primaryImageOfPage\":{\"@id\":\"https:\\\/\\\/providencechildrensfilmfestival.org\\\/filmhub\\\/activity-reel\\\/#primaryimage\"},\"image\":{\"@id\":\"https:\\\/\\\/providencechildrensfilmfestival.org\\\/filmhub\\\/activity-reel\\\/#primaryimage\"},\"thumbnailUrl\":\"https:\\\/\\\/providencechildrensfilmfestival.org\\\/wp-content\\\/uploads\\\/2016\\\/09\\\/ActivityReel_1-1024x197.jpg\",\"datePublished\":\"2016-09-02T14:40:20+00:00\",\"dateModified\":\"2016-09-30T02:18:30+00:00\",\"breadcrumb\":{\"@id\":\"https:\\\/\\\/providencechildrensfilmfestival.org\\\/filmhub\\\/activity-reel\\\/#breadcrumb\"},\"inLanguage\":\"pt-BR\",\"potentialAction\":[{\"@type\":\"ReadAction\",\"target\":[\"https:\\\/\\\/providencechildrensfilmfestival.org\\\/filmhub\\\/activity-reel\\\/\"]}]},{\"@type\":\"ImageObject\",\"inLanguage\":\"pt-BR\",\"@id\":\"https:\\\/\\\/providencechildrensfilmfestival.org\\\/filmhub\\\/activity-reel\\\/#primaryimage\",\"url\":\"https:\\\/\\\/providencechildrensfilmfestival.org\\\/wp-content\\\/uploads\\\/2016\\\/09\\\/ActivityReel_1-1024x197.jpg\",\"contentUrl\":\"https:\\\/\\\/providencechildrensfilmfestival.org\\\/wp-content\\\/uploads\\\/2016\\\/09\\\/ActivityReel_1-1024x197.jpg\"},{\"@type\":\"BreadcrumbList\",\"@id\":\"https:\\\/\\\/providencechildrensfilmfestival.org\\\/filmhub\\\/activity-reel\\\/#breadcrumb\",\"itemListElement\":[{\"@type\":\"ListItem\",\"position\":1,\"name\":\"Home\",\"item\":\"https:\\\/\\\/providencechildrensfilmfestival.org\\\/\"},{\"@type\":\"ListItem\",\"position\":2,\"name\":\"overview\",\"item\":\"https:\\\/\\\/providencechildrensfilmfestival.org\\\/filmhub\\\/\"},{\"@type\":\"ListItem\",\"position\":3,\"name\":\"activity reel\"}]},{\"@type\":\"WebSite\",\"@id\":\"https:\\\/\\\/providencechildrensfilmfestival.org\\\/#website\",\"url\":\"https:\\\/\\\/providencechildrensfilmfestival.org\\\/\",\"name\":\"Providence Children&#039;s Film Festival\",\"description\":\"\",\"potentialAction\":[{\"@type\":\"SearchAction\",\"target\":{\"@type\":\"EntryPoint\",\"urlTemplate\":\"https:\\\/\\\/providencechildrensfilmfestival.org\\\/?s={search_term_string}\"},\"query-input\":{\"@type\":\"PropertyValueSpecification\",\"valueRequired\":true,\"valueName\":\"search_term_string\"}}],\"inLanguage\":\"pt-BR\"}]}<\/script>\n<!-- \/ Yoast SEO plugin. -->","yoast_head_json":{"title":"activity reel - Providence Children&#039;s Film Festival","robots":{"index":"index","follow":"follow","max-snippet":"max-snippet:-1","max-image-preview":"max-image-preview:large","max-video-preview":"max-video-preview:-1"},"canonical":"https:\/\/providencechildrensfilmfestival.org\/pt\/filmhub\/activity-reel\/","og_locale":"pt_BR","og_type":"article","og_title":"activity reel - Providence Children&#039;s Film Festival","og_description":"CALL THE SHOTS\u00a0 \u00a0Storyboarding, framing &amp; more! Storyboard:\u00a0Storyboard the movie you saw\u00a0or\u00a0your own movie Frame your shot! Use the\u00a0Cardboard Camera\u00a0or\u00a0Make a Shot List PROMOTE A MOVIE\u00a0 \u00a0Create a poster, trailer [&hellip;]","og_url":"https:\/\/providencechildrensfilmfestival.org\/pt\/filmhub\/activity-reel\/","og_site_name":"Providence Children&#039;s Film Festival","article_publisher":"https:\/\/www.facebook.com\/ProvidenceChildrensFilmFestival","article_modified_time":"2016-09-30T02:18:30+00:00","og_image":[{"url":"https:\/\/providencechildrensfilmfestival.org\/wp-content\/uploads\/2016\/09\/ActivityReel_1-1024x197.jpg","type":"","width":"","height":""}],"twitter_card":"summary_large_image","twitter_site":"@pcffri","twitter_misc":{"Est. reading time":"1 minuto"},"schema":{"@context":"https:\/\/schema.org","@graph":[{"@type":"WebPage","@id":"https:\/\/providencechildrensfilmfestival.org\/filmhub\/activity-reel\/","url":"https:\/\/providencechildrensfilmfestival.org\/filmhub\/activity-reel\/","name":"activity reel - Providence Children&#039;s Film Festival","isPartOf":{"@id":"https:\/\/providencechildrensfilmfestival.org\/#website"},"primaryImageOfPage":{"@id":"https:\/\/providencechildrensfilmfestival.org\/filmhub\/activity-reel\/#primaryimage"},"image":{"@id":"https:\/\/providencechildrensfilmfestival.org\/filmhub\/activity-reel\/#primaryimage"},"thumbnailUrl":"https:\/\/providencechildrensfilmfestival.org\/wp-content\/uploads\/2016\/09\/ActivityReel_1-1024x197.jpg","datePublished":"2016-09-02T14:40:20+00:00","dateModified":"2016-09-30T02:18:30+00:00","breadcrumb":{"@id":"https:\/\/providencechildrensfilmfestival.org\/filmhub\/activity-reel\/#breadcrumb"},"inLanguage":"pt-BR","potentialAction":[{"@type":"ReadAction","target":["https:\/\/providencechildrensfilmfestival.org\/filmhub\/activity-reel\/"]}]},{"@type":"ImageObject","inLanguage":"pt-BR","@id":"https:\/\/providencechildrensfilmfestival.org\/filmhub\/activity-reel\/#primaryimage","url":"https:\/\/providencechildrensfilmfestival.org\/wp-content\/uploads\/2016\/09\/ActivityReel_1-1024x197.jpg","contentUrl":"https:\/\/providencechildrensfilmfestival.org\/wp-content\/uploads\/2016\/09\/ActivityReel_1-1024x197.jpg"},{"@type":"BreadcrumbList","@id":"https:\/\/providencechildrensfilmfestival.org\/filmhub\/activity-reel\/#breadcrumb","itemListElement":[{"@type":"ListItem","position":1,"name":"Home","item":"https:\/\/providencechildrensfilmfestival.org\/"},{"@type":"ListItem","position":2,"name":"overview","item":"https:\/\/providencechildrensfilmfestival.org\/filmhub\/"},{"@type":"ListItem","position":3,"name":"activity reel"}]},{"@type":"WebSite","@id":"https:\/\/providencechildrensfilmfestival.org\/#website","url":"https:\/\/providencechildrensfilmfestival.org\/","name":"Providence Children&#039;s Film Festival","description":"","potentialAction":[{"@type":"SearchAction","target":{"@type":"EntryPoint","urlTemplate":"https:\/\/providencechildrensfilmfestival.org\/?s={search_term_string}"},"query-input":{"@type":"PropertyValueSpecification","valueRequired":true,"valueName":"search_term_string"}}],"inLanguage":"pt-BR"}]}},"ticketed":false,"_links":{"self":[{"href":"https:\/\/providencechildrensfilmfestival.org\/pt\/wp-json\/wp\/v2\/pages\/3173","targetHints":{"allow":["GET"]}}],"collection":[{"href":"https:\/\/providencechildrensfilmfestival.org\/pt\/wp-json\/wp\/v2\/pages"}],"about":[{"href":"https:\/\/providencechildrensfilmfestival.org\/pt\/wp-json\/wp\/v2\/types\/page"}],"author":[{"embeddable":true,"href":"https:\/\/providencechildrensfilmfestival.org\/pt\/wp-json\/wp\/v2\/users\/2"}],"replies":[{"embeddable":true,"href":"https:\/\/providencechildrensfilmfestival.org\/pt\/wp-json\/wp\/v2\/comments?post=3173"}],"version-history":[{"count":0,"href":"https:\/\/providencechildrensfilmfestival.org\/pt\/wp-json\/wp\/v2\/pages\/3173\/revisions"}],"up":[{"embeddable":true,"href":"https:\/\/providencechildrensfilmfestival.org\/pt\/wp-json\/wp\/v2\/pages\/2641"}],"wp:attachment":[{"href":"https:\/\/providencechildrensfilmfestival.org\/pt\/wp-json\/wp\/v2\/media?parent=3173"}],"curies":[{"name":"wp","href":"https:\/\/api.w.org\/{rel}","templated":true}]}}