{"id":2703,"date":"2015-12-21T13:58:21","date_gmt":"2015-12-21T13:58:21","guid":{"rendered":"https:\/\/pcffri.local\/?page_id=2703"},"modified":"2019-09-16T18:34:20","modified_gmt":"2019-09-16T18:34:20","slug":"pcff-film-hub-acknowledgements","status":"publish","type":"page","link":"https:\/\/providencechildrensfilmfestival.org\/pt\/pcff-film-hub-acknowledgements\/","title":{"rendered":"Agradecimentos ao PCFF Film Hub"},"content":{"rendered":"<p><span style=\"font-weight: 400;\"><img loading=\"lazy\" decoding=\"async\" class=\"alignleft size-full wp-image-2662\" src=\"https:\/\/providencechildrensfilmfestival.org\/wp-content\/uploads\/2015\/09\/RICH-150-web.jpg\" alt=\"RICH-150-web\" width=\"150\" height=\"150\" \/>O projeto do PCFF Film Hub \u00e9 poss\u00edvel gra\u00e7as ao grande apoio financeiro do Rhode Island Council for the Humanities, uma afiliada estadual independente do National Endowment for the Humanities.<\/span><\/p>\n<p><span style=\"font-weight: 400;\">Por tr\u00e1s do PCFF Film Hub, h\u00e1 uma equipe de pessoas apaixonadas por filmes infantis, comunidade e educa\u00e7\u00e3o. Agradecimentos especiais a Rachel Staryk Colaiace (diretora administrativa, PCFF), Eric Bilodeau (diretor art\u00edstico, PCFF) e \u00e0 nossa equipe educacional do PCFF Film Hub, incluindo Joanna Miller, Liz Deslauriers, Pam Steager, Sarah Yahm, Cheryl Space, Catherine Carr Kelly, Jackie Delamatre e Tommy Whalen, que contribu\u00edram para o desenvolvimento dos recursos do Film Hub. A marca e o design do Film Hub foram criados pelo Bottlerocket Design Group.<\/span><\/p>\n<p><span style=\"font-weight: 400;\">Agradecimentos adicionais v\u00e3o para Renee Hobbs (Professora da Harrington School of Communication and Media e Fundadora e Diretora do Media Education Lab da URI) por sua colabora\u00e7\u00e3o e apoio, bem como para seus alunos de p\u00f3s-gradua\u00e7\u00e3o da URI por pilotarem programas de exibi\u00e7\u00e3o de filmes usando os recursos do Film Hub.<\/span><\/p>\n<p><span style=\"font-weight: 400;\">Por fim, gostar\u00edamos de agradecer aos parceiros em nossas bibliotecas comunit\u00e1rias, especialmente Cheryl Space (Coordenadora de Servi\u00e7os para Jovens, Biblioteca Comunit\u00e1ria de Providence), Danielle Margarida (Coordenadora de Servi\u00e7os para Jovens, Escrit\u00f3rio de Servi\u00e7os de Biblioteca e Informa\u00e7\u00e3o do Estado de Rhode Island) e a colabora\u00e7\u00e3o com os programas Media Smart Libraries, com agradecimentos especiais a Mary Moen (Diretora, The Media Smart Libraries). O projeto Media Smart Libraries foi viabilizado em parte pelo Institute of Museum and Library Services, Grant # LG-07-14-0045-14.<\/span><\/p>","protected":false},"excerpt":{"rendered":"<p>The PCFF Film Hub project is made possible through major funding support from the Rhode Island Council for the Humanities, an independent state affiliate of the National Endowment for the [&hellip;]<\/p>\n","protected":false},"author":2,"featured_media":0,"parent":0,"menu_order":0,"comment_status":"closed","ping_status":"closed","template":"template-static-sidebar.php","meta":{"_acf_changed":false,"_monsterinsights_skip_tracking":false,"_monsterinsights_sitenote_active":false,"_monsterinsights_sitenote_note":"","_monsterinsights_sitenote_category":0,"_price":"","_stock":"","_tribe_ticket_header":"","_tribe_default_ticket_provider":"","_tribe_ticket_capacity":"0","_ticket_start_date":"","_ticket_end_date":"","_tribe_ticket_show_description":"","_tribe_ticket_show_not_going":false,"_tribe_ticket_use_global_stock":"","_tribe_ticket_global_stock_level":"","_global_stock_mode":"","_global_stock_cap":"","_tribe_rsvp_for_event":"","_tribe_ticket_going_count":"","_tribe_ticket_not_going_count":"","_tribe_tickets_list":"[]","_tribe_ticket_has_attendee_info_fields":false,"footnotes":"","_tec_slr_enabled":"","_tec_slr_layout":""},"class_list":["post-2703","page","type-page","status-publish","hentry"],"acf":[],"yoast_head":"<!-- This site is optimized with the Yoast SEO plugin v27.3 - https:\/\/yoast.com\/product\/yoast-seo-wordpress\/ -->\n<title>PCFF Film Hub Acknowledgements - Providence Children&#039;s Film Festival<\/title>\n<meta name=\"robots\" content=\"index, follow, max-snippet:-1, max-image-preview:large, max-video-preview:-1\" \/>\n<link rel=\"canonical\" href=\"https:\/\/providencechildrensfilmfestival.org\/pt\/pcff-film-hub-acknowledgements\/\" \/>\n<meta property=\"og:locale\" content=\"pt_BR\" \/>\n<meta property=\"og:type\" content=\"article\" \/>\n<meta property=\"og:title\" content=\"PCFF Film Hub Acknowledgements - Providence Children&#039;s Film Festival\" \/>\n<meta property=\"og:description\" content=\"The PCFF Film Hub project is made possible through major funding support from the Rhode Island Council for the Humanities, an independent state affiliate of the National Endowment for the [&hellip;]\" \/>\n<meta property=\"og:url\" content=\"https:\/\/providencechildrensfilmfestival.org\/pt\/pcff-film-hub-acknowledgements\/\" \/>\n<meta property=\"og:site_name\" content=\"Providence Children&#039;s Film Festival\" \/>\n<meta property=\"article:publisher\" content=\"https:\/\/www.facebook.com\/ProvidenceChildrensFilmFestival\" \/>\n<meta property=\"article:modified_time\" content=\"2019-09-16T18:34:20+00:00\" \/>\n<meta property=\"og:image\" content=\"https:\/\/providencechildrensfilmfestival.org\/wp-content\/uploads\/2015\/09\/RICH-150-web.jpg\" \/>\n<meta name=\"twitter:card\" content=\"summary_large_image\" \/>\n<meta name=\"twitter:site\" content=\"@pcffri\" \/>\n<meta name=\"twitter:label1\" content=\"Est. reading time\" \/>\n\t<meta name=\"twitter:data1\" content=\"1 minuto\" \/>\n<script type=\"application\/ld+json\" class=\"yoast-schema-graph\">{\"@context\":\"https:\\\/\\\/schema.org\",\"@graph\":[{\"@type\":\"WebPage\",\"@id\":\"https:\\\/\\\/providencechildrensfilmfestival.org\\\/pcff-film-hub-acknowledgements\\\/\",\"url\":\"https:\\\/\\\/providencechildrensfilmfestival.org\\\/pcff-film-hub-acknowledgements\\\/\",\"name\":\"PCFF Film Hub Acknowledgements - Providence Children&#039;s Film Festival\",\"isPartOf\":{\"@id\":\"https:\\\/\\\/providencechildrensfilmfestival.org\\\/#website\"},\"primaryImageOfPage\":{\"@id\":\"https:\\\/\\\/providencechildrensfilmfestival.org\\\/pcff-film-hub-acknowledgements\\\/#primaryimage\"},\"image\":{\"@id\":\"https:\\\/\\\/providencechildrensfilmfestival.org\\\/pcff-film-hub-acknowledgements\\\/#primaryimage\"},\"thumbnailUrl\":\"https:\\\/\\\/providencechildrensfilmfestival.org\\\/wp-content\\\/uploads\\\/2015\\\/09\\\/RICH-150-web.jpg\",\"datePublished\":\"2015-12-21T13:58:21+00:00\",\"dateModified\":\"2019-09-16T18:34:20+00:00\",\"breadcrumb\":{\"@id\":\"https:\\\/\\\/providencechildrensfilmfestival.org\\\/pcff-film-hub-acknowledgements\\\/#breadcrumb\"},\"inLanguage\":\"pt-BR\",\"potentialAction\":[{\"@type\":\"ReadAction\",\"target\":[\"https:\\\/\\\/providencechildrensfilmfestival.org\\\/pcff-film-hub-acknowledgements\\\/\"]}]},{\"@type\":\"ImageObject\",\"inLanguage\":\"pt-BR\",\"@id\":\"https:\\\/\\\/providencechildrensfilmfestival.org\\\/pcff-film-hub-acknowledgements\\\/#primaryimage\",\"url\":\"https:\\\/\\\/providencechildrensfilmfestival.org\\\/wp-content\\\/uploads\\\/2015\\\/09\\\/RICH-150-web.jpg\",\"contentUrl\":\"https:\\\/\\\/providencechildrensfilmfestival.org\\\/wp-content\\\/uploads\\\/2015\\\/09\\\/RICH-150-web.jpg\"},{\"@type\":\"BreadcrumbList\",\"@id\":\"https:\\\/\\\/providencechildrensfilmfestival.org\\\/pcff-film-hub-acknowledgements\\\/#breadcrumb\",\"itemListElement\":[{\"@type\":\"ListItem\",\"position\":1,\"name\":\"Home\",\"item\":\"https:\\\/\\\/providencechildrensfilmfestival.org\\\/\"},{\"@type\":\"ListItem\",\"position\":2,\"name\":\"PCFF Film Hub Acknowledgements\"}]},{\"@type\":\"WebSite\",\"@id\":\"https:\\\/\\\/providencechildrensfilmfestival.org\\\/#website\",\"url\":\"https:\\\/\\\/providencechildrensfilmfestival.org\\\/\",\"name\":\"Providence Children&#039;s Film Festival\",\"description\":\"\",\"potentialAction\":[{\"@type\":\"SearchAction\",\"target\":{\"@type\":\"EntryPoint\",\"urlTemplate\":\"https:\\\/\\\/providencechildrensfilmfestival.org\\\/?s={search_term_string}\"},\"query-input\":{\"@type\":\"PropertyValueSpecification\",\"valueRequired\":true,\"valueName\":\"search_term_string\"}}],\"inLanguage\":\"pt-BR\"}]}<\/script>\n<!-- \/ Yoast SEO plugin. -->","yoast_head_json":{"title":"PCFF Film Hub Acknowledgements - Providence Children&#039;s Film Festival","robots":{"index":"index","follow":"follow","max-snippet":"max-snippet:-1","max-image-preview":"max-image-preview:large","max-video-preview":"max-video-preview:-1"},"canonical":"https:\/\/providencechildrensfilmfestival.org\/pt\/pcff-film-hub-acknowledgements\/","og_locale":"pt_BR","og_type":"article","og_title":"PCFF Film Hub Acknowledgements - Providence Children&#039;s Film Festival","og_description":"The PCFF Film Hub project is made possible through major funding support from the Rhode Island Council for the Humanities, an independent state affiliate of the National Endowment for the [&hellip;]","og_url":"https:\/\/providencechildrensfilmfestival.org\/pt\/pcff-film-hub-acknowledgements\/","og_site_name":"Providence Children&#039;s Film Festival","article_publisher":"https:\/\/www.facebook.com\/ProvidenceChildrensFilmFestival","article_modified_time":"2019-09-16T18:34:20+00:00","og_image":[{"url":"https:\/\/providencechildrensfilmfestival.org\/wp-content\/uploads\/2015\/09\/RICH-150-web.jpg","type":"","width":"","height":""}],"twitter_card":"summary_large_image","twitter_site":"@pcffri","twitter_misc":{"Est. reading time":"1 minuto"},"schema":{"@context":"https:\/\/schema.org","@graph":[{"@type":"WebPage","@id":"https:\/\/providencechildrensfilmfestival.org\/pcff-film-hub-acknowledgements\/","url":"https:\/\/providencechildrensfilmfestival.org\/pcff-film-hub-acknowledgements\/","name":"PCFF Film Hub Acknowledgements - Providence Children&#039;s Film Festival","isPartOf":{"@id":"https:\/\/providencechildrensfilmfestival.org\/#website"},"primaryImageOfPage":{"@id":"https:\/\/providencechildrensfilmfestival.org\/pcff-film-hub-acknowledgements\/#primaryimage"},"image":{"@id":"https:\/\/providencechildrensfilmfestival.org\/pcff-film-hub-acknowledgements\/#primaryimage"},"thumbnailUrl":"https:\/\/providencechildrensfilmfestival.org\/wp-content\/uploads\/2015\/09\/RICH-150-web.jpg","datePublished":"2015-12-21T13:58:21+00:00","dateModified":"2019-09-16T18:34:20+00:00","breadcrumb":{"@id":"https:\/\/providencechildrensfilmfestival.org\/pcff-film-hub-acknowledgements\/#breadcrumb"},"inLanguage":"pt-BR","potentialAction":[{"@type":"ReadAction","target":["https:\/\/providencechildrensfilmfestival.org\/pcff-film-hub-acknowledgements\/"]}]},{"@type":"ImageObject","inLanguage":"pt-BR","@id":"https:\/\/providencechildrensfilmfestival.org\/pcff-film-hub-acknowledgements\/#primaryimage","url":"https:\/\/providencechildrensfilmfestival.org\/wp-content\/uploads\/2015\/09\/RICH-150-web.jpg","contentUrl":"https:\/\/providencechildrensfilmfestival.org\/wp-content\/uploads\/2015\/09\/RICH-150-web.jpg"},{"@type":"BreadcrumbList","@id":"https:\/\/providencechildrensfilmfestival.org\/pcff-film-hub-acknowledgements\/#breadcrumb","itemListElement":[{"@type":"ListItem","position":1,"name":"Home","item":"https:\/\/providencechildrensfilmfestival.org\/"},{"@type":"ListItem","position":2,"name":"PCFF Film Hub Acknowledgements"}]},{"@type":"WebSite","@id":"https:\/\/providencechildrensfilmfestival.org\/#website","url":"https:\/\/providencechildrensfilmfestival.org\/","name":"Providence Children&#039;s Film Festival","description":"","potentialAction":[{"@type":"SearchAction","target":{"@type":"EntryPoint","urlTemplate":"https:\/\/providencechildrensfilmfestival.org\/?s={search_term_string}"},"query-input":{"@type":"PropertyValueSpecification","valueRequired":true,"valueName":"search_term_string"}}],"inLanguage":"pt-BR"}]}},"ticketed":false,"_links":{"self":[{"href":"https:\/\/providencechildrensfilmfestival.org\/pt\/wp-json\/wp\/v2\/pages\/2703","targetHints":{"allow":["GET"]}}],"collection":[{"href":"https:\/\/providencechildrensfilmfestival.org\/pt\/wp-json\/wp\/v2\/pages"}],"about":[{"href":"https:\/\/providencechildrensfilmfestival.org\/pt\/wp-json\/wp\/v2\/types\/page"}],"author":[{"embeddable":true,"href":"https:\/\/providencechildrensfilmfestival.org\/pt\/wp-json\/wp\/v2\/users\/2"}],"replies":[{"embeddable":true,"href":"https:\/\/providencechildrensfilmfestival.org\/pt\/wp-json\/wp\/v2\/comments?post=2703"}],"version-history":[{"count":0,"href":"https:\/\/providencechildrensfilmfestival.org\/pt\/wp-json\/wp\/v2\/pages\/2703\/revisions"}],"wp:attachment":[{"href":"https:\/\/providencechildrensfilmfestival.org\/pt\/wp-json\/wp\/v2\/media?parent=2703"}],"curies":[{"name":"wp","href":"https:\/\/api.w.org\/{rel}","templated":true}]}}