{"id":2641,"date":"2015-11-12T14:21:11","date_gmt":"2015-11-12T14:21:11","guid":{"rendered":"https:\/\/pcffri.local\/?page_id=2641"},"modified":"2016-11-21T20:25:13","modified_gmt":"2016-11-21T20:25:13","slug":"filmhub","status":"publish","type":"page","link":"https:\/\/providencechildrensfilmfestival.org\/pt\/filmhub\/","title":{"rendered":"vis\u00e3o geral"},"content":{"rendered":"<p>Bem-vindo ao FILM HUB do Providence Children's Film Festival!<\/p>\n<p><span style=\"font-weight: 400;\"><strong>O HUB DE FILMES<\/strong> conecta a comunidade com recursos para descobrir, explorar e se envolver com filmes. Esses<\/span><span style=\"font-weight: 400;\">\u00a0recursos on-line, incluindo um diret\u00f3rio de filmes de festivais anteriores, <\/span><span style=\"font-weight: 400;\">disponibilidade de filmes<\/span> <span style=\"font-weight: 400;\">listagens<\/span><span style=\"font-weight: 400;\">Os filmes, que incluem filmes de fic\u00e7\u00e3o, guias de discuss\u00e3o e atividades relacionadas a filmes, foram criados para aumentar e aprimorar o acesso ao melhor do cinema infantil independente e internacional e promover a educa\u00e7\u00e3o cinematogr\u00e1fica em toda a nossa comunidade, em escolas, lares e espa\u00e7os p\u00fablicos.<br \/>\n<\/span><\/p>\n\n\t\t<style type=\"text\/css\">\n\t\t\t#gallery-2 {\n\t\t\t\tmargin: auto;\n\t\t\t}\n\t\t\t#gallery-2 .gallery-item {\n\t\t\t\tfloat: left;\n\t\t\t\tmargin-top: 10px;\n\t\t\t\ttext-align: center;\n\t\t\t\twidth: 20%;\n\t\t\t}\n\t\t\t#gallery-2 img {\n\t\t\t\tborder: 2px solid #cfcfcf;\n\t\t\t}\n\t\t\t#gallery-2 .gallery-caption {\n\t\t\t\tmargin-left: 0;\n\t\t\t}\n\t\t\t\/* see gallery_shortcode() in wp-includes\/media.php *\/\n\t\t<\/style>\n\t\t<div id='gallery-2' class='gallery galleryid-2641 gallery-columns-5 gallery-size-thumbnail'><dl class='gallery-item'>\n\t\t\t<dt class='gallery-icon landscape'>\n\t\t\t\t<img loading=\"lazy\" decoding=\"async\" width=\"150\" height=\"150\" src=\"https:\/\/providencechildrensfilmfestival.org\/wp-content\/uploads\/2016\/11\/Schools-Out-1-150x150.jpg\" class=\"attachment-thumbnail size-thumbnail\" alt=\"\" \/>\n\t\t\t<\/dt><\/dl><dl class='gallery-item'>\n\t\t\t<dt class='gallery-icon landscape'>\n\t\t\t\t<img loading=\"lazy\" decoding=\"async\" width=\"150\" height=\"150\" src=\"https:\/\/providencechildrensfilmfestival.org\/wp-content\/uploads\/2016\/11\/Totoro-2-150x150.jpg\" class=\"attachment-thumbnail size-thumbnail\" alt=\"\" \/>\n\t\t\t<\/dt><\/dl><dl class='gallery-item'>\n\t\t\t<dt class='gallery-icon landscape'>\n\t\t\t\t<img loading=\"lazy\" decoding=\"async\" width=\"150\" height=\"150\" src=\"https:\/\/providencechildrensfilmfestival.org\/wp-content\/uploads\/2016\/11\/Wadjda-150x150.jpg\" class=\"attachment-thumbnail size-thumbnail\" alt=\"\" aria-describedby=\"gallery-2-3350\" \/>\n\t\t\t<\/dt>\n\t\t\t\t<dd class='wp-caption-text gallery-caption' id='gallery-2-3350'>\n\t\t\t\tWadjda\n\t\t\t\t<\/dd><\/dl><dl class='gallery-item'>\n\t\t\t<dt class='gallery-icon landscape'>\n\t\t\t\t<img loading=\"lazy\" decoding=\"async\" width=\"150\" height=\"150\" src=\"https:\/\/providencechildrensfilmfestival.org\/wp-content\/uploads\/2016\/11\/Azur-Azmar-150x150.jpg\" class=\"attachment-thumbnail size-thumbnail\" alt=\"\" \/>\n\t\t\t<\/dt><\/dl><dl class='gallery-item'>\n\t\t\t<dt class='gallery-icon landscape'>\n\t\t\t\t<img loading=\"lazy\" decoding=\"async\" width=\"150\" height=\"150\" src=\"https:\/\/providencechildrensfilmfestival.org\/wp-content\/uploads\/2016\/01\/Supersonic1-150x150.jpg\" class=\"attachment-thumbnail size-thumbnail\" alt=\"\" \/>\n\t\t\t<\/dt><\/dl><br style=\"clear: both\" \/>\n\t\t<\/div>\n\n<ul>\n<li><strong><a href=\"https:\/\/providencechildrensfilmfestival.org\/pt\/films\/\" target=\"_blank\">diret\u00f3rio de filmes<\/a><span style=\"color: #598f94;\"><span style=\"color: #f15e1e;\"><span style=\"color: #f15e1e;\"><span style=\"color: #0897cf;\">:<\/span>\u00a0<\/span><\/span><\/span><\/strong>Navegue pelos filmes de nossos festivais anteriores e veja a disponibilidade. Clique no t\u00edtulo do filme para obter detalhes, trailers e temas. Observa\u00e7\u00e3o: embora prefiramos apresentar os filmes no Festival em seu idioma nativo (com legendas, se necess\u00e1rio), alguns filmes s\u00e3o dublados em ingl\u00eas para fins comerciais e outros ainda n\u00e3o est\u00e3o dispon\u00edveis ao p\u00fablico. Link r\u00e1pido para <span style=\"color: #333300;\"><a style=\"color: #333300;\" href=\"http:\/\/catalog.oslri.net\/search~S1\/?searchtype=t&amp;searcharg=Providence+Children%27s+Film+Festival&amp;searchscope=1&amp;sortdropdown=-&amp;SORT=D&amp;extended=0&amp;SUBMIT=Search&amp;searchlimits=&amp;searchorigarg=tProvidence+Children\" target=\"_blank\">Cole\u00e7\u00e3o de filmes PCFF das Bibliotecas Ocean State<\/a><\/span>.<em><br \/>\n<\/em><\/li>\n<li><b><a href=\"https:\/\/providencechildrensfilmfestival.org\/pt\/film-hub\/pcff-film-guides\/\" target=\"_blank\">guias de filmes<\/a>:<\/b><span style=\"color: #f15e1e;\"><b>\u00a0<\/b><\/span><span style=\"font-weight: 400;\">Complemente as exibi\u00e7\u00f5es de filmes com discuss\u00f5es guiadas e atividades pr\u00e1ticas.<\/span><\/li>\n<li><b><a href=\"https:\/\/providencechildrensfilmfestival.org\/pt\/film-hub\/film-glossary\/\" target=\"_blank\">gloss\u00e1rio de filmes<\/a>:<span style=\"color: #598f94;\"><span style=\"color: #f15e1e;\">\u00a0<\/span><\/span><\/b>Explorar termos e frases usados para falar sobre cinema e produ\u00e7\u00e3o de filmes.<\/li>\n<li><strong><a href=\"https:\/\/providencechildrensfilmfestival.org\/pt\/activity-reel\/\" target=\"_blank\">carretel de atividades:<\/a>\u00a0<\/strong>Ideias de atividades criativas, incluindo sugest\u00f5es de escrita e projetos pr\u00e1ticos para usar com qualquer filme!<\/li>\n<\/ul>\n<p style=\"padding-left: 30px;\"><a href=\"https:\/\/providencechildrensfilmfestival.org\/pt\/activity-reel\/\"><img loading=\"lazy\" decoding=\"async\" class=\"wp-image-3212 aligncenter\" src=\"https:\/\/providencechildrensfilmfestival.org\/wp-content\/uploads\/2016\/09\/ActivityReel_1.jpg\" alt=\"Activity Reel Film Strip\" width=\"700\" height=\"135\" \/><\/a><\/p>\n<p><strong>ENTRE EM CONTATO CONOSCO:<\/strong><b><span style=\"color: #598f94;\">\u00a0<\/span><\/b><span style=\"font-weight: 400;\">Est\u00e1 planejando uma exibi\u00e7\u00e3o de filme ou programa inspirado no PCFF? Queremos saber sobre isso!\u00a0<\/span>Clique em <span style=\"color: #0897cf;\"><a style=\"color: #0897cf;\" href=\"mailto:info@providencechildrensfilmfestival.org\" target=\"_blank\">aqui<\/a><\/span> para nos enviar um e-mail!<\/p>\n<hr \/>\n<p><img loading=\"lazy\" decoding=\"async\" class=\"size-thumbnail wp-image-2576 alignleft\" src=\"https:\/\/providencechildrensfilmfestival.org\/wp-content\/uploads\/2015\/11\/RICH-300-web-150x150.jpg\" alt=\"RICH-300-web\" width=\"150\" height=\"150\" srcset=\"https:\/\/providencechildrensfilmfestival.org\/wp-content\/uploads\/2015\/11\/RICH-300-web-150x150.jpg 150w, https:\/\/providencechildrensfilmfestival.org\/wp-content\/uploads\/2015\/11\/RICH-300-web-260x260.jpg 260w, https:\/\/providencechildrensfilmfestival.org\/wp-content\/uploads\/2015\/11\/RICH-300-web-160x160.jpg 160w, https:\/\/providencechildrensfilmfestival.org\/wp-content\/uploads\/2015\/11\/RICH-300-web.jpg 300w\" sizes=\"auto, (max-width: 150px) 100vw, 150px\" \/><\/p>\n<p>&nbsp;<\/p>\n<p><span style=\"color: #808080;\"><strong>Agradecimentos<\/strong>: O projeto PCFF Film Hub \u00e9 poss\u00edvel gra\u00e7as ao grande apoio financeiro do Rhode Island Council for the Humanities, uma afiliada estadual independente do National Endowment for the Humanities. (Clique em <a href=\"https:\/\/providencechildrensfilmfestival.org\/pt\/pcff-film-hub-acknowledgements\/\" target=\"_blank\">aqui<\/a> para obter os agradecimentos completos.<strong>)<\/strong>\u00a0<\/span><\/p>","protected":false},"excerpt":{"rendered":"<p>Welcome to the Providence Children\u2019s Film Festival FILM HUB! The FILM HUB connects the community with resources to discover, explore and engage\u00a0with film. These\u00a0online resources\u2014including a directory of past festival [&hellip;]<\/p>\n","protected":false},"author":2,"featured_media":0,"parent":0,"menu_order":0,"comment_status":"closed","ping_status":"closed","template":"template-film-hub.php","meta":{"_acf_changed":false,"_monsterinsights_skip_tracking":false,"_monsterinsights_sitenote_active":false,"_monsterinsights_sitenote_note":"","_monsterinsights_sitenote_category":0,"_price":"","_stock":"","_tribe_ticket_header":"","_tribe_default_ticket_provider":"","_tribe_ticket_capacity":"0","_ticket_start_date":"","_ticket_end_date":"","_tribe_ticket_show_description":"","_tribe_ticket_show_not_going":false,"_tribe_ticket_use_global_stock":"","_tribe_ticket_global_stock_level":"","_global_stock_mode":"","_global_stock_cap":"","_tribe_rsvp_for_event":"","_tribe_ticket_going_count":"","_tribe_ticket_not_going_count":"","_tribe_tickets_list":"[]","_tribe_ticket_has_attendee_info_fields":false,"footnotes":"","_tec_slr_enabled":"","_tec_slr_layout":""},"class_list":["post-2641","page","type-page","status-publish","hentry"],"acf":[],"yoast_head":"<!-- This site is optimized with the Yoast SEO plugin v27.3 - https:\/\/yoast.com\/product\/yoast-seo-wordpress\/ -->\n<title>overview - Providence Children&#039;s Film Festival<\/title>\n<meta name=\"description\" content=\"Connecting community w\/ resources to discover + explore the best of international children\u2019s cinema\u2014foster film education in schools, homes, public spaces.\" \/>\n<meta name=\"robots\" content=\"index, follow, max-snippet:-1, max-image-preview:large, max-video-preview:-1\" \/>\n<link rel=\"canonical\" href=\"https:\/\/providencechildrensfilmfestival.org\/pt\/filmhub\/\" \/>\n<meta property=\"og:locale\" content=\"pt_BR\" \/>\n<meta property=\"og:type\" content=\"article\" \/>\n<meta property=\"og:title\" content=\"overview - Providence Children&#039;s Film Festival\" \/>\n<meta property=\"og:description\" content=\"Connecting community w\/ resources to discover + explore the best of international children\u2019s cinema\u2014foster film education in schools, homes, public spaces.\" \/>\n<meta property=\"og:url\" content=\"https:\/\/providencechildrensfilmfestival.org\/pt\/filmhub\/\" \/>\n<meta property=\"og:site_name\" content=\"Providence Children&#039;s Film Festival\" \/>\n<meta property=\"article:publisher\" content=\"https:\/\/www.facebook.com\/ProvidenceChildrensFilmFestival\" \/>\n<meta property=\"article:modified_time\" content=\"2016-11-21T20:25:13+00:00\" \/>\n<meta property=\"og:image\" content=\"https:\/\/providencechildrensfilmfestival.org\/wp-content\/uploads\/2016\/11\/Schools-Out-1-150x150.jpg\" \/>\n<meta name=\"twitter:card\" content=\"summary_large_image\" \/>\n<meta name=\"twitter:site\" content=\"@pcffri\" \/>\n<meta name=\"twitter:label1\" content=\"Est. reading time\" \/>\n\t<meta name=\"twitter:data1\" content=\"1 minuto\" \/>\n<script type=\"application\/ld+json\" class=\"yoast-schema-graph\">{\"@context\":\"https:\\\/\\\/schema.org\",\"@graph\":[{\"@type\":\"WebPage\",\"@id\":\"https:\\\/\\\/providencechildrensfilmfestival.org\\\/filmhub\\\/\",\"url\":\"https:\\\/\\\/providencechildrensfilmfestival.org\\\/filmhub\\\/\",\"name\":\"overview - Providence Children&#039;s Film Festival\",\"isPartOf\":{\"@id\":\"https:\\\/\\\/providencechildrensfilmfestival.org\\\/#website\"},\"primaryImageOfPage\":{\"@id\":\"https:\\\/\\\/providencechildrensfilmfestival.org\\\/filmhub\\\/#primaryimage\"},\"image\":{\"@id\":\"https:\\\/\\\/providencechildrensfilmfestival.org\\\/filmhub\\\/#primaryimage\"},\"thumbnailUrl\":\"https:\\\/\\\/providencechildrensfilmfestival.org\\\/wp-content\\\/uploads\\\/2016\\\/09\\\/ActivityReel_1.jpg\",\"datePublished\":\"2015-11-12T14:21:11+00:00\",\"dateModified\":\"2016-11-21T20:25:13+00:00\",\"description\":\"Connecting community w\\\/ resources to discover + explore the best of international children\u2019s cinema\u2014foster film education in schools, homes, public spaces.\",\"breadcrumb\":{\"@id\":\"https:\\\/\\\/providencechildrensfilmfestival.org\\\/filmhub\\\/#breadcrumb\"},\"inLanguage\":\"pt-BR\",\"potentialAction\":[{\"@type\":\"ReadAction\",\"target\":[\"https:\\\/\\\/providencechildrensfilmfestival.org\\\/filmhub\\\/\"]}]},{\"@type\":\"ImageObject\",\"inLanguage\":\"pt-BR\",\"@id\":\"https:\\\/\\\/providencechildrensfilmfestival.org\\\/filmhub\\\/#primaryimage\",\"url\":\"https:\\\/\\\/providencechildrensfilmfestival.org\\\/wp-content\\\/uploads\\\/2016\\\/09\\\/ActivityReel_1.jpg\",\"contentUrl\":\"https:\\\/\\\/providencechildrensfilmfestival.org\\\/wp-content\\\/uploads\\\/2016\\\/09\\\/ActivityReel_1.jpg\"},{\"@type\":\"BreadcrumbList\",\"@id\":\"https:\\\/\\\/providencechildrensfilmfestival.org\\\/filmhub\\\/#breadcrumb\",\"itemListElement\":[{\"@type\":\"ListItem\",\"position\":1,\"name\":\"Home\",\"item\":\"https:\\\/\\\/providencechildrensfilmfestival.org\\\/\"},{\"@type\":\"ListItem\",\"position\":2,\"name\":\"overview\"}]},{\"@type\":\"WebSite\",\"@id\":\"https:\\\/\\\/providencechildrensfilmfestival.org\\\/#website\",\"url\":\"https:\\\/\\\/providencechildrensfilmfestival.org\\\/\",\"name\":\"Providence Children&#039;s Film Festival\",\"description\":\"\",\"potentialAction\":[{\"@type\":\"SearchAction\",\"target\":{\"@type\":\"EntryPoint\",\"urlTemplate\":\"https:\\\/\\\/providencechildrensfilmfestival.org\\\/?s={search_term_string}\"},\"query-input\":{\"@type\":\"PropertyValueSpecification\",\"valueRequired\":true,\"valueName\":\"search_term_string\"}}],\"inLanguage\":\"pt-BR\"}]}<\/script>\n<!-- \/ Yoast SEO plugin. -->","yoast_head_json":{"title":"overview - Providence Children&#039;s Film Festival","description":"Connecting community w\/ resources to discover + explore the best of international children\u2019s cinema\u2014foster film education in schools, homes, public spaces.","robots":{"index":"index","follow":"follow","max-snippet":"max-snippet:-1","max-image-preview":"max-image-preview:large","max-video-preview":"max-video-preview:-1"},"canonical":"https:\/\/providencechildrensfilmfestival.org\/pt\/filmhub\/","og_locale":"pt_BR","og_type":"article","og_title":"overview - Providence Children&#039;s Film Festival","og_description":"Connecting community w\/ resources to discover + explore the best of international children\u2019s cinema\u2014foster film education in schools, homes, public spaces.","og_url":"https:\/\/providencechildrensfilmfestival.org\/pt\/filmhub\/","og_site_name":"Providence Children&#039;s Film Festival","article_publisher":"https:\/\/www.facebook.com\/ProvidenceChildrensFilmFestival","article_modified_time":"2016-11-21T20:25:13+00:00","og_image":[{"url":"https:\/\/providencechildrensfilmfestival.org\/wp-content\/uploads\/2016\/11\/Schools-Out-1-150x150.jpg","type":"","width":"","height":""}],"twitter_card":"summary_large_image","twitter_site":"@pcffri","twitter_misc":{"Est. reading time":"1 minuto"},"schema":{"@context":"https:\/\/schema.org","@graph":[{"@type":"WebPage","@id":"https:\/\/providencechildrensfilmfestival.org\/filmhub\/","url":"https:\/\/providencechildrensfilmfestival.org\/filmhub\/","name":"overview - Providence Children&#039;s Film Festival","isPartOf":{"@id":"https:\/\/providencechildrensfilmfestival.org\/#website"},"primaryImageOfPage":{"@id":"https:\/\/providencechildrensfilmfestival.org\/filmhub\/#primaryimage"},"image":{"@id":"https:\/\/providencechildrensfilmfestival.org\/filmhub\/#primaryimage"},"thumbnailUrl":"https:\/\/providencechildrensfilmfestival.org\/wp-content\/uploads\/2016\/09\/ActivityReel_1.jpg","datePublished":"2015-11-12T14:21:11+00:00","dateModified":"2016-11-21T20:25:13+00:00","description":"Connecting community w\/ resources to discover + explore the best of international children\u2019s cinema\u2014foster film education in schools, homes, public spaces.","breadcrumb":{"@id":"https:\/\/providencechildrensfilmfestival.org\/filmhub\/#breadcrumb"},"inLanguage":"pt-BR","potentialAction":[{"@type":"ReadAction","target":["https:\/\/providencechildrensfilmfestival.org\/filmhub\/"]}]},{"@type":"ImageObject","inLanguage":"pt-BR","@id":"https:\/\/providencechildrensfilmfestival.org\/filmhub\/#primaryimage","url":"https:\/\/providencechildrensfilmfestival.org\/wp-content\/uploads\/2016\/09\/ActivityReel_1.jpg","contentUrl":"https:\/\/providencechildrensfilmfestival.org\/wp-content\/uploads\/2016\/09\/ActivityReel_1.jpg"},{"@type":"BreadcrumbList","@id":"https:\/\/providencechildrensfilmfestival.org\/filmhub\/#breadcrumb","itemListElement":[{"@type":"ListItem","position":1,"name":"Home","item":"https:\/\/providencechildrensfilmfestival.org\/"},{"@type":"ListItem","position":2,"name":"overview"}]},{"@type":"WebSite","@id":"https:\/\/providencechildrensfilmfestival.org\/#website","url":"https:\/\/providencechildrensfilmfestival.org\/","name":"Providence Children&#039;s Film Festival","description":"","potentialAction":[{"@type":"SearchAction","target":{"@type":"EntryPoint","urlTemplate":"https:\/\/providencechildrensfilmfestival.org\/?s={search_term_string}"},"query-input":{"@type":"PropertyValueSpecification","valueRequired":true,"valueName":"search_term_string"}}],"inLanguage":"pt-BR"}]}},"ticketed":false,"_links":{"self":[{"href":"https:\/\/providencechildrensfilmfestival.org\/pt\/wp-json\/wp\/v2\/pages\/2641","targetHints":{"allow":["GET"]}}],"collection":[{"href":"https:\/\/providencechildrensfilmfestival.org\/pt\/wp-json\/wp\/v2\/pages"}],"about":[{"href":"https:\/\/providencechildrensfilmfestival.org\/pt\/wp-json\/wp\/v2\/types\/page"}],"author":[{"embeddable":true,"href":"https:\/\/providencechildrensfilmfestival.org\/pt\/wp-json\/wp\/v2\/users\/2"}],"replies":[{"embeddable":true,"href":"https:\/\/providencechildrensfilmfestival.org\/pt\/wp-json\/wp\/v2\/comments?post=2641"}],"version-history":[{"count":0,"href":"https:\/\/providencechildrensfilmfestival.org\/pt\/wp-json\/wp\/v2\/pages\/2641\/revisions"}],"wp:attachment":[{"href":"https:\/\/providencechildrensfilmfestival.org\/pt\/wp-json\/wp\/v2\/media?parent=2641"}],"curies":[{"name":"wp","href":"https:\/\/api.w.org\/{rel}","templated":true}]}}