{"id":2530,"date":"2015-10-19T18:32:18","date_gmt":"2015-10-19T18:32:18","guid":{"rendered":"https:\/\/pcffri.local\/?page_id=2530"},"modified":"2018-12-04T02:17:49","modified_gmt":"2018-12-04T02:17:49","slug":"pcff-film-guides","status":"publish","type":"page","link":"https:\/\/providencechildrensfilmfestival.org\/pt\/filmhub\/pcff-film-guides\/","title":{"rendered":"guias de filmes"},"content":{"rendered":"<p>Aprimore a experi\u00eancia de assistir a um filme com guias de filmes! Nossos guias s\u00e3o adequados para uso em salas de aula, espa\u00e7os comunit\u00e1rios ou casas de fam\u00edlias. Leve em considera\u00e7\u00e3o o ambiente, a idade do p\u00fablico, os temas, o tipo de filme (a\u00e7\u00e3o ao vivo, anima\u00e7\u00e3o, document\u00e1rio etc.), o idioma (apropriado para a idade, dublado ou legendado etc.) e as restri\u00e7\u00f5es de tempo para decidir quais prompts e atividades ser\u00e3o usados.<br \/>\n<strong><br \/>\nOs guias de filmes do PCFF incluem:<br \/>\n<\/strong><\/p>\n<p style=\"padding-left: 30px;\"><span style=\"color: #ff6319;\">Vis\u00e3o geral do filme:\u00a0<\/span><em>sinopse, temas, tempo de dura\u00e7\u00e3o, pa\u00eds, idioma, idades recomendadas<\/em><br \/>\n<span style=\"color: #ff6319;\">Preparar o palco:\u00a0<\/span><em>iniciadores de pensamento (informa\u00e7\u00f5es b\u00e1sicas e palavras para conhecer)<br \/>\n<\/em><span style=\"color: #ff6319;\">pistas + pistas: <\/span><em>sugest\u00f5es para prestar aten\u00e7\u00e3o enquanto estiver assistindo<\/em><br \/>\n<span style=\"color: #ff6319;\">falar sobre isso:<\/span><strong>\u00a0<\/strong><em>perguntas para discuss\u00e3o<\/em><br \/>\n<span style=\"color: #ff6319;\">Seja criativo:<\/span><strong>\u00a0<\/strong><em>atividades de extens\u00e3o (sugest\u00f5es de reda\u00e7\u00e3o, pr\u00e1ticas, relacionadas a filmes)<br \/>\n<\/em><span style=\"color: #ff6319;\">fazer conex\u00f5es:\u00a0<\/span><em>recursos adicionais (livros, filmes, conex\u00f5es locais)<br \/>\n<\/em><span style=\"color: #ff6319;\">al\u00e9m do filme:\u00a0<\/span><em>links de internet relacionados<\/em><\/p>\n<p><strong>&#8211; &#8211; &#8211; &#8211; &#8211; &#8211; &#8211; &#8211; &#8211; &#8211; &#8211; &#8211; &#8211; &#8211; &#8211; &#8211; &#8211; &#8211; &#8211; &#8211; &#8211; &#8211; &#8211; &#8211; &#8211; &#8211; &#8211; &#8211; &#8211; &#8211;\u00a0<\/strong><\/p>\n<p><strong>-<span style=\"color: #ff6600;\">\u00a0 \u00a0GUIA GERAL DE FILMES<\/span>\u00a0<\/strong><em>(Pode ser usado com qualquer filme!)\u00a0<a href=\"https:\/\/providencechildrensfilmfestival.org\/wp-content\/uploads\/2016\/09\/FilmHubGuide_General-FNL.pdf\" target=\"_blank\" rel=\"noopener\">Clique para fazer o download do PDF<\/a><\/em><\/p>\n<p><strong>-<span style=\"color: #ff6600;\">\u00a0 \u00a0GUIA PARA ASSISTIR A FILMES EM FAM\u00cdLIA<\/span><\/strong> <em>(Pode ser usado com qualquer filme!)\u00a0<a href=\"https:\/\/providencechildrensfilmfestival.org\/wp-content\/uploads\/2016\/09\/FilmHub_FamilyMovieWatch-oneside-1.pdf\" target=\"_blank\" rel=\"noopener\">Clique para fazer o download do PDF<\/a><\/em><\/p>\n<p style=\"padding-left: 30px;\"><strong>FILMES DE FESTIVAIS ANTERIORES COM GUIAS<\/strong><\/p>\n<ul>\n<li><a href=\"https:\/\/providencechildrensfilmfestival.org\/pt\/films\/blanka\/\">Blanka<\/a><\/li>\n<li><a class=\"image-anchor\" href=\"https:\/\/providencechildrensfilmfestival.org\/pt\/films\/brothers-wind-wie-bruder-im-wind\/\" target=\"_blank\" rel=\"noopener\">Irm\u00e3os do Vento<\/a><\/li>\n<li><a href=\"https:\/\/providencechildrensfilmfestival.org\/pt\/films\/fannys-journey-le-voyage-de-fanny\/\">A jornada de Fanny<\/a><\/li>\n<li><a href=\"https:\/\/providencechildrensfilmfestival.org\/pt\/films\/gus-outdoors-now-double-feature\/\" target=\"_blank\" rel=\"noopener\">Gus Outdoors: Filme Duplo: Antes e Agora<\/a><\/li>\n<li><a href=\"https:\/\/providencechildrensfilmfestival.org\/pt\/films\/kayayo\/\" target=\"_blank\" rel=\"noopener\">Kayayo<\/a><\/li>\n<li><strong>A Mesa<\/strong> <a href=\"https:\/\/providencechildrensfilmfestival.org\/pt\/films\/le-tableau\/\" target=\"_blank\" rel=\"noopener\">Detalhes do filme<\/a>\u00a0|\u00a0<a href=\"https:\/\/providencechildrensfilmfestival.org\/wp-content\/uploads\/2016\/09\/FilmHubGuide_LeTableau_FNL.pdf\">Guia de filmes<\/a><\/li>\n<li><strong>Mais alto que uma bomba<\/strong> <a href=\"https:\/\/providencechildrensfilmfestival.org\/pt\/films\/louder-bomb\/\" target=\"_blank\" rel=\"noopener\">Detalhes do filme<\/a>\u00a0|\u00a0<a href=\"https:\/\/providencechildrensfilmfestival.org\/wp-content\/uploads\/2015\/10\/FilmHubGuide_LouderthanaBomb_FNL.pdf\" target=\"_blank\" rel=\"noopener\">Guia de filmes<\/a><\/li>\n<li><strong>Tempos modernos<\/strong> <a href=\"https:\/\/providencechildrensfilmfestival.org\/pt\/films\/modern-times\/\" target=\"_blank\" rel=\"noopener\">Detalhes do filme<\/a>\u00a0|\u00a0<a href=\"https:\/\/providencechildrensfilmfestival.org\/wp-content\/uploads\/2016\/09\/FilmHubGuide_ModernTimes_FNL.pdf\" target=\"_blank\" rel=\"noopener\">Guia de filmes<\/a><\/li>\n<li><a href=\"https:\/\/providencechildrensfilmfestival.org\/pt\/films\/life-zucchini-ma-vie-de-courgette\/\" target=\"_blank\" rel=\"noopener\">Minha vida como abobrinha<\/a>\u00a0(Ma vie de Courgette)<\/li>\n<li><strong>Meu Vizinho Totoro<\/strong> <a href=\"https:\/\/providencechildrensfilmfestival.org\/pt\/films\/neighbor-totoro\/\" target=\"_blank\" rel=\"noopener\">Detalhes do filme<\/a>\u00a0|\u00a0<a href=\"https:\/\/providencechildrensfilmfestival.org\/wp-content\/uploads\/2016\/09\/FilmHubGuide_MyNeighborTotoro_FNL.pdf\">Guia de filmes<\/a><\/li>\n<li><a href=\"https:\/\/providencechildrensfilmfestival.org\/pt\/films\/rainbow-day-camp\/\">Acampamento diurno Rainbow<\/a><\/li>\n<li><strong>ReGenera\u00e7\u00e3o<\/strong> <a href=\"https:\/\/providencechildrensfilmfestival.org\/pt\/films\/regeneration\/\" target=\"_blank\" rel=\"noopener\">Detalhes do filme<\/a>\u00a0|\u00a0<a href=\"https:\/\/providencechildrensfilmfestival.org\/wp-content\/uploads\/2016\/09\/FilmHubGuide_ReGeneration_FNL.pdf\" target=\"_blank\" rel=\"noopener\">Guia de filmes<\/a><\/li>\n<li><strong>Salaam Dunk<\/strong> <a href=\"https:\/\/providencechildrensfilmfestival.org\/pt\/films\/salaam-dunk\/\" target=\"_blank\" rel=\"noopener\">Detalhes do filme<\/a>\u00a0|\u00a0<a href=\"https:\/\/providencechildrensfilmfestival.org\/wp-content\/uploads\/2016\/09\/FilmHubGuide_SalaamDunk_FNL.pdf\" target=\"_blank\" rel=\"noopener\">Guia de filmes<\/a><\/li>\n<li><a href=\"https:\/\/providencechildrensfilmfestival.org\/pt\/films\/sonita\/\">Sonita<\/a><\/li>\n<li><strong>Contos da noite<\/strong> <a href=\"https:\/\/providencechildrensfilmfestival.org\/pt\/films\/tales-night\/\" target=\"_blank\" rel=\"noopener\">Detalhes do filme<\/a>\u00a0|\u00a0<a href=\"https:\/\/providencechildrensfilmfestival.org\/wp-content\/uploads\/2016\/09\/FilmHubGuide_TalesoftheNight_FNL.pdf\" target=\"_blank\" rel=\"noopener\">Guia de filmes<\/a><\/li>\n<li><a href=\"https:\/\/providencechildrensfilmfestival.org\/pt\/films\/two-worlds-dwa-swiaty\/\">Dois mundos<\/a><\/li>\n<li><strong>Wadjda<\/strong> <a href=\"https:\/\/providencechildrensfilmfestival.org\/pt\/films\/wadjda\/\" target=\"_blank\" rel=\"noopener\">Detalhes do filme<\/a>\u00a0|\u00a0<a href=\"https:\/\/providencechildrensfilmfestival.org\/wp-content\/uploads\/2016\/09\/FilmHubGuide_Wadjda_FNL.pdf\" target=\"_blank\" rel=\"noopener\">Guia de filmes<\/a><\/li>\n<li><strong>Wunderkinder<\/strong>\u00a0<a href=\"https:\/\/providencechildrensfilmfestival.org\/pt\/films\/wunderkinder\/\" target=\"_blank\" rel=\"noopener\">Detalhes do filme<\/a>\u00a0|\u00a0<a href=\"https:\/\/providencechildrensfilmfestival.org\/wp-content\/uploads\/2016\/09\/FilmHubGuide_Wunderkinder_FNL.pdf\">Guia de filmes<\/a><\/li>\n<\/ul>\n<p style=\"padding-left: 30px;\"><strong>CURTAS-METRAGENS DE FESTIVAIS ANTERIORES COM GUIAS<\/strong><\/p>\n<ul>\n<li><strong>AZZA\u00a0 <\/strong><a href=\"https:\/\/providencechildrensfilmfestival.org\/pt\/films\/2014-pcff-shorts-collections-middle-high-school-edition\/\" target=\"_blank\" rel=\"noopener\">Detalhes do filme<\/a>\u00a0|\u00a0<a href=\"https:\/\/providencechildrensfilmfestival.org\/wp-content\/uploads\/2016\/09\/FilmHubGuide_AZZA_FNL.pdf\">Guia de filmes<\/a><\/li>\n<li><strong>Hist\u00f3ria de um urso<\/strong> <a href=\"https:\/\/providencechildrensfilmfestival.org\/pt\/films\/try-umph-pcff-shorts-collection\/\" target=\"_blank\" rel=\"noopener\">Detalhes do filme<\/a>\u00a0|\u00a0<a href=\"https:\/\/providencechildrensfilmfestival.org\/wp-content\/uploads\/2016\/09\/FilmHubGuide_BearStory_FNL.pdf\">Guia de filmes<\/a><\/li>\n<li><strong>Garrafa<\/strong> <a href=\"https:\/\/providencechildrensfilmfestival.org\/pt\/films\/2015-pcff-shorts-collection-kindergarten\/\" target=\"_blank\" rel=\"noopener\">Detalhes do filme<\/a>\u00a0|\u00a0<a href=\"https:\/\/providencechildrensfilmfestival.org\/wp-content\/uploads\/2016\/09\/FilmHubGuide_Bottle_FNL.pdf\">Guia de filmes<\/a><\/li>\n<li><strong>Vov\u00f4 e eu e um helic\u00f3ptero para o c\u00e9u\u00a0<\/strong>Detalhes do filme\u00a0<a href=\"https:\/\/providencechildrensfilmfestival.org\/wp-content\/uploads\/2016\/09\/FilmHubGuide_Grandpa-and-Me_FNL.pdf\">Guia de filmes<\/a><\/li>\n<li><strong>Apenas respire<\/strong> <a href=\"https:\/\/providencechildrensfilmfestival.org\/pt\/films\/2015-pcff-shorts-collection-elementary-school-vol-2\/\" target=\"_blank\" rel=\"noopener\">Detalhes do filme<\/a>\u00a0|\u00a0<a href=\"https:\/\/providencechildrensfilmfestival.org\/wp-content\/uploads\/2016\/09\/FilmHubGuide_JustBreathe_FNL.pdf\">Guia de filmes<\/a><\/li>\n<li><strong>Vida na linha<\/strong> <a href=\"https:\/\/providencechildrensfilmfestival.org\/pt\/films\/2015-pcff-shorts-collection-middlehigh-school-vol-1\/\" target=\"_blank\" rel=\"noopener\">Detalhes do filme<\/a>\u00a0|\u00a0<a href=\"https:\/\/providencechildrensfilmfestival.org\/wp-content\/uploads\/2016\/09\/FilmHubGuide_Life-on-the-Line_FNL.pdf\" target=\"_blank\" rel=\"noopener\">Guia de filmes<\/a><\/li>\n<li><strong>O Guardi\u00e3o da Represa<\/strong> <a href=\"https:\/\/providencechildrensfilmfestival.org\/pt\/films\/party-mix-best-2014-new-york-intl-childrens-film-fest\/\" target=\"_blank\" rel=\"noopener\">Detalhes do filme<\/a>\u00a0|\u00a0<a href=\"https:\/\/providencechildrensfilmfestival.org\/wp-content\/uploads\/2016\/09\/FilmHubGuide_TheDamKeeper_FNL.pdf\" target=\"_blank\" rel=\"noopener\">Guia de filmes<\/a><\/li>\n<li><strong>Os fant\u00e1sticos livros voadores de Morris Lessmore<\/strong> <a href=\"https:\/\/providencechildrensfilmfestival.org\/pt\/films\/cinema-circus-best-2013-martha-vineyards-film-fest\/\" target=\"_blank\" rel=\"noopener\">Detalhes do filme<\/a>\u00a0|\u00a0<a href=\"https:\/\/providencechildrensfilmfestival.org\/wp-content\/uploads\/2016\/09\/FilmHubGuide_FantasticFlyingBooks_FNL.pdf\" target=\"_blank\" rel=\"noopener\">Guia de filmes<\/a><\/li>\n<li><strong>A coisa perdida<\/strong> Detalhes do filme\u00a0<a href=\"https:\/\/providencechildrensfilmfestival.org\/wp-content\/uploads\/2016\/09\/FilmHubGuide_TheLostThing_FNL.pdf\" target=\"_blank\" rel=\"noopener\">Guia de filmes<\/a><\/li>\n<li><strong>Atrav\u00e9s dos ouvidos da Ellen<\/strong> <a href=\"https:\/\/providencechildrensfilmfestival.org\/pt\/films\/hear\/\" target=\"_blank\" rel=\"noopener\">Detalhes do filme<\/a>\u00a0|\u00a0<a href=\"https:\/\/providencechildrensfilmfestival.org\/wp-content\/uploads\/2016\/09\/FilmHubGuide_ThroughEllensEars_FNL.pdf\" target=\"_blank\" rel=\"noopener\">Guia de filmes<\/a><\/li>\n<li><strong>Assustado \u00e9 assustado<\/strong> <a href=\"https:\/\/providencechildrensfilmfestival.org\/pt\/films\/2014-pcff-shorts-collection-kindergarten-edition\/\" target=\"_blank\" rel=\"noopener\">Detalhes do filme<\/a>\u00a0|\u00a0<a href=\"https:\/\/providencechildrensfilmfestival.org\/wp-content\/uploads\/2016\/09\/FilmHubGuide_ScaredisScared_FNL.pdf\" target=\"_blank\" rel=\"noopener\">Guia de filmes<\/a><\/li>\n<li><strong>Escolas fora da escola: Li\u00e7\u00f5es de um jardim de inf\u00e2ncia na floresta<\/strong> <a href=\"https:\/\/providencechildrensfilmfestival.org\/pt\/films\/schools-lessons-forest-kindergarten\/\" target=\"_blank\" rel=\"noopener\">Detalhes do filme<\/a>\u00a0|\u00a0<a href=\"https:\/\/providencechildrensfilmfestival.org\/wp-content\/uploads\/2015\/10\/FilmHubGuide_SchoolsOut_FNL.pdf\">Guia de filmes<\/a><\/li>\n<li><strong>Supers\u00f4nico<\/strong> <a href=\"https:\/\/providencechildrensfilmfestival.org\/pt\/films\/superheroes-villains-pcff-shorts-collection\/\" target=\"_blank\" rel=\"noopener\">Detalhes do filme<\/a>\u00a0|\u00a0<a href=\"https:\/\/providencechildrensfilmfestival.org\/wp-content\/uploads\/2016\/09\/FilmHubGuide_Supersonic_FNL.pdf\" target=\"_blank\" rel=\"noopener\">Guia de filmes<\/a><\/li>\n<\/ul>\n<p>&nbsp;<\/p>\n<p><strong>\u00a0<\/strong><\/p>\n<p><strong>\u00a0<\/strong><\/p>","protected":false},"excerpt":{"rendered":"<p>Enhance the film viewing experience with film guides! Our guides are suitable for use in classrooms, community spaces or families\u2019 homes. Consider your setting, age of audience, themes,\u00a0film type (live [&hellip;]<\/p>\n","protected":false},"author":2,"featured_media":0,"parent":2641,"menu_order":0,"comment_status":"closed","ping_status":"closed","template":"template-film-hub.php","meta":{"_acf_changed":false,"_monsterinsights_skip_tracking":false,"_monsterinsights_sitenote_active":false,"_monsterinsights_sitenote_note":"","_monsterinsights_sitenote_category":0,"_price":"","_stock":"","_tribe_ticket_header":"","_tribe_default_ticket_provider":"","_tribe_ticket_capacity":"0","_ticket_start_date":"","_ticket_end_date":"","_tribe_ticket_show_description":"","_tribe_ticket_show_not_going":false,"_tribe_ticket_use_global_stock":"","_tribe_ticket_global_stock_level":"","_global_stock_mode":"","_global_stock_cap":"","_tribe_rsvp_for_event":"","_tribe_ticket_going_count":"","_tribe_ticket_not_going_count":"","_tribe_tickets_list":"[]","_tribe_ticket_has_attendee_info_fields":false,"footnotes":"","_tec_slr_enabled":"","_tec_slr_layout":""},"class_list":["post-2530","page","type-page","status-publish","hentry"],"acf":[],"yoast_head":"<!-- This site is optimized with the Yoast SEO plugin v27.3 - https:\/\/yoast.com\/product\/yoast-seo-wordpress\/ -->\n<title>film guides - Providence Children&#039;s Film Festival<\/title>\n<meta name=\"robots\" content=\"index, follow, max-snippet:-1, max-image-preview:large, max-video-preview:-1\" \/>\n<link rel=\"canonical\" href=\"https:\/\/providencechildrensfilmfestival.org\/pt\/filmhub\/pcff-film-guides\/\" \/>\n<meta property=\"og:locale\" content=\"pt_BR\" \/>\n<meta property=\"og:type\" content=\"article\" \/>\n<meta property=\"og:title\" content=\"film guides - Providence Children&#039;s Film Festival\" \/>\n<meta property=\"og:description\" content=\"Enhance the film viewing experience with film guides! Our guides are suitable for use in classrooms, community spaces or families\u2019 homes. Consider your setting, age of audience, themes,\u00a0film type (live [&hellip;]\" \/>\n<meta property=\"og:url\" content=\"https:\/\/providencechildrensfilmfestival.org\/pt\/filmhub\/pcff-film-guides\/\" \/>\n<meta property=\"og:site_name\" content=\"Providence Children&#039;s Film Festival\" \/>\n<meta property=\"article:publisher\" content=\"https:\/\/www.facebook.com\/ProvidenceChildrensFilmFestival\" \/>\n<meta property=\"article:modified_time\" content=\"2018-12-04T02:17:49+00:00\" \/>\n<meta property=\"og:image\" content=\"https:\/\/providencechildrensfilmfestival.org\/wp-content\/uploads\/2014\/08\/PCFF_LogoHome2.png\" \/>\n\t<meta property=\"og:image:width\" content=\"434\" \/>\n\t<meta property=\"og:image:height\" content=\"229\" \/>\n\t<meta property=\"og:image:type\" content=\"image\/png\" \/>\n<meta name=\"twitter:card\" content=\"summary_large_image\" \/>\n<meta name=\"twitter:site\" content=\"@pcffri\" \/>\n<meta name=\"twitter:label1\" content=\"Est. reading time\" \/>\n\t<meta name=\"twitter:data1\" content=\"2 minutos\" \/>\n<script type=\"application\/ld+json\" class=\"yoast-schema-graph\">{\"@context\":\"https:\\\/\\\/schema.org\",\"@graph\":[{\"@type\":\"WebPage\",\"@id\":\"https:\\\/\\\/providencechildrensfilmfestival.org\\\/filmhub\\\/pcff-film-guides\\\/\",\"url\":\"https:\\\/\\\/providencechildrensfilmfestival.org\\\/filmhub\\\/pcff-film-guides\\\/\",\"name\":\"film guides - Providence Children&#039;s Film Festival\",\"isPartOf\":{\"@id\":\"https:\\\/\\\/providencechildrensfilmfestival.org\\\/#website\"},\"datePublished\":\"2015-10-19T18:32:18+00:00\",\"dateModified\":\"2018-12-04T02:17:49+00:00\",\"breadcrumb\":{\"@id\":\"https:\\\/\\\/providencechildrensfilmfestival.org\\\/filmhub\\\/pcff-film-guides\\\/#breadcrumb\"},\"inLanguage\":\"pt-BR\",\"potentialAction\":[{\"@type\":\"ReadAction\",\"target\":[\"https:\\\/\\\/providencechildrensfilmfestival.org\\\/filmhub\\\/pcff-film-guides\\\/\"]}]},{\"@type\":\"BreadcrumbList\",\"@id\":\"https:\\\/\\\/providencechildrensfilmfestival.org\\\/filmhub\\\/pcff-film-guides\\\/#breadcrumb\",\"itemListElement\":[{\"@type\":\"ListItem\",\"position\":1,\"name\":\"Home\",\"item\":\"https:\\\/\\\/providencechildrensfilmfestival.org\\\/\"},{\"@type\":\"ListItem\",\"position\":2,\"name\":\"overview\",\"item\":\"https:\\\/\\\/providencechildrensfilmfestival.org\\\/filmhub\\\/\"},{\"@type\":\"ListItem\",\"position\":3,\"name\":\"film guides\"}]},{\"@type\":\"WebSite\",\"@id\":\"https:\\\/\\\/providencechildrensfilmfestival.org\\\/#website\",\"url\":\"https:\\\/\\\/providencechildrensfilmfestival.org\\\/\",\"name\":\"Providence Children&#039;s Film Festival\",\"description\":\"\",\"potentialAction\":[{\"@type\":\"SearchAction\",\"target\":{\"@type\":\"EntryPoint\",\"urlTemplate\":\"https:\\\/\\\/providencechildrensfilmfestival.org\\\/?s={search_term_string}\"},\"query-input\":{\"@type\":\"PropertyValueSpecification\",\"valueRequired\":true,\"valueName\":\"search_term_string\"}}],\"inLanguage\":\"pt-BR\"}]}<\/script>\n<!-- \/ Yoast SEO plugin. -->","yoast_head_json":{"title":"film guides - Providence Children&#039;s Film Festival","robots":{"index":"index","follow":"follow","max-snippet":"max-snippet:-1","max-image-preview":"max-image-preview:large","max-video-preview":"max-video-preview:-1"},"canonical":"https:\/\/providencechildrensfilmfestival.org\/pt\/filmhub\/pcff-film-guides\/","og_locale":"pt_BR","og_type":"article","og_title":"film guides - Providence Children&#039;s Film Festival","og_description":"Enhance the film viewing experience with film guides! Our guides are suitable for use in classrooms, community spaces or families\u2019 homes. Consider your setting, age of audience, themes,\u00a0film type (live [&hellip;]","og_url":"https:\/\/providencechildrensfilmfestival.org\/pt\/filmhub\/pcff-film-guides\/","og_site_name":"Providence Children&#039;s Film Festival","article_publisher":"https:\/\/www.facebook.com\/ProvidenceChildrensFilmFestival","article_modified_time":"2018-12-04T02:17:49+00:00","og_image":[{"width":434,"height":229,"url":"https:\/\/providencechildrensfilmfestival.org\/wp-content\/uploads\/2014\/08\/PCFF_LogoHome2.png","type":"image\/png"}],"twitter_card":"summary_large_image","twitter_site":"@pcffri","twitter_misc":{"Est. reading time":"2 minutos"},"schema":{"@context":"https:\/\/schema.org","@graph":[{"@type":"WebPage","@id":"https:\/\/providencechildrensfilmfestival.org\/filmhub\/pcff-film-guides\/","url":"https:\/\/providencechildrensfilmfestival.org\/filmhub\/pcff-film-guides\/","name":"film guides - Providence Children&#039;s Film Festival","isPartOf":{"@id":"https:\/\/providencechildrensfilmfestival.org\/#website"},"datePublished":"2015-10-19T18:32:18+00:00","dateModified":"2018-12-04T02:17:49+00:00","breadcrumb":{"@id":"https:\/\/providencechildrensfilmfestival.org\/filmhub\/pcff-film-guides\/#breadcrumb"},"inLanguage":"pt-BR","potentialAction":[{"@type":"ReadAction","target":["https:\/\/providencechildrensfilmfestival.org\/filmhub\/pcff-film-guides\/"]}]},{"@type":"BreadcrumbList","@id":"https:\/\/providencechildrensfilmfestival.org\/filmhub\/pcff-film-guides\/#breadcrumb","itemListElement":[{"@type":"ListItem","position":1,"name":"Home","item":"https:\/\/providencechildrensfilmfestival.org\/"},{"@type":"ListItem","position":2,"name":"overview","item":"https:\/\/providencechildrensfilmfestival.org\/filmhub\/"},{"@type":"ListItem","position":3,"name":"film guides"}]},{"@type":"WebSite","@id":"https:\/\/providencechildrensfilmfestival.org\/#website","url":"https:\/\/providencechildrensfilmfestival.org\/","name":"Providence Children&#039;s Film Festival","description":"","potentialAction":[{"@type":"SearchAction","target":{"@type":"EntryPoint","urlTemplate":"https:\/\/providencechildrensfilmfestival.org\/?s={search_term_string}"},"query-input":{"@type":"PropertyValueSpecification","valueRequired":true,"valueName":"search_term_string"}}],"inLanguage":"pt-BR"}]}},"ticketed":false,"_links":{"self":[{"href":"https:\/\/providencechildrensfilmfestival.org\/pt\/wp-json\/wp\/v2\/pages\/2530","targetHints":{"allow":["GET"]}}],"collection":[{"href":"https:\/\/providencechildrensfilmfestival.org\/pt\/wp-json\/wp\/v2\/pages"}],"about":[{"href":"https:\/\/providencechildrensfilmfestival.org\/pt\/wp-json\/wp\/v2\/types\/page"}],"author":[{"embeddable":true,"href":"https:\/\/providencechildrensfilmfestival.org\/pt\/wp-json\/wp\/v2\/users\/2"}],"replies":[{"embeddable":true,"href":"https:\/\/providencechildrensfilmfestival.org\/pt\/wp-json\/wp\/v2\/comments?post=2530"}],"version-history":[{"count":0,"href":"https:\/\/providencechildrensfilmfestival.org\/pt\/wp-json\/wp\/v2\/pages\/2530\/revisions"}],"up":[{"embeddable":true,"href":"https:\/\/providencechildrensfilmfestival.org\/pt\/wp-json\/wp\/v2\/pages\/2641"}],"wp:attachment":[{"href":"https:\/\/providencechildrensfilmfestival.org\/pt\/wp-json\/wp\/v2\/media?parent=2530"}],"curies":[{"name":"wp","href":"https:\/\/api.w.org\/{rel}","templated":true}]}}