{"id":209,"date":"2014-08-07T12:46:35","date_gmt":"2014-08-07T12:46:35","guid":{"rendered":"https:\/\/pcffri.local\/?page_id=209"},"modified":"2025-11-26T16:15:54","modified_gmt":"2025-11-26T16:15:54","slug":"corporate-sponsorships-contributions","status":"publish","type":"page","link":"https:\/\/providencechildrensfilmfestival.org\/pt\/corporate-sponsorships-contributions\/","title":{"rendered":"Corporate Sponsorships + Contributions"},"content":{"rendered":"<p>&nbsp;<\/p>\n<p>O PCFF \u00e9 uma organiza\u00e7\u00e3o cultural e art\u00edstica sem fins lucrativos que conta com a generosidade de empresas, parceiros, funda\u00e7\u00f5es e indiv\u00edduos que compartilham nossa vis\u00e3o de que o cinema \u00e9 uma ferramenta poderosa para inspirar mentes jovens. Seu apoio \u00e9 fundamental para ajudar a realizar nosso festival anual e oferecer programa\u00e7\u00e3o durante todo o ano e oportunidades educacionais ampliadas para crian\u00e7as, jovens e fam\u00edlias, tudo GRATUITO\/PAGUE O QUE PUDER.<\/p>\n<p><strong>Ajude a PCFF a inspirar, encantar, educar e conectar!<\/strong><\/p>\n<p>&nbsp;<\/p>\n<p><img loading=\"lazy\" decoding=\"async\" class=\"wp-image-8126 alignleft\" src=\"https:\/\/providencechildrensfilmfestival.org\/wp-content\/uploads\/2025\/11\/Impact-Graphic-2025-231x300.png\" alt=\"\" width=\"472\" height=\"613\" srcset=\"https:\/\/providencechildrensfilmfestival.org\/wp-content\/uploads\/2025\/11\/Impact-Graphic-2025-231x300.png 231w, https:\/\/providencechildrensfilmfestival.org\/wp-content\/uploads\/2025\/11\/Impact-Graphic-2025-789x1024.png 789w, https:\/\/providencechildrensfilmfestival.org\/wp-content\/uploads\/2025\/11\/Impact-Graphic-2025-768x996.png 768w, https:\/\/providencechildrensfilmfestival.org\/wp-content\/uploads\/2025\/11\/Impact-Graphic-2025-9x12.png 9w, https:\/\/providencechildrensfilmfestival.org\/wp-content\/uploads\/2025\/11\/Impact-Graphic-2025-560x727.png 560w, https:\/\/providencechildrensfilmfestival.org\/wp-content\/uploads\/2025\/11\/Impact-Graphic-2025-260x337.png 260w, https:\/\/providencechildrensfilmfestival.org\/wp-content\/uploads\/2025\/11\/Impact-Graphic-2025-160x208.png 160w, https:\/\/providencechildrensfilmfestival.org\/wp-content\/uploads\/2025\/11\/Impact-Graphic-2025.png 1076w\" sizes=\"auto, (max-width: 472px) 100vw, 472px\" \/><\/p>\n<h1>SPONSOR THE 2026 SEASON<\/h1>\n<p>Os patrocinadores corporativos desfrutam de muitas vantagens em agradecimento ao seu apoio ao festival, que incluem logotipos em nosso site, publica\u00e7\u00f5es em m\u00eddias sociais, reconhecimento verbal e na tela nas exibi\u00e7\u00f5es de filmes durante todo o ano! Al\u00e9m de ingressos para a noite de abertura e muitos brindes fabulosos!<\/p>\n<h2><strong>Directing $5,000<\/strong><\/h2>\n<ul>\n<li>Premium logo placement<\/li>\n<li>Dedicated Social posts<\/li>\n<li>Private outdoor company film screening!<\/li>\n<li>Tickets and more!<\/li>\n<\/ul>\n<h2>Producing $2,500+<\/h2>\n<ul>\n<li>Significant logo placement<\/li>\n<li>Dedicated Social post<\/li>\n<li>Tickets and more!<\/li>\n<\/ul>\n<h2>Spotlight $1,000+<\/h2>\n<ul>\n<li>Prominent logo placement<\/li>\n<li>Several shared Social posts<\/li>\n<li>Tickets and more!<\/li>\n<\/ul>\n<p>&nbsp;<\/p>\n<h2><strong>&lt;&lt;&lt; Check out this impact!<\/strong><\/h2>\n<h2><b>Email us to discuss! <a href=\"mailto:cristin@providencechildrensfilmfestival.org\">cristin@providencechildrensfilmfestival.org<\/a><\/b><\/h2>\n<p>&nbsp;<\/p>\n<p>&nbsp;<\/p>\n<h1><\/h1>\n<h1>WAYS to CONTRIBUTE<\/h1>\n<p><b>By Check:<\/b><\/p>\n<p>Providence Children's Film Festival (Festival de Cinema Infantil de Providence)<br \/>\nCaixa postal 6724<br \/>\nProvidence, RI 02940<\/p>\n<p>EIN: 27-0917644<\/p>\n<p><a href=\"https:\/\/providencechildren.thundertix.com\/campaigns\/3288\"><img loading=\"lazy\" decoding=\"async\" class=\"alignnone wp-image-8127 size-medium\" src=\"https:\/\/providencechildrensfilmfestival.org\/wp-content\/uploads\/2025\/11\/Screenshot-2025-11-26-at-11.03.44-AM-300x114.png\" alt=\"\" width=\"300\" height=\"114\" srcset=\"https:\/\/providencechildrensfilmfestival.org\/wp-content\/uploads\/2025\/11\/Screenshot-2025-11-26-at-11.03.44-AM-300x114.png 300w, https:\/\/providencechildrensfilmfestival.org\/wp-content\/uploads\/2025\/11\/Screenshot-2025-11-26-at-11.03.44-AM-768x291.png 768w, https:\/\/providencechildrensfilmfestival.org\/wp-content\/uploads\/2025\/11\/Screenshot-2025-11-26-at-11.03.44-AM-18x7.png 18w, https:\/\/providencechildrensfilmfestival.org\/wp-content\/uploads\/2025\/11\/Screenshot-2025-11-26-at-11.03.44-AM-560x212.png 560w, https:\/\/providencechildrensfilmfestival.org\/wp-content\/uploads\/2025\/11\/Screenshot-2025-11-26-at-11.03.44-AM-260x98.png 260w, https:\/\/providencechildrensfilmfestival.org\/wp-content\/uploads\/2025\/11\/Screenshot-2025-11-26-at-11.03.44-AM-160x61.png 160w, https:\/\/providencechildrensfilmfestival.org\/wp-content\/uploads\/2025\/11\/Screenshot-2025-11-26-at-11.03.44-AM.png 798w\" sizes=\"auto, (max-width: 300px) 100vw, 300px\" \/><\/a><\/p>\n<p>&nbsp;<\/p>\n<h1><strong><span style=\"color: #0a778c;\">Obrigado por seu apoio!<\/span><\/strong><\/h1>\n<p>&nbsp;<\/p>","protected":false},"excerpt":{"rendered":"<p>&nbsp; PCFF is a non-profit arts and cultural organization that relies on the generosity of businesses, partners, foundations and individuals who share our vision that cinema is a powerful tool [&hellip;]<\/p>\n","protected":false},"author":12,"featured_media":8111,"parent":0,"menu_order":0,"comment_status":"open","ping_status":"open","template":"","meta":{"_acf_changed":false,"_monsterinsights_skip_tracking":false,"_monsterinsights_sitenote_active":false,"_monsterinsights_sitenote_note":"","_monsterinsights_sitenote_category":0,"_price":"","_stock":"","_tribe_ticket_header":"","_tribe_default_ticket_provider":"","_tribe_ticket_capacity":"0","_ticket_start_date":"","_ticket_end_date":"","_tribe_ticket_show_description":"","_tribe_ticket_show_not_going":false,"_tribe_ticket_use_global_stock":"","_tribe_ticket_global_stock_level":"","_global_stock_mode":"","_global_stock_cap":"","_tribe_rsvp_for_event":"","_tribe_ticket_going_count":"","_tribe_ticket_not_going_count":"","_tribe_tickets_list":"[]","_tribe_ticket_has_attendee_info_fields":false,"footnotes":"","_tec_slr_enabled":"","_tec_slr_layout":""},"class_list":["post-209","page","type-page","status-publish","has-post-thumbnail","hentry"],"acf":[],"yoast_head":"<!-- This site is optimized with the Yoast SEO plugin v27.5 - https:\/\/yoast.com\/product\/yoast-seo-wordpress\/ -->\n<title>Corporate Sponsorships + Contributions - Providence Children&#039;s Film Festival<\/title>\n<meta name=\"robots\" content=\"index, follow, max-snippet:-1, max-image-preview:large, max-video-preview:-1\" \/>\n<link rel=\"canonical\" href=\"https:\/\/providencechildrensfilmfestival.org\/pt\/corporate-sponsorships-contributions\/\" \/>\n<meta property=\"og:locale\" content=\"pt_BR\" \/>\n<meta property=\"og:type\" content=\"article\" \/>\n<meta property=\"og:title\" content=\"Corporate Sponsorships + Contributions - Providence Children&#039;s Film Festival\" \/>\n<meta property=\"og:description\" content=\"&nbsp; PCFF is a non-profit arts and cultural organization that relies on the generosity of businesses, partners, foundations and individuals who share our vision that cinema is a powerful tool [&hellip;]\" \/>\n<meta property=\"og:url\" content=\"https:\/\/providencechildrensfilmfestival.org\/pt\/corporate-sponsorships-contributions\/\" \/>\n<meta property=\"og:site_name\" content=\"Providence Children&#039;s Film Festival\" \/>\n<meta property=\"article:publisher\" content=\"https:\/\/www.facebook.com\/ProvidenceChildrensFilmFestival\" \/>\n<meta property=\"article:modified_time\" content=\"2025-11-26T16:15:54+00:00\" \/>\n<meta property=\"og:image\" content=\"https:\/\/providencechildrensfilmfestival.org\/wp-content\/uploads\/2025\/11\/1-e1764170167619.png\" \/>\n\t<meta property=\"og:image:width\" content=\"1920\" \/>\n\t<meta property=\"og:image:height\" content=\"410\" \/>\n\t<meta property=\"og:image:type\" content=\"image\/png\" \/>\n<meta name=\"twitter:card\" content=\"summary_large_image\" \/>\n<meta name=\"twitter:site\" content=\"@pcffri\" \/>\n<meta name=\"twitter:label1\" content=\"Est. reading time\" \/>\n\t<meta name=\"twitter:data1\" content=\"2 minutos\" \/>\n<script type=\"application\/ld+json\" class=\"yoast-schema-graph\">{\"@context\":\"https:\\\/\\\/schema.org\",\"@graph\":[{\"@type\":\"WebPage\",\"@id\":\"https:\\\/\\\/providencechildrensfilmfestival.org\\\/corporate-sponsorships-contributions\\\/\",\"url\":\"https:\\\/\\\/providencechildrensfilmfestival.org\\\/corporate-sponsorships-contributions\\\/\",\"name\":\"Corporate Sponsorships + Contributions - Providence Children&#039;s Film Festival\",\"isPartOf\":{\"@id\":\"https:\\\/\\\/providencechildrensfilmfestival.org\\\/#website\"},\"primaryImageOfPage\":{\"@id\":\"https:\\\/\\\/providencechildrensfilmfestival.org\\\/corporate-sponsorships-contributions\\\/#primaryimage\"},\"image\":{\"@id\":\"https:\\\/\\\/providencechildrensfilmfestival.org\\\/corporate-sponsorships-contributions\\\/#primaryimage\"},\"thumbnailUrl\":\"https:\\\/\\\/providencechildrensfilmfestival.org\\\/wp-content\\\/uploads\\\/2025\\\/11\\\/1-e1764170167619.png\",\"datePublished\":\"2014-08-07T12:46:35+00:00\",\"dateModified\":\"2025-11-26T16:15:54+00:00\",\"breadcrumb\":{\"@id\":\"https:\\\/\\\/providencechildrensfilmfestival.org\\\/corporate-sponsorships-contributions\\\/#breadcrumb\"},\"inLanguage\":\"pt-BR\",\"potentialAction\":[{\"@type\":\"ReadAction\",\"target\":[\"https:\\\/\\\/providencechildrensfilmfestival.org\\\/corporate-sponsorships-contributions\\\/\"]}]},{\"@type\":\"ImageObject\",\"inLanguage\":\"pt-BR\",\"@id\":\"https:\\\/\\\/providencechildrensfilmfestival.org\\\/corporate-sponsorships-contributions\\\/#primaryimage\",\"url\":\"https:\\\/\\\/providencechildrensfilmfestival.org\\\/wp-content\\\/uploads\\\/2025\\\/11\\\/1-e1764170167619.png\",\"contentUrl\":\"https:\\\/\\\/providencechildrensfilmfestival.org\\\/wp-content\\\/uploads\\\/2025\\\/11\\\/1-e1764170167619.png\",\"width\":1920,\"height\":410},{\"@type\":\"BreadcrumbList\",\"@id\":\"https:\\\/\\\/providencechildrensfilmfestival.org\\\/corporate-sponsorships-contributions\\\/#breadcrumb\",\"itemListElement\":[{\"@type\":\"ListItem\",\"position\":1,\"name\":\"Home\",\"item\":\"https:\\\/\\\/providencechildrensfilmfestival.org\\\/\"},{\"@type\":\"ListItem\",\"position\":2,\"name\":\"Corporate Sponsorships + Contributions\"}]},{\"@type\":\"WebSite\",\"@id\":\"https:\\\/\\\/providencechildrensfilmfestival.org\\\/#website\",\"url\":\"https:\\\/\\\/providencechildrensfilmfestival.org\\\/\",\"name\":\"Providence Children&#039;s Film Festival\",\"description\":\"\",\"potentialAction\":[{\"@type\":\"SearchAction\",\"target\":{\"@type\":\"EntryPoint\",\"urlTemplate\":\"https:\\\/\\\/providencechildrensfilmfestival.org\\\/?s={search_term_string}\"},\"query-input\":{\"@type\":\"PropertyValueSpecification\",\"valueRequired\":true,\"valueName\":\"search_term_string\"}}],\"inLanguage\":\"pt-BR\"}]}<\/script>\n<!-- \/ Yoast SEO plugin. -->","yoast_head_json":{"title":"Corporate Sponsorships + Contributions - Providence Children&#039;s Film Festival","robots":{"index":"index","follow":"follow","max-snippet":"max-snippet:-1","max-image-preview":"max-image-preview:large","max-video-preview":"max-video-preview:-1"},"canonical":"https:\/\/providencechildrensfilmfestival.org\/pt\/corporate-sponsorships-contributions\/","og_locale":"pt_BR","og_type":"article","og_title":"Corporate Sponsorships + Contributions - Providence Children&#039;s Film Festival","og_description":"&nbsp; PCFF is a non-profit arts and cultural organization that relies on the generosity of businesses, partners, foundations and individuals who share our vision that cinema is a powerful tool [&hellip;]","og_url":"https:\/\/providencechildrensfilmfestival.org\/pt\/corporate-sponsorships-contributions\/","og_site_name":"Providence Children&#039;s Film Festival","article_publisher":"https:\/\/www.facebook.com\/ProvidenceChildrensFilmFestival","article_modified_time":"2025-11-26T16:15:54+00:00","og_image":[{"width":1920,"height":410,"url":"https:\/\/providencechildrensfilmfestival.org\/wp-content\/uploads\/2025\/11\/1-e1764170167619.png","type":"image\/png"}],"twitter_card":"summary_large_image","twitter_site":"@pcffri","twitter_misc":{"Est. reading time":"2 minutos"},"schema":{"@context":"https:\/\/schema.org","@graph":[{"@type":"WebPage","@id":"https:\/\/providencechildrensfilmfestival.org\/corporate-sponsorships-contributions\/","url":"https:\/\/providencechildrensfilmfestival.org\/corporate-sponsorships-contributions\/","name":"Corporate Sponsorships + Contributions - Providence Children&#039;s Film Festival","isPartOf":{"@id":"https:\/\/providencechildrensfilmfestival.org\/#website"},"primaryImageOfPage":{"@id":"https:\/\/providencechildrensfilmfestival.org\/corporate-sponsorships-contributions\/#primaryimage"},"image":{"@id":"https:\/\/providencechildrensfilmfestival.org\/corporate-sponsorships-contributions\/#primaryimage"},"thumbnailUrl":"https:\/\/providencechildrensfilmfestival.org\/wp-content\/uploads\/2025\/11\/1-e1764170167619.png","datePublished":"2014-08-07T12:46:35+00:00","dateModified":"2025-11-26T16:15:54+00:00","breadcrumb":{"@id":"https:\/\/providencechildrensfilmfestival.org\/corporate-sponsorships-contributions\/#breadcrumb"},"inLanguage":"pt-BR","potentialAction":[{"@type":"ReadAction","target":["https:\/\/providencechildrensfilmfestival.org\/corporate-sponsorships-contributions\/"]}]},{"@type":"ImageObject","inLanguage":"pt-BR","@id":"https:\/\/providencechildrensfilmfestival.org\/corporate-sponsorships-contributions\/#primaryimage","url":"https:\/\/providencechildrensfilmfestival.org\/wp-content\/uploads\/2025\/11\/1-e1764170167619.png","contentUrl":"https:\/\/providencechildrensfilmfestival.org\/wp-content\/uploads\/2025\/11\/1-e1764170167619.png","width":1920,"height":410},{"@type":"BreadcrumbList","@id":"https:\/\/providencechildrensfilmfestival.org\/corporate-sponsorships-contributions\/#breadcrumb","itemListElement":[{"@type":"ListItem","position":1,"name":"Home","item":"https:\/\/providencechildrensfilmfestival.org\/"},{"@type":"ListItem","position":2,"name":"Corporate Sponsorships + Contributions"}]},{"@type":"WebSite","@id":"https:\/\/providencechildrensfilmfestival.org\/#website","url":"https:\/\/providencechildrensfilmfestival.org\/","name":"Providence Children&#039;s Film Festival","description":"","potentialAction":[{"@type":"SearchAction","target":{"@type":"EntryPoint","urlTemplate":"https:\/\/providencechildrensfilmfestival.org\/?s={search_term_string}"},"query-input":{"@type":"PropertyValueSpecification","valueRequired":true,"valueName":"search_term_string"}}],"inLanguage":"pt-BR"}]}},"ticketed":false,"_links":{"self":[{"href":"https:\/\/providencechildrensfilmfestival.org\/pt\/wp-json\/wp\/v2\/pages\/209","targetHints":{"allow":["GET"]}}],"collection":[{"href":"https:\/\/providencechildrensfilmfestival.org\/pt\/wp-json\/wp\/v2\/pages"}],"about":[{"href":"https:\/\/providencechildrensfilmfestival.org\/pt\/wp-json\/wp\/v2\/types\/page"}],"author":[{"embeddable":true,"href":"https:\/\/providencechildrensfilmfestival.org\/pt\/wp-json\/wp\/v2\/users\/12"}],"replies":[{"embeddable":true,"href":"https:\/\/providencechildrensfilmfestival.org\/pt\/wp-json\/wp\/v2\/comments?post=209"}],"version-history":[{"count":0,"href":"https:\/\/providencechildrensfilmfestival.org\/pt\/wp-json\/wp\/v2\/pages\/209\/revisions"}],"wp:featuredmedia":[{"embeddable":true,"href":"https:\/\/providencechildrensfilmfestival.org\/pt\/wp-json\/wp\/v2\/media\/8111"}],"wp:attachment":[{"href":"https:\/\/providencechildrensfilmfestival.org\/pt\/wp-json\/wp\/v2\/media?parent=209"}],"curies":[{"name":"wp","href":"https:\/\/api.w.org\/{rel}","templated":true}]}}