{"id":194,"date":"2014-08-07T12:39:49","date_gmt":"2014-08-07T12:39:49","guid":{"rendered":"https:\/\/pcffri.local\/?page_id=194"},"modified":"2016-09-12T16:42:22","modified_gmt":"2016-09-12T16:42:22","slug":"programs","status":"publish","type":"page","link":"https:\/\/providencechildrensfilmfestival.org\/pt\/programs\/","title":{"rendered":"programas"},"content":{"rendered":"<p><span style=\"color: #808080;\">O PCFF inspira uma nova gera\u00e7\u00e3o de contadores de hist\u00f3rias, cineastas, pensadores cr\u00edticos e l\u00edderes comunit\u00e1rios por meio de uma variedade de atividades:<\/span><\/p>\n<blockquote><p><span style=\"color: #008080;\"><strong><span style=\"color: #0897ff;\">OFICINAS DE PRODU\u00c7\u00c3O DE FILMES<\/span>\u00a0<\/strong><\/span><\/p>\n<p><img loading=\"lazy\" decoding=\"async\" class=\"alignright wp-image-1189\" src=\"https:\/\/providencechildrensfilmfestival.org\/wp-content\/uploads\/2014\/08\/PCFF-Create-5-59-of-201-300x198.jpg\" alt=\"\" width=\"363\" height=\"247\" \/><\/p><\/blockquote>\n<p>Todos os anos, o PCFF oferece \u00e0s crian\u00e7as (e seus pais) oportunidades de aprender em primeira m\u00e3o as habilidades t\u00e9cnicas usadas na produ\u00e7\u00e3o de filmes.<\/p>\n<p>Clique em\u00a0<a title=\"Workshops\" href=\"https:\/\/providencechildrensfilmfestival.org\/pt\/workshops\/\">aqui<\/a>\u00a0para assistir a v\u00eddeos de workshops e ler sobre workshops anteriores.<\/p>\n<blockquote><p><span style=\"color: #993300;\"><strong><span style=\"color: #0897ff;\">MOSTRA DE CINEASTAS JOVENS<\/span>\u00a0<\/strong><\/span><\/p><\/blockquote>\n<p>O PCFF tem o compromisso de incentivar o trabalho de jovens cineastas e, por isso, tem orgulho de apresentar um programa de filmes feitos por jovens de todo o mundo, al\u00e9m de oferecer uma oportunidade para que os jovens cineastas falem sobre a divers\u00e3o e os desafios que enfrentam durante a sess\u00e3o de perguntas e respostas e discuss\u00e3o ap\u00f3s o filme.<\/p>\n<p>Clique em <a title=\"mostra de cineastas jovens 2015\" href=\"https:\/\/providencechildrensfilmfestival.org\/pt\/call-2016-submissions\/\" target=\"_blank\">aqui<\/a> para obter mais informa\u00e7\u00f5es e diretrizes de envio!<\/p>\n<blockquote><p><span style=\"color: #0897ff;\"><strong>J\u00daRI DE FILMES JUNIORES\u00a0<\/strong>- aprende a analisar e criticar filmes<\/span><\/p><\/blockquote>\n<p>O j\u00fari do PCFF \u00e9 composto por adultos e crian\u00e7as. No PCFF, os jovens t\u00eam voz ativa do in\u00edcio ao fim na sele\u00e7\u00e3o dos filmes. O j\u00fari j\u00fanior do PCFF \u00e9 composto por jovens entusiastas do cinema com idades entre 5 e 17 anos.<\/p>\n<p>Na maioria dos festivais de cinema infantil, as crian\u00e7as participam apenas dos j\u00faris de premia\u00e7\u00e3o. Mas o j\u00fari j\u00fanior do PCFF oferece \u00e0s crian\u00e7as uma oportunidade e uma responsabilidade \u00fanicas: trabalhar ao lado de um comit\u00ea adulto para selecionar o programa final do festival entre centenas de filmes que s\u00e3o enviados todos os anos para aprecia\u00e7\u00e3o.<\/p>\n<p>Clique em <a href=\"\/pt\/pcff-jury\/\" target=\"_blank\">aqui<\/a> para saber mais sobre o j\u00fari do PCFF.<\/p>\n<blockquote><p><span style=\"color: #0897ff;\"><strong>PALESTRAS SOBRE FILMES\u00a0<\/strong>- apresenta\u00e7\u00f5es e conversas enriquecedoras ap\u00f3s o filme<\/span><\/p><\/blockquote>\n<p><span style=\"color: #993300;\"><img loading=\"lazy\" decoding=\"async\" class=\"aligncenter wp-image-119\" src=\"https:\/\/providencechildrensfilmfestival.org\/wp-content\/uploads\/2014\/08\/FilmTalk-LouderthanBomb-1024x679.jpg\" alt=\"FilmTalk-LouderthanBomb\" width=\"700\" height=\"465\" srcset=\"https:\/\/providencechildrensfilmfestival.org\/wp-content\/uploads\/2014\/08\/FilmTalk-LouderthanBomb-1024x679.jpg 1024w, https:\/\/providencechildrensfilmfestival.org\/wp-content\/uploads\/2014\/08\/FilmTalk-LouderthanBomb-300x199.jpg 300w, https:\/\/providencechildrensfilmfestival.org\/wp-content\/uploads\/2014\/08\/FilmTalk-LouderthanBomb-560x371.jpg 560w, https:\/\/providencechildrensfilmfestival.org\/wp-content\/uploads\/2014\/08\/FilmTalk-LouderthanBomb-260x172.jpg 260w, https:\/\/providencechildrensfilmfestival.org\/wp-content\/uploads\/2014\/08\/FilmTalk-LouderthanBomb-160x106.jpg 160w\" sizes=\"auto, (max-width: 700px) 100vw, 700px\" \/><img loading=\"lazy\" decoding=\"async\" class=\"aligncenter wp-image-123\" src=\"https:\/\/providencechildrensfilmfestival.org\/wp-content\/uploads\/2014\/08\/Workshop-Stop-Motion-Animation-1024x768.jpg\" alt=\"Workshop-Stop-Motion-Animation\" width=\"700\" height=\"525\" srcset=\"https:\/\/providencechildrensfilmfestival.org\/wp-content\/uploads\/2014\/08\/Workshop-Stop-Motion-Animation-1024x768.jpg 1024w, https:\/\/providencechildrensfilmfestival.org\/wp-content\/uploads\/2014\/08\/Workshop-Stop-Motion-Animation-300x225.jpg 300w, https:\/\/providencechildrensfilmfestival.org\/wp-content\/uploads\/2014\/08\/Workshop-Stop-Motion-Animation-560x420.jpg 560w, https:\/\/providencechildrensfilmfestival.org\/wp-content\/uploads\/2014\/08\/Workshop-Stop-Motion-Animation-260x195.jpg 260w, https:\/\/providencechildrensfilmfestival.org\/wp-content\/uploads\/2014\/08\/Workshop-Stop-Motion-Animation-160x120.jpg 160w, https:\/\/providencechildrensfilmfestival.org\/wp-content\/uploads\/2014\/08\/Workshop-Stop-Motion-Animation-386x290.jpg 386w, https:\/\/providencechildrensfilmfestival.org\/wp-content\/uploads\/2014\/08\/Workshop-Stop-Motion-Animation-290x218.jpg 290w, https:\/\/providencechildrensfilmfestival.org\/wp-content\/uploads\/2014\/08\/Workshop-Stop-Motion-Animation-193x145.jpg 193w\" sizes=\"auto, (max-width: 700px) 100vw, 700px\" \/><\/span><\/p>\n<p>&nbsp;<\/p>","protected":false},"excerpt":{"rendered":"<p>PCFF inspires a new generation of storytellers, filmmakers, critical thinkers, and community leaders through a variety of activities: FILMMAKING WORKSHOPS\u00a0 Each year\u00a0PCFF\u00a0offers children (and their parents) opportunities to learn firsthand [&hellip;]<\/p>\n","protected":false},"author":2,"featured_media":0,"parent":0,"menu_order":0,"comment_status":"open","ping_status":"open","template":"template-press.php","meta":{"_acf_changed":false,"_monsterinsights_skip_tracking":false,"_monsterinsights_sitenote_active":false,"_monsterinsights_sitenote_note":"","_monsterinsights_sitenote_category":0,"_price":"","_stock":"","_tribe_ticket_header":"","_tribe_default_ticket_provider":"","_tribe_ticket_capacity":"0","_ticket_start_date":"","_ticket_end_date":"","_tribe_ticket_show_description":"","_tribe_ticket_show_not_going":false,"_tribe_ticket_use_global_stock":"","_tribe_ticket_global_stock_level":"","_global_stock_mode":"","_global_stock_cap":"","_tribe_rsvp_for_event":"","_tribe_ticket_going_count":"","_tribe_ticket_not_going_count":"","_tribe_tickets_list":"[]","_tribe_ticket_has_attendee_info_fields":false,"footnotes":"","_tec_slr_enabled":"","_tec_slr_layout":""},"class_list":["post-194","page","type-page","status-publish","hentry"],"acf":[],"yoast_head":"<!-- This site is optimized with the Yoast SEO plugin v27.3 - https:\/\/yoast.com\/product\/yoast-seo-wordpress\/ -->\n<title>programs - Providence Children&#039;s Film Festival<\/title>\n<meta name=\"robots\" content=\"index, follow, max-snippet:-1, max-image-preview:large, max-video-preview:-1\" \/>\n<link rel=\"canonical\" href=\"https:\/\/providencechildrensfilmfestival.org\/pt\/programs\/\" \/>\n<meta property=\"og:locale\" content=\"pt_BR\" \/>\n<meta property=\"og:type\" content=\"article\" \/>\n<meta property=\"og:title\" content=\"programs - Providence Children&#039;s Film Festival\" \/>\n<meta property=\"og:description\" content=\"PCFF inspires a new generation of storytellers, filmmakers, critical thinkers, and community leaders through a variety of activities: FILMMAKING WORKSHOPS\u00a0 Each year\u00a0PCFF\u00a0offers children (and their parents) opportunities to learn firsthand [&hellip;]\" \/>\n<meta property=\"og:url\" content=\"https:\/\/providencechildrensfilmfestival.org\/pt\/programs\/\" \/>\n<meta property=\"og:site_name\" content=\"Providence Children&#039;s Film Festival\" \/>\n<meta property=\"article:publisher\" content=\"https:\/\/www.facebook.com\/ProvidenceChildrensFilmFestival\" \/>\n<meta property=\"article:modified_time\" content=\"2016-09-12T16:42:22+00:00\" \/>\n<meta property=\"og:image\" content=\"https:\/\/providencechildrensfilmfestival.org\/wp-content\/uploads\/2014\/08\/PCFF-Create-5-59-of-201-300x198.jpg\" \/>\n<meta name=\"twitter:card\" content=\"summary_large_image\" \/>\n<meta name=\"twitter:site\" content=\"@pcffri\" \/>\n<meta name=\"twitter:label1\" content=\"Est. reading time\" \/>\n\t<meta name=\"twitter:data1\" content=\"1 minuto\" \/>\n<script type=\"application\/ld+json\" class=\"yoast-schema-graph\">{\"@context\":\"https:\\\/\\\/schema.org\",\"@graph\":[{\"@type\":\"WebPage\",\"@id\":\"https:\\\/\\\/providencechildrensfilmfestival.org\\\/programs\\\/\",\"url\":\"https:\\\/\\\/providencechildrensfilmfestival.org\\\/programs\\\/\",\"name\":\"programs - Providence Children&#039;s Film Festival\",\"isPartOf\":{\"@id\":\"https:\\\/\\\/providencechildrensfilmfestival.org\\\/#website\"},\"primaryImageOfPage\":{\"@id\":\"https:\\\/\\\/providencechildrensfilmfestival.org\\\/programs\\\/#primaryimage\"},\"image\":{\"@id\":\"https:\\\/\\\/providencechildrensfilmfestival.org\\\/programs\\\/#primaryimage\"},\"thumbnailUrl\":\"https:\\\/\\\/providencechildrensfilmfestival.org\\\/wp-content\\\/uploads\\\/2014\\\/08\\\/PCFF-Create-5-59-of-201-300x198.jpg\",\"datePublished\":\"2014-08-07T12:39:49+00:00\",\"dateModified\":\"2016-09-12T16:42:22+00:00\",\"breadcrumb\":{\"@id\":\"https:\\\/\\\/providencechildrensfilmfestival.org\\\/programs\\\/#breadcrumb\"},\"inLanguage\":\"pt-BR\",\"potentialAction\":[{\"@type\":\"ReadAction\",\"target\":[\"https:\\\/\\\/providencechildrensfilmfestival.org\\\/programs\\\/\"]}]},{\"@type\":\"ImageObject\",\"inLanguage\":\"pt-BR\",\"@id\":\"https:\\\/\\\/providencechildrensfilmfestival.org\\\/programs\\\/#primaryimage\",\"url\":\"https:\\\/\\\/providencechildrensfilmfestival.org\\\/wp-content\\\/uploads\\\/2014\\\/08\\\/PCFF-Create-5-59-of-201-300x198.jpg\",\"contentUrl\":\"https:\\\/\\\/providencechildrensfilmfestival.org\\\/wp-content\\\/uploads\\\/2014\\\/08\\\/PCFF-Create-5-59-of-201-300x198.jpg\"},{\"@type\":\"BreadcrumbList\",\"@id\":\"https:\\\/\\\/providencechildrensfilmfestival.org\\\/programs\\\/#breadcrumb\",\"itemListElement\":[{\"@type\":\"ListItem\",\"position\":1,\"name\":\"Home\",\"item\":\"https:\\\/\\\/providencechildrensfilmfestival.org\\\/\"},{\"@type\":\"ListItem\",\"position\":2,\"name\":\"programs\"}]},{\"@type\":\"WebSite\",\"@id\":\"https:\\\/\\\/providencechildrensfilmfestival.org\\\/#website\",\"url\":\"https:\\\/\\\/providencechildrensfilmfestival.org\\\/\",\"name\":\"Providence Children&#039;s Film Festival\",\"description\":\"\",\"potentialAction\":[{\"@type\":\"SearchAction\",\"target\":{\"@type\":\"EntryPoint\",\"urlTemplate\":\"https:\\\/\\\/providencechildrensfilmfestival.org\\\/?s={search_term_string}\"},\"query-input\":{\"@type\":\"PropertyValueSpecification\",\"valueRequired\":true,\"valueName\":\"search_term_string\"}}],\"inLanguage\":\"pt-BR\"}]}<\/script>\n<!-- \/ Yoast SEO plugin. -->","yoast_head_json":{"title":"programs - Providence Children&#039;s Film Festival","robots":{"index":"index","follow":"follow","max-snippet":"max-snippet:-1","max-image-preview":"max-image-preview:large","max-video-preview":"max-video-preview:-1"},"canonical":"https:\/\/providencechildrensfilmfestival.org\/pt\/programs\/","og_locale":"pt_BR","og_type":"article","og_title":"programs - Providence Children&#039;s Film Festival","og_description":"PCFF inspires a new generation of storytellers, filmmakers, critical thinkers, and community leaders through a variety of activities: FILMMAKING WORKSHOPS\u00a0 Each year\u00a0PCFF\u00a0offers children (and their parents) opportunities to learn firsthand [&hellip;]","og_url":"https:\/\/providencechildrensfilmfestival.org\/pt\/programs\/","og_site_name":"Providence Children&#039;s Film Festival","article_publisher":"https:\/\/www.facebook.com\/ProvidenceChildrensFilmFestival","article_modified_time":"2016-09-12T16:42:22+00:00","og_image":[{"url":"https:\/\/providencechildrensfilmfestival.org\/wp-content\/uploads\/2014\/08\/PCFF-Create-5-59-of-201-300x198.jpg","type":"","width":"","height":""}],"twitter_card":"summary_large_image","twitter_site":"@pcffri","twitter_misc":{"Est. reading time":"1 minuto"},"schema":{"@context":"https:\/\/schema.org","@graph":[{"@type":"WebPage","@id":"https:\/\/providencechildrensfilmfestival.org\/programs\/","url":"https:\/\/providencechildrensfilmfestival.org\/programs\/","name":"programs - Providence Children&#039;s Film Festival","isPartOf":{"@id":"https:\/\/providencechildrensfilmfestival.org\/#website"},"primaryImageOfPage":{"@id":"https:\/\/providencechildrensfilmfestival.org\/programs\/#primaryimage"},"image":{"@id":"https:\/\/providencechildrensfilmfestival.org\/programs\/#primaryimage"},"thumbnailUrl":"https:\/\/providencechildrensfilmfestival.org\/wp-content\/uploads\/2014\/08\/PCFF-Create-5-59-of-201-300x198.jpg","datePublished":"2014-08-07T12:39:49+00:00","dateModified":"2016-09-12T16:42:22+00:00","breadcrumb":{"@id":"https:\/\/providencechildrensfilmfestival.org\/programs\/#breadcrumb"},"inLanguage":"pt-BR","potentialAction":[{"@type":"ReadAction","target":["https:\/\/providencechildrensfilmfestival.org\/programs\/"]}]},{"@type":"ImageObject","inLanguage":"pt-BR","@id":"https:\/\/providencechildrensfilmfestival.org\/programs\/#primaryimage","url":"https:\/\/providencechildrensfilmfestival.org\/wp-content\/uploads\/2014\/08\/PCFF-Create-5-59-of-201-300x198.jpg","contentUrl":"https:\/\/providencechildrensfilmfestival.org\/wp-content\/uploads\/2014\/08\/PCFF-Create-5-59-of-201-300x198.jpg"},{"@type":"BreadcrumbList","@id":"https:\/\/providencechildrensfilmfestival.org\/programs\/#breadcrumb","itemListElement":[{"@type":"ListItem","position":1,"name":"Home","item":"https:\/\/providencechildrensfilmfestival.org\/"},{"@type":"ListItem","position":2,"name":"programs"}]},{"@type":"WebSite","@id":"https:\/\/providencechildrensfilmfestival.org\/#website","url":"https:\/\/providencechildrensfilmfestival.org\/","name":"Providence Children&#039;s Film Festival","description":"","potentialAction":[{"@type":"SearchAction","target":{"@type":"EntryPoint","urlTemplate":"https:\/\/providencechildrensfilmfestival.org\/?s={search_term_string}"},"query-input":{"@type":"PropertyValueSpecification","valueRequired":true,"valueName":"search_term_string"}}],"inLanguage":"pt-BR"}]}},"ticketed":false,"_links":{"self":[{"href":"https:\/\/providencechildrensfilmfestival.org\/pt\/wp-json\/wp\/v2\/pages\/194","targetHints":{"allow":["GET"]}}],"collection":[{"href":"https:\/\/providencechildrensfilmfestival.org\/pt\/wp-json\/wp\/v2\/pages"}],"about":[{"href":"https:\/\/providencechildrensfilmfestival.org\/pt\/wp-json\/wp\/v2\/types\/page"}],"author":[{"embeddable":true,"href":"https:\/\/providencechildrensfilmfestival.org\/pt\/wp-json\/wp\/v2\/users\/2"}],"replies":[{"embeddable":true,"href":"https:\/\/providencechildrensfilmfestival.org\/pt\/wp-json\/wp\/v2\/comments?post=194"}],"version-history":[{"count":0,"href":"https:\/\/providencechildrensfilmfestival.org\/pt\/wp-json\/wp\/v2\/pages\/194\/revisions"}],"wp:attachment":[{"href":"https:\/\/providencechildrensfilmfestival.org\/pt\/wp-json\/wp\/v2\/media?parent=194"}],"curies":[{"name":"wp","href":"https:\/\/api.w.org\/{rel}","templated":true}]}}