{"id":8016,"date":"2025-04-25T17:51:04","date_gmt":"2025-04-25T17:51:04","guid":{"rendered":"https:\/\/providencechildrensfilmfestival.org\/?page_id=8016"},"modified":"2025-09-11T22:05:37","modified_gmt":"2025-09-11T22:05:37","slug":"adults-night-only-sorry-kids","status":"publish","type":"page","link":"https:\/\/providencechildrensfilmfestival.org\/es\/adults-night-only-sorry-kids\/","title":{"rendered":"Noche s\u00f3lo para adultos (Lo sentimos, ni\u00f1os)"},"content":{"rendered":"<h2>\u00a1VAMOS! \u00a1Es la recaudaci\u00f3n de fondos anual de PCFF!<\/h2>\n<p>Acomp\u00e1\u00f1enos en una velada de cortometrajes no aptos para menores. De las m\u00e1s de 800 pel\u00edculas que el Director Art\u00edstico Eric Bilodeau examina anualmente, algunas dan en el clavo, otras no. <em>s\u00f3lo<\/em> no dan en el blanco, y algunas son directamente torpes e inapropiadas. De alguna manera, estas pel\u00edculas<i> \"NI\u00d1OS\" <\/i>parte del Festival de Cine Infantil. En los \u00faltimos 16 a\u00f1os hemos reunido una gran colecci\u00f3n.<\/p>\n<p>Delicias y bebidas cortes\u00eda de nuestros amigos de Harvest Kitchen y Campus Liquors.<\/p>\n<p>Si ya ha estado con nosotros, ya sabe lo que le espera. Si nunca has estado... bueno... <strong>es un buen tipo de memorable.<\/strong><\/p>\n<h2>FECHA: Viernes, 13 de junio de 2025<br \/>\nApertura de puertas a las 18.00 h. Las pel\u00edculas comienzan a las 19:00<br \/>\nFarm Fresh RI 10 Sims Avenue, Providence, RI<\/h2>\n<h2>ENTRADAS: Anticipada: $60\/pp, $100\/pareja ($65\/pp, $110\/pareja en la puerta)<\/h2>\n<h2>Lo siento chicos, no se admitir\u00e1 a menores de 18 a\u00f1os \ud83d\ude42 .<\/h2>\n<p>&nbsp;<\/p>\n<p><img loading=\"lazy\" decoding=\"async\" class=\"alignnone wp-image-7983\" src=\"https:\/\/providencechildrensfilmfestival.org\/wp-content\/uploads\/2025\/03\/Screenshot-2025-03-13-at-9.39.19\u202fAM-300x110.png\" alt=\"\" width=\"250\" height=\"92\" srcset=\"https:\/\/providencechildrensfilmfestival.org\/wp-content\/uploads\/2025\/03\/Screenshot-2025-03-13-at-9.39.19\u202fAM-300x110.png 300w, https:\/\/providencechildrensfilmfestival.org\/wp-content\/uploads\/2025\/03\/Screenshot-2025-03-13-at-9.39.19\u202fAM-260x95.png 260w, https:\/\/providencechildrensfilmfestival.org\/wp-content\/uploads\/2025\/03\/Screenshot-2025-03-13-at-9.39.19\u202fAM-160x59.png 160w, https:\/\/providencechildrensfilmfestival.org\/wp-content\/uploads\/2025\/03\/Screenshot-2025-03-13-at-9.39.19\u202fAM.png 524w\" sizes=\"auto, (max-width: 250px) 100vw, 250px\" \/><\/p>\n<h2>\u00bfNo puede venir pero quiere colaborar?<\/h2>\n<p><a href=\"https:\/\/providencechildren.thundertix.com\/campaigns\/2970\"><img loading=\"lazy\" decoding=\"async\" class=\"alignnone wp-image-4452\" src=\"https:\/\/providencechildrensfilmfestival.org\/wp-content\/uploads\/2018\/05\/DonateNow-buttonw-300x84.png\" alt=\"\" width=\"200\" height=\"56\" srcset=\"https:\/\/providencechildrensfilmfestival.org\/wp-content\/uploads\/2018\/05\/DonateNow-buttonw-300x84.png 300w, https:\/\/providencechildrensfilmfestival.org\/wp-content\/uploads\/2018\/05\/DonateNow-buttonw-260x73.png 260w, https:\/\/providencechildrensfilmfestival.org\/wp-content\/uploads\/2018\/05\/DonateNow-buttonw-160x45.png 160w, https:\/\/providencechildrensfilmfestival.org\/wp-content\/uploads\/2018\/05\/DonateNow-buttonw.png 374w\" sizes=\"auto, (max-width: 200px) 100vw, 200px\" \/><\/a><\/p>\n<p><img loading=\"lazy\" decoding=\"async\" class=\"alignnone size-full wp-image-8017\" src=\"https:\/\/providencechildrensfilmfestival.org\/wp-content\/uploads\/2025\/04\/farm-fresh.png\" alt=\"\" width=\"286\" height=\"176\" srcset=\"https:\/\/providencechildrensfilmfestival.org\/wp-content\/uploads\/2025\/04\/farm-fresh.png 286w, https:\/\/providencechildrensfilmfestival.org\/wp-content\/uploads\/2025\/04\/farm-fresh-260x160.png 260w, https:\/\/providencechildrensfilmfestival.org\/wp-content\/uploads\/2025\/04\/farm-fresh-160x98.png 160w\" sizes=\"auto, (max-width: 286px) 100vw, 286px\" \/> <img loading=\"lazy\" decoding=\"async\" class=\"alignnone size-medium wp-image-8018\" src=\"https:\/\/providencechildrensfilmfestival.org\/wp-content\/uploads\/2025\/04\/HarvestKitchenLogowTag21-300x133.png\" alt=\"\" width=\"300\" height=\"133\" srcset=\"https:\/\/providencechildrensfilmfestival.org\/wp-content\/uploads\/2025\/04\/HarvestKitchenLogowTag21-300x133.png 300w, https:\/\/providencechildrensfilmfestival.org\/wp-content\/uploads\/2025\/04\/HarvestKitchenLogowTag21-1024x454.png 1024w, https:\/\/providencechildrensfilmfestival.org\/wp-content\/uploads\/2025\/04\/HarvestKitchenLogowTag21-768x341.png 768w, https:\/\/providencechildrensfilmfestival.org\/wp-content\/uploads\/2025\/04\/HarvestKitchenLogowTag21-1536x681.png 1536w, https:\/\/providencechildrensfilmfestival.org\/wp-content\/uploads\/2025\/04\/HarvestKitchenLogowTag21-2048x908.png 2048w, https:\/\/providencechildrensfilmfestival.org\/wp-content\/uploads\/2025\/04\/HarvestKitchenLogowTag21-560x248.png 560w, https:\/\/providencechildrensfilmfestival.org\/wp-content\/uploads\/2025\/04\/HarvestKitchenLogowTag21-260x115.png 260w, https:\/\/providencechildrensfilmfestival.org\/wp-content\/uploads\/2025\/04\/HarvestKitchenLogowTag21-160x71.png 160w\" sizes=\"auto, (max-width: 300px) 100vw, 300px\" \/> <img loading=\"lazy\" decoding=\"async\" class=\"alignnone size-medium wp-image-6889\" src=\"https:\/\/providencechildrensfilmfestival.org\/wp-content\/uploads\/2023\/01\/CampusFineWineLogo-300x171.jpeg\" alt=\"\" width=\"300\" height=\"171\" srcset=\"https:\/\/providencechildrensfilmfestival.org\/wp-content\/uploads\/2023\/01\/CampusFineWineLogo-300x171.jpeg 300w, https:\/\/providencechildrensfilmfestival.org\/wp-content\/uploads\/2023\/01\/CampusFineWineLogo-1024x585.jpeg 1024w, https:\/\/providencechildrensfilmfestival.org\/wp-content\/uploads\/2023\/01\/CampusFineWineLogo-768x439.jpeg 768w, https:\/\/providencechildrensfilmfestival.org\/wp-content\/uploads\/2023\/01\/CampusFineWineLogo-1536x878.jpeg 1536w, https:\/\/providencechildrensfilmfestival.org\/wp-content\/uploads\/2023\/01\/CampusFineWineLogo-2048x1170.jpeg 2048w, https:\/\/providencechildrensfilmfestival.org\/wp-content\/uploads\/2023\/01\/CampusFineWineLogo-560x320.jpeg 560w, https:\/\/providencechildrensfilmfestival.org\/wp-content\/uploads\/2023\/01\/CampusFineWineLogo-260x149.jpeg 260w, https:\/\/providencechildrensfilmfestival.org\/wp-content\/uploads\/2023\/01\/CampusFineWineLogo-160x91.jpeg 160w\" sizes=\"auto, (max-width: 300px) 100vw, 300px\" \/><\/p>","protected":false},"excerpt":{"rendered":"<p>Let&#8217;s GO! It&#8217;s PCFF&#8217;s annual fundraiser! Join us for an evening of eyebrow-raising not-quite-kid-friendly short films. Of the 800+ films that Artistic Director Eric Bilodeau considers annually, some are spot [&hellip;]<\/p>\n","protected":false},"author":12,"featured_media":8095,"parent":0,"menu_order":0,"comment_status":"closed","ping_status":"closed","template":"","meta":{"_acf_changed":false,"_monsterinsights_skip_tracking":false,"_monsterinsights_sitenote_active":false,"_monsterinsights_sitenote_note":"","_monsterinsights_sitenote_category":0,"_price":"","_stock":"","_tribe_ticket_header":"","_tribe_default_ticket_provider":"","_tribe_ticket_capacity":"0","_ticket_start_date":"","_ticket_end_date":"","_tribe_ticket_show_description":"","_tribe_ticket_show_not_going":false,"_tribe_ticket_use_global_stock":"","_tribe_ticket_global_stock_level":"","_global_stock_mode":"","_global_stock_cap":"","_tribe_rsvp_for_event":"","_tribe_ticket_going_count":"","_tribe_ticket_not_going_count":"","_tribe_tickets_list":"[]","_tribe_ticket_has_attendee_info_fields":false,"footnotes":"","_tec_slr_enabled":"","_tec_slr_layout":""},"class_list":["post-8016","page","type-page","status-publish","has-post-thumbnail","hentry"],"acf":[],"yoast_head":"<!-- This site is optimized with the Yoast SEO plugin v27.4 - https:\/\/yoast.com\/product\/yoast-seo-wordpress\/ -->\n<title>Adults Only Night! (Sorry, kids) - Providence Children&#039;s Film Festival<\/title>\n<meta name=\"robots\" content=\"index, follow, max-snippet:-1, max-image-preview:large, max-video-preview:-1\" \/>\n<link rel=\"canonical\" href=\"https:\/\/providencechildrensfilmfestival.org\/es\/adults-night-only-sorry-kids\/\" \/>\n<meta property=\"og:locale\" content=\"es_ES\" \/>\n<meta property=\"og:type\" content=\"article\" \/>\n<meta property=\"og:title\" content=\"Adults Only Night! (Sorry, kids) - Providence Children&#039;s Film Festival\" \/>\n<meta property=\"og:description\" content=\"Let&#8217;s GO! It&#8217;s PCFF&#8217;s annual fundraiser! Join us for an evening of eyebrow-raising not-quite-kid-friendly short films. Of the 800+ films that Artistic Director Eric Bilodeau considers annually, some are spot [&hellip;]\" \/>\n<meta property=\"og:url\" content=\"https:\/\/providencechildrensfilmfestival.org\/es\/adults-night-only-sorry-kids\/\" \/>\n<meta property=\"og:site_name\" content=\"Providence Children&#039;s Film Festival\" \/>\n<meta property=\"article:publisher\" content=\"https:\/\/www.facebook.com\/ProvidenceChildrensFilmFestival\" \/>\n<meta property=\"article:modified_time\" content=\"2025-09-11T22:05:37+00:00\" \/>\n<meta property=\"og:image\" content=\"https:\/\/providencechildrensfilmfestival.org\/wp-content\/uploads\/2025\/09\/AdultsNight-Social-Web-2-e1757628312707.jpg\" \/>\n\t<meta property=\"og:image:width\" content=\"1530\" \/>\n\t<meta property=\"og:image:height\" content=\"506\" \/>\n\t<meta property=\"og:image:type\" content=\"image\/jpeg\" \/>\n<meta name=\"twitter:card\" content=\"summary_large_image\" \/>\n<meta name=\"twitter:site\" content=\"@pcffri\" \/>\n<meta name=\"twitter:label1\" content=\"Est. reading time\" \/>\n\t<meta name=\"twitter:data1\" content=\"2 minutos\" \/>\n<script type=\"application\/ld+json\" class=\"yoast-schema-graph\">{\"@context\":\"https:\\\/\\\/schema.org\",\"@graph\":[{\"@type\":\"WebPage\",\"@id\":\"https:\\\/\\\/providencechildrensfilmfestival.org\\\/adults-night-only-sorry-kids\\\/\",\"url\":\"https:\\\/\\\/providencechildrensfilmfestival.org\\\/adults-night-only-sorry-kids\\\/\",\"name\":\"Adults Only Night! (Sorry, kids) - Providence Children&#039;s Film Festival\",\"isPartOf\":{\"@id\":\"https:\\\/\\\/providencechildrensfilmfestival.org\\\/#website\"},\"primaryImageOfPage\":{\"@id\":\"https:\\\/\\\/providencechildrensfilmfestival.org\\\/adults-night-only-sorry-kids\\\/#primaryimage\"},\"image\":{\"@id\":\"https:\\\/\\\/providencechildrensfilmfestival.org\\\/adults-night-only-sorry-kids\\\/#primaryimage\"},\"thumbnailUrl\":\"https:\\\/\\\/providencechildrensfilmfestival.org\\\/wp-content\\\/uploads\\\/2025\\\/09\\\/AdultsNight-Social-Web-2-e1757628312707.jpg\",\"datePublished\":\"2025-04-25T17:51:04+00:00\",\"dateModified\":\"2025-09-11T22:05:37+00:00\",\"breadcrumb\":{\"@id\":\"https:\\\/\\\/providencechildrensfilmfestival.org\\\/adults-night-only-sorry-kids\\\/#breadcrumb\"},\"inLanguage\":\"es-CO\",\"potentialAction\":[{\"@type\":\"ReadAction\",\"target\":[\"https:\\\/\\\/providencechildrensfilmfestival.org\\\/adults-night-only-sorry-kids\\\/\"]}]},{\"@type\":\"ImageObject\",\"inLanguage\":\"es-CO\",\"@id\":\"https:\\\/\\\/providencechildrensfilmfestival.org\\\/adults-night-only-sorry-kids\\\/#primaryimage\",\"url\":\"https:\\\/\\\/providencechildrensfilmfestival.org\\\/wp-content\\\/uploads\\\/2025\\\/09\\\/AdultsNight-Social-Web-2-e1757628312707.jpg\",\"contentUrl\":\"https:\\\/\\\/providencechildrensfilmfestival.org\\\/wp-content\\\/uploads\\\/2025\\\/09\\\/AdultsNight-Social-Web-2-e1757628312707.jpg\",\"width\":1530,\"height\":506},{\"@type\":\"BreadcrumbList\",\"@id\":\"https:\\\/\\\/providencechildrensfilmfestival.org\\\/adults-night-only-sorry-kids\\\/#breadcrumb\",\"itemListElement\":[{\"@type\":\"ListItem\",\"position\":1,\"name\":\"Home\",\"item\":\"https:\\\/\\\/providencechildrensfilmfestival.org\\\/\"},{\"@type\":\"ListItem\",\"position\":2,\"name\":\"Adults Only Night! (Sorry, kids)\"}]},{\"@type\":\"WebSite\",\"@id\":\"https:\\\/\\\/providencechildrensfilmfestival.org\\\/#website\",\"url\":\"https:\\\/\\\/providencechildrensfilmfestival.org\\\/\",\"name\":\"Providence Children&#039;s Film Festival\",\"description\":\"\",\"potentialAction\":[{\"@type\":\"SearchAction\",\"target\":{\"@type\":\"EntryPoint\",\"urlTemplate\":\"https:\\\/\\\/providencechildrensfilmfestival.org\\\/?s={search_term_string}\"},\"query-input\":{\"@type\":\"PropertyValueSpecification\",\"valueRequired\":true,\"valueName\":\"search_term_string\"}}],\"inLanguage\":\"es-CO\"}]}<\/script>\n<!-- \/ Yoast SEO plugin. -->","yoast_head_json":{"title":"Adults Only Night! (Sorry, kids) - Providence Children&#039;s Film Festival","robots":{"index":"index","follow":"follow","max-snippet":"max-snippet:-1","max-image-preview":"max-image-preview:large","max-video-preview":"max-video-preview:-1"},"canonical":"https:\/\/providencechildrensfilmfestival.org\/es\/adults-night-only-sorry-kids\/","og_locale":"es_ES","og_type":"article","og_title":"Adults Only Night! (Sorry, kids) - Providence Children&#039;s Film Festival","og_description":"Let&#8217;s GO! It&#8217;s PCFF&#8217;s annual fundraiser! Join us for an evening of eyebrow-raising not-quite-kid-friendly short films. Of the 800+ films that Artistic Director Eric Bilodeau considers annually, some are spot [&hellip;]","og_url":"https:\/\/providencechildrensfilmfestival.org\/es\/adults-night-only-sorry-kids\/","og_site_name":"Providence Children&#039;s Film Festival","article_publisher":"https:\/\/www.facebook.com\/ProvidenceChildrensFilmFestival","article_modified_time":"2025-09-11T22:05:37+00:00","og_image":[{"width":1530,"height":506,"url":"https:\/\/providencechildrensfilmfestival.org\/wp-content\/uploads\/2025\/09\/AdultsNight-Social-Web-2-e1757628312707.jpg","type":"image\/jpeg"}],"twitter_card":"summary_large_image","twitter_site":"@pcffri","twitter_misc":{"Est. reading time":"2 minutos"},"schema":{"@context":"https:\/\/schema.org","@graph":[{"@type":"WebPage","@id":"https:\/\/providencechildrensfilmfestival.org\/adults-night-only-sorry-kids\/","url":"https:\/\/providencechildrensfilmfestival.org\/adults-night-only-sorry-kids\/","name":"Adults Only Night! (Sorry, kids) - Providence Children&#039;s Film Festival","isPartOf":{"@id":"https:\/\/providencechildrensfilmfestival.org\/#website"},"primaryImageOfPage":{"@id":"https:\/\/providencechildrensfilmfestival.org\/adults-night-only-sorry-kids\/#primaryimage"},"image":{"@id":"https:\/\/providencechildrensfilmfestival.org\/adults-night-only-sorry-kids\/#primaryimage"},"thumbnailUrl":"https:\/\/providencechildrensfilmfestival.org\/wp-content\/uploads\/2025\/09\/AdultsNight-Social-Web-2-e1757628312707.jpg","datePublished":"2025-04-25T17:51:04+00:00","dateModified":"2025-09-11T22:05:37+00:00","breadcrumb":{"@id":"https:\/\/providencechildrensfilmfestival.org\/adults-night-only-sorry-kids\/#breadcrumb"},"inLanguage":"es-CO","potentialAction":[{"@type":"ReadAction","target":["https:\/\/providencechildrensfilmfestival.org\/adults-night-only-sorry-kids\/"]}]},{"@type":"ImageObject","inLanguage":"es-CO","@id":"https:\/\/providencechildrensfilmfestival.org\/adults-night-only-sorry-kids\/#primaryimage","url":"https:\/\/providencechildrensfilmfestival.org\/wp-content\/uploads\/2025\/09\/AdultsNight-Social-Web-2-e1757628312707.jpg","contentUrl":"https:\/\/providencechildrensfilmfestival.org\/wp-content\/uploads\/2025\/09\/AdultsNight-Social-Web-2-e1757628312707.jpg","width":1530,"height":506},{"@type":"BreadcrumbList","@id":"https:\/\/providencechildrensfilmfestival.org\/adults-night-only-sorry-kids\/#breadcrumb","itemListElement":[{"@type":"ListItem","position":1,"name":"Home","item":"https:\/\/providencechildrensfilmfestival.org\/"},{"@type":"ListItem","position":2,"name":"Adults Only Night! (Sorry, kids)"}]},{"@type":"WebSite","@id":"https:\/\/providencechildrensfilmfestival.org\/#website","url":"https:\/\/providencechildrensfilmfestival.org\/","name":"Festival de Cine Infantil de Providence","description":"","potentialAction":[{"@type":"SearchAction","target":{"@type":"EntryPoint","urlTemplate":"https:\/\/providencechildrensfilmfestival.org\/?s={search_term_string}"},"query-input":{"@type":"PropertyValueSpecification","valueRequired":true,"valueName":"search_term_string"}}],"inLanguage":"es-CO"}]}},"ticketed":false,"_links":{"self":[{"href":"https:\/\/providencechildrensfilmfestival.org\/es\/wp-json\/wp\/v2\/pages\/8016","targetHints":{"allow":["GET"]}}],"collection":[{"href":"https:\/\/providencechildrensfilmfestival.org\/es\/wp-json\/wp\/v2\/pages"}],"about":[{"href":"https:\/\/providencechildrensfilmfestival.org\/es\/wp-json\/wp\/v2\/types\/page"}],"author":[{"embeddable":true,"href":"https:\/\/providencechildrensfilmfestival.org\/es\/wp-json\/wp\/v2\/users\/12"}],"replies":[{"embeddable":true,"href":"https:\/\/providencechildrensfilmfestival.org\/es\/wp-json\/wp\/v2\/comments?post=8016"}],"version-history":[{"count":0,"href":"https:\/\/providencechildrensfilmfestival.org\/es\/wp-json\/wp\/v2\/pages\/8016\/revisions"}],"wp:featuredmedia":[{"embeddable":true,"href":"https:\/\/providencechildrensfilmfestival.org\/es\/wp-json\/wp\/v2\/media\/8095"}],"wp:attachment":[{"href":"https:\/\/providencechildrensfilmfestival.org\/es\/wp-json\/wp\/v2\/media?parent=8016"}],"curies":[{"name":"wp","href":"https:\/\/api.w.org\/{rel}","templated":true}]}}