{"id":7960,"date":"2025-03-05T20:05:32","date_gmt":"2025-03-05T20:05:32","guid":{"rendered":"https:\/\/providencechildrensfilmfestival.org\/?page_id=7960"},"modified":"2025-03-05T22:12:35","modified_gmt":"2025-03-05T22:12:35","slug":"2025-stop-motion-animation-videos","status":"publish","type":"page","link":"https:\/\/providencechildrensfilmfestival.org\/es\/2025-stop-motion-animation-videos\/","title":{"rendered":"2025 v\u00eddeos de animaci\u00f3n stop motion"},"content":{"rendered":"<h2>Esperamos que disfrute de estos v\u00eddeos recopilatorios de los talleres de animaci\u00f3n del Festival 2025.<\/h2>\n<p><img loading=\"lazy\" decoding=\"async\" class=\"size-medium wp-image-7664 alignright\" src=\"https:\/\/providencechildrensfilmfestival.org\/wp-content\/uploads\/2024\/11\/clpvd-main-logo-1024x351-1-300x103.png\" alt=\"\" width=\"300\" height=\"103\" srcset=\"https:\/\/providencechildrensfilmfestival.org\/wp-content\/uploads\/2024\/11\/clpvd-main-logo-1024x351-1-300x103.png 300w, https:\/\/providencechildrensfilmfestival.org\/wp-content\/uploads\/2024\/11\/clpvd-main-logo-1024x351-1-768x263.png 768w, https:\/\/providencechildrensfilmfestival.org\/wp-content\/uploads\/2024\/11\/clpvd-main-logo-1024x351-1-560x192.png 560w, https:\/\/providencechildrensfilmfestival.org\/wp-content\/uploads\/2024\/11\/clpvd-main-logo-1024x351-1-260x89.png 260w, https:\/\/providencechildrensfilmfestival.org\/wp-content\/uploads\/2024\/11\/clpvd-main-logo-1024x351-1-160x55.png 160w, https:\/\/providencechildrensfilmfestival.org\/wp-content\/uploads\/2024\/11\/clpvd-main-logo-1024x351-1.png 1024w\" sizes=\"auto, (max-width: 300px) 100vw, 300px\" \/><\/p>\n<p>Nuestros j\u00f3venes animadores trabajaron duro y se lo pasaron en grande.<\/p>\n<p>Gracias a nuestro gran equipo de educadores - Devon Torres, Garrett Locke, Kristen Haines y Alice Bilodeau por guiar a los j\u00f3venes artistas a trav\u00e9s de los fundamentos de la animaci\u00f3n. Mant\u00e9ngase en sinton\u00eda para m\u00e1s oportunidades de animaci\u00f3n a trav\u00e9s de PCFF, o echa un vistazo a la animaci\u00f3n en los horarios en el <strong>Bibliotecas comunitarias de Providence<\/strong>!<\/p>\n<p><strong>Haga clic en la imagen para ver cada pel\u00edcula en nuestro canal Vimeo.<\/strong><\/p>\n<p>&nbsp;<\/p>\n<p><a href=\"https:\/\/vimeo.com\/1062907269?share=copy#t=0\"><img loading=\"lazy\" decoding=\"async\" class=\"alignnone size-medium wp-image-7963\" src=\"https:\/\/providencechildrensfilmfestival.org\/wp-content\/uploads\/2025\/03\/Screenshot-2025-03-05-at-2.47.35\u202fPM-300x300.png\" alt=\"\" width=\"300\" height=\"300\" srcset=\"https:\/\/providencechildrensfilmfestival.org\/wp-content\/uploads\/2025\/03\/Screenshot-2025-03-05-at-2.47.35\u202fPM-300x300.png 300w, https:\/\/providencechildrensfilmfestival.org\/wp-content\/uploads\/2025\/03\/Screenshot-2025-03-05-at-2.47.35\u202fPM-150x150.png 150w, https:\/\/providencechildrensfilmfestival.org\/wp-content\/uploads\/2025\/03\/Screenshot-2025-03-05-at-2.47.35\u202fPM-560x560.png 560w, https:\/\/providencechildrensfilmfestival.org\/wp-content\/uploads\/2025\/03\/Screenshot-2025-03-05-at-2.47.35\u202fPM-260x260.png 260w, https:\/\/providencechildrensfilmfestival.org\/wp-content\/uploads\/2025\/03\/Screenshot-2025-03-05-at-2.47.35\u202fPM-160x160.png 160w, https:\/\/providencechildrensfilmfestival.org\/wp-content\/uploads\/2025\/03\/Screenshot-2025-03-05-at-2.47.35\u202fPM.png 722w\" sizes=\"auto, (max-width: 300px) 100vw, 300px\" \/><\/a><\/p>\n<p><a href=\"https:\/\/vimeo.com\/1062905824?share=copy#t=0\"><img loading=\"lazy\" decoding=\"async\" class=\"size-medium wp-image-7962 alignleft\" src=\"https:\/\/providencechildrensfilmfestival.org\/wp-content\/uploads\/2025\/03\/Screenshot-2025-03-05-at-2.47.19\u202fPM-300x300.png\" alt=\"\" width=\"300\" height=\"300\" srcset=\"https:\/\/providencechildrensfilmfestival.org\/wp-content\/uploads\/2025\/03\/Screenshot-2025-03-05-at-2.47.19\u202fPM-300x300.png 300w, https:\/\/providencechildrensfilmfestival.org\/wp-content\/uploads\/2025\/03\/Screenshot-2025-03-05-at-2.47.19\u202fPM-150x150.png 150w, https:\/\/providencechildrensfilmfestival.org\/wp-content\/uploads\/2025\/03\/Screenshot-2025-03-05-at-2.47.19\u202fPM-560x562.png 560w, https:\/\/providencechildrensfilmfestival.org\/wp-content\/uploads\/2025\/03\/Screenshot-2025-03-05-at-2.47.19\u202fPM-260x261.png 260w, https:\/\/providencechildrensfilmfestival.org\/wp-content\/uploads\/2025\/03\/Screenshot-2025-03-05-at-2.47.19\u202fPM-160x160.png 160w, https:\/\/providencechildrensfilmfestival.org\/wp-content\/uploads\/2025\/03\/Screenshot-2025-03-05-at-2.47.19\u202fPM.png 716w\" sizes=\"auto, (max-width: 300px) 100vw, 300px\" \/><\/a><\/p>\n<p>&nbsp;<\/p>\n<p>&nbsp;<\/p>\n<p>&nbsp;<\/p>\n<p>&nbsp;<\/p>\n<p>&nbsp;<\/p>\n<p>&nbsp;<\/p>\n<p>&nbsp;<\/p>\n<p>&nbsp;<\/p>\n<p>&nbsp;<\/p>\n<p>&nbsp;<\/p>\n<p><a href=\"https:\/\/vimeo.com\/1062908555?share=copy#t=0\"><img loading=\"lazy\" decoding=\"async\" class=\"size-medium wp-image-7961 alignleft\" src=\"https:\/\/providencechildrensfilmfestival.org\/wp-content\/uploads\/2025\/03\/Screenshot-2025-03-05-at-2.47.02\u202fPM-300x300.png\" alt=\"\" width=\"300\" height=\"300\" srcset=\"https:\/\/providencechildrensfilmfestival.org\/wp-content\/uploads\/2025\/03\/Screenshot-2025-03-05-at-2.47.02\u202fPM-300x300.png 300w, https:\/\/providencechildrensfilmfestival.org\/wp-content\/uploads\/2025\/03\/Screenshot-2025-03-05-at-2.47.02\u202fPM-150x150.png 150w, https:\/\/providencechildrensfilmfestival.org\/wp-content\/uploads\/2025\/03\/Screenshot-2025-03-05-at-2.47.02\u202fPM-560x558.png 560w, https:\/\/providencechildrensfilmfestival.org\/wp-content\/uploads\/2025\/03\/Screenshot-2025-03-05-at-2.47.02\u202fPM-260x259.png 260w, https:\/\/providencechildrensfilmfestival.org\/wp-content\/uploads\/2025\/03\/Screenshot-2025-03-05-at-2.47.02\u202fPM-160x160.png 160w, https:\/\/providencechildrensfilmfestival.org\/wp-content\/uploads\/2025\/03\/Screenshot-2025-03-05-at-2.47.02\u202fPM.png 720w\" sizes=\"auto, (max-width: 300px) 100vw, 300px\" \/><\/a><\/p>\n<p>&nbsp;<\/p>\n<p>&nbsp;<\/p>\n<p>&nbsp;<\/p>\n<p>&nbsp;<\/p>\n<p>&nbsp;<\/p>\n<p>&nbsp;<\/p>\n<p>&nbsp;<\/p>\n<p>&nbsp;<\/p>\n<p>&nbsp;<\/p>\n<p>&nbsp;<\/p>","protected":false},"excerpt":{"rendered":"<p>We hope you enjoy these compilation videos of the 2025 Festival Animation Workshops! Our young animators worked hard and had a blast. Thanks to our super team of Educators &#8211; [&hellip;]<\/p>\n","protected":false},"author":12,"featured_media":7964,"parent":0,"menu_order":0,"comment_status":"closed","ping_status":"closed","template":"","meta":{"_acf_changed":false,"_monsterinsights_skip_tracking":false,"_monsterinsights_sitenote_active":false,"_monsterinsights_sitenote_note":"","_monsterinsights_sitenote_category":0,"_price":"","_stock":"","_tribe_ticket_header":"","_tribe_default_ticket_provider":"","_tribe_ticket_capacity":"0","_ticket_start_date":"","_ticket_end_date":"","_tribe_ticket_show_description":"","_tribe_ticket_show_not_going":false,"_tribe_ticket_use_global_stock":"","_tribe_ticket_global_stock_level":"","_global_stock_mode":"","_global_stock_cap":"","_tribe_rsvp_for_event":"","_tribe_ticket_going_count":"","_tribe_ticket_not_going_count":"","_tribe_tickets_list":"[]","_tribe_ticket_has_attendee_info_fields":false,"footnotes":"","_tec_slr_enabled":"","_tec_slr_layout":""},"class_list":["post-7960","page","type-page","status-publish","has-post-thumbnail","hentry"],"acf":[],"yoast_head":"<!-- This site is optimized with the Yoast SEO plugin v27.5 - https:\/\/yoast.com\/product\/yoast-seo-wordpress\/ -->\n<title>2025 Stop Motion Animation Videos! - Providence Children&#039;s Film Festival<\/title>\n<meta name=\"robots\" content=\"index, follow, max-snippet:-1, max-image-preview:large, max-video-preview:-1\" \/>\n<link rel=\"canonical\" href=\"https:\/\/providencechildrensfilmfestival.org\/es\/2025-stop-motion-animation-videos\/\" \/>\n<meta property=\"og:locale\" content=\"es_ES\" \/>\n<meta property=\"og:type\" content=\"article\" \/>\n<meta property=\"og:title\" content=\"2025 Stop Motion Animation Videos! - Providence Children&#039;s Film Festival\" \/>\n<meta property=\"og:description\" content=\"We hope you enjoy these compilation videos of the 2025 Festival Animation Workshops! Our young animators worked hard and had a blast. Thanks to our super team of Educators &#8211; [&hellip;]\" \/>\n<meta property=\"og:url\" content=\"https:\/\/providencechildrensfilmfestival.org\/es\/2025-stop-motion-animation-videos\/\" \/>\n<meta property=\"og:site_name\" content=\"Providence Children&#039;s Film Festival\" \/>\n<meta property=\"article:publisher\" content=\"https:\/\/www.facebook.com\/ProvidenceChildrensFilmFestival\" \/>\n<meta property=\"article:modified_time\" content=\"2025-03-05T22:12:35+00:00\" \/>\n<meta property=\"og:image\" content=\"https:\/\/providencechildrensfilmfestival.org\/wp-content\/uploads\/2025\/03\/Screenshot-2025-03-05-at-2.55.11\u202fPM.png\" \/>\n\t<meta property=\"og:image:width\" content=\"1908\" \/>\n\t<meta property=\"og:image:height\" content=\"496\" \/>\n\t<meta property=\"og:image:type\" content=\"image\/png\" \/>\n<meta name=\"twitter:card\" content=\"summary_large_image\" \/>\n<meta name=\"twitter:site\" content=\"@pcffri\" \/>\n<meta name=\"twitter:label1\" content=\"Est. reading time\" \/>\n\t<meta name=\"twitter:data1\" content=\"2 minutos\" \/>\n<script type=\"application\/ld+json\" class=\"yoast-schema-graph\">{\"@context\":\"https:\\\/\\\/schema.org\",\"@graph\":[{\"@type\":\"WebPage\",\"@id\":\"https:\\\/\\\/providencechildrensfilmfestival.org\\\/2025-stop-motion-animation-videos\\\/\",\"url\":\"https:\\\/\\\/providencechildrensfilmfestival.org\\\/2025-stop-motion-animation-videos\\\/\",\"name\":\"2025 Stop Motion Animation Videos! - Providence Children&#039;s Film Festival\",\"isPartOf\":{\"@id\":\"https:\\\/\\\/providencechildrensfilmfestival.org\\\/#website\"},\"primaryImageOfPage\":{\"@id\":\"https:\\\/\\\/providencechildrensfilmfestival.org\\\/2025-stop-motion-animation-videos\\\/#primaryimage\"},\"image\":{\"@id\":\"https:\\\/\\\/providencechildrensfilmfestival.org\\\/2025-stop-motion-animation-videos\\\/#primaryimage\"},\"thumbnailUrl\":\"https:\\\/\\\/providencechildrensfilmfestival.org\\\/wp-content\\\/uploads\\\/2025\\\/03\\\/Screenshot-2025-03-05-at-2.55.11\u202fPM.png\",\"datePublished\":\"2025-03-05T20:05:32+00:00\",\"dateModified\":\"2025-03-05T22:12:35+00:00\",\"breadcrumb\":{\"@id\":\"https:\\\/\\\/providencechildrensfilmfestival.org\\\/2025-stop-motion-animation-videos\\\/#breadcrumb\"},\"inLanguage\":\"es-CO\",\"potentialAction\":[{\"@type\":\"ReadAction\",\"target\":[\"https:\\\/\\\/providencechildrensfilmfestival.org\\\/2025-stop-motion-animation-videos\\\/\"]}]},{\"@type\":\"ImageObject\",\"inLanguage\":\"es-CO\",\"@id\":\"https:\\\/\\\/providencechildrensfilmfestival.org\\\/2025-stop-motion-animation-videos\\\/#primaryimage\",\"url\":\"https:\\\/\\\/providencechildrensfilmfestival.org\\\/wp-content\\\/uploads\\\/2025\\\/03\\\/Screenshot-2025-03-05-at-2.55.11\u202fPM.png\",\"contentUrl\":\"https:\\\/\\\/providencechildrensfilmfestival.org\\\/wp-content\\\/uploads\\\/2025\\\/03\\\/Screenshot-2025-03-05-at-2.55.11\u202fPM.png\",\"width\":1908,\"height\":496},{\"@type\":\"BreadcrumbList\",\"@id\":\"https:\\\/\\\/providencechildrensfilmfestival.org\\\/2025-stop-motion-animation-videos\\\/#breadcrumb\",\"itemListElement\":[{\"@type\":\"ListItem\",\"position\":1,\"name\":\"Home\",\"item\":\"https:\\\/\\\/providencechildrensfilmfestival.org\\\/\"},{\"@type\":\"ListItem\",\"position\":2,\"name\":\"2025 Stop Motion Animation Videos!\"}]},{\"@type\":\"WebSite\",\"@id\":\"https:\\\/\\\/providencechildrensfilmfestival.org\\\/#website\",\"url\":\"https:\\\/\\\/providencechildrensfilmfestival.org\\\/\",\"name\":\"Providence Children&#039;s Film Festival\",\"description\":\"\",\"potentialAction\":[{\"@type\":\"SearchAction\",\"target\":{\"@type\":\"EntryPoint\",\"urlTemplate\":\"https:\\\/\\\/providencechildrensfilmfestival.org\\\/?s={search_term_string}\"},\"query-input\":{\"@type\":\"PropertyValueSpecification\",\"valueRequired\":true,\"valueName\":\"search_term_string\"}}],\"inLanguage\":\"es-CO\"}]}<\/script>\n<!-- \/ Yoast SEO plugin. -->","yoast_head_json":{"title":"2025 Stop Motion Animation Videos! - Providence Children&#039;s Film Festival","robots":{"index":"index","follow":"follow","max-snippet":"max-snippet:-1","max-image-preview":"max-image-preview:large","max-video-preview":"max-video-preview:-1"},"canonical":"https:\/\/providencechildrensfilmfestival.org\/es\/2025-stop-motion-animation-videos\/","og_locale":"es_ES","og_type":"article","og_title":"2025 Stop Motion Animation Videos! - Providence Children&#039;s Film Festival","og_description":"We hope you enjoy these compilation videos of the 2025 Festival Animation Workshops! Our young animators worked hard and had a blast. Thanks to our super team of Educators &#8211; [&hellip;]","og_url":"https:\/\/providencechildrensfilmfestival.org\/es\/2025-stop-motion-animation-videos\/","og_site_name":"Providence Children&#039;s Film Festival","article_publisher":"https:\/\/www.facebook.com\/ProvidenceChildrensFilmFestival","article_modified_time":"2025-03-05T22:12:35+00:00","og_image":[{"width":1908,"height":496,"url":"https:\/\/providencechildrensfilmfestival.org\/wp-content\/uploads\/2025\/03\/Screenshot-2025-03-05-at-2.55.11\u202fPM.png","type":"image\/png"}],"twitter_card":"summary_large_image","twitter_site":"@pcffri","twitter_misc":{"Est. reading time":"2 minutos"},"schema":{"@context":"https:\/\/schema.org","@graph":[{"@type":"WebPage","@id":"https:\/\/providencechildrensfilmfestival.org\/2025-stop-motion-animation-videos\/","url":"https:\/\/providencechildrensfilmfestival.org\/2025-stop-motion-animation-videos\/","name":"2025 Stop Motion Animation Videos! - Providence Children&#039;s Film Festival","isPartOf":{"@id":"https:\/\/providencechildrensfilmfestival.org\/#website"},"primaryImageOfPage":{"@id":"https:\/\/providencechildrensfilmfestival.org\/2025-stop-motion-animation-videos\/#primaryimage"},"image":{"@id":"https:\/\/providencechildrensfilmfestival.org\/2025-stop-motion-animation-videos\/#primaryimage"},"thumbnailUrl":"https:\/\/providencechildrensfilmfestival.org\/wp-content\/uploads\/2025\/03\/Screenshot-2025-03-05-at-2.55.11\u202fPM.png","datePublished":"2025-03-05T20:05:32+00:00","dateModified":"2025-03-05T22:12:35+00:00","breadcrumb":{"@id":"https:\/\/providencechildrensfilmfestival.org\/2025-stop-motion-animation-videos\/#breadcrumb"},"inLanguage":"es-CO","potentialAction":[{"@type":"ReadAction","target":["https:\/\/providencechildrensfilmfestival.org\/2025-stop-motion-animation-videos\/"]}]},{"@type":"ImageObject","inLanguage":"es-CO","@id":"https:\/\/providencechildrensfilmfestival.org\/2025-stop-motion-animation-videos\/#primaryimage","url":"https:\/\/providencechildrensfilmfestival.org\/wp-content\/uploads\/2025\/03\/Screenshot-2025-03-05-at-2.55.11\u202fPM.png","contentUrl":"https:\/\/providencechildrensfilmfestival.org\/wp-content\/uploads\/2025\/03\/Screenshot-2025-03-05-at-2.55.11\u202fPM.png","width":1908,"height":496},{"@type":"BreadcrumbList","@id":"https:\/\/providencechildrensfilmfestival.org\/2025-stop-motion-animation-videos\/#breadcrumb","itemListElement":[{"@type":"ListItem","position":1,"name":"Home","item":"https:\/\/providencechildrensfilmfestival.org\/"},{"@type":"ListItem","position":2,"name":"2025 Stop Motion Animation Videos!"}]},{"@type":"WebSite","@id":"https:\/\/providencechildrensfilmfestival.org\/#website","url":"https:\/\/providencechildrensfilmfestival.org\/","name":"Festival de Cine Infantil de Providence","description":"","potentialAction":[{"@type":"SearchAction","target":{"@type":"EntryPoint","urlTemplate":"https:\/\/providencechildrensfilmfestival.org\/?s={search_term_string}"},"query-input":{"@type":"PropertyValueSpecification","valueRequired":true,"valueName":"search_term_string"}}],"inLanguage":"es-CO"}]}},"ticketed":false,"_links":{"self":[{"href":"https:\/\/providencechildrensfilmfestival.org\/es\/wp-json\/wp\/v2\/pages\/7960","targetHints":{"allow":["GET"]}}],"collection":[{"href":"https:\/\/providencechildrensfilmfestival.org\/es\/wp-json\/wp\/v2\/pages"}],"about":[{"href":"https:\/\/providencechildrensfilmfestival.org\/es\/wp-json\/wp\/v2\/types\/page"}],"author":[{"embeddable":true,"href":"https:\/\/providencechildrensfilmfestival.org\/es\/wp-json\/wp\/v2\/users\/12"}],"replies":[{"embeddable":true,"href":"https:\/\/providencechildrensfilmfestival.org\/es\/wp-json\/wp\/v2\/comments?post=7960"}],"version-history":[{"count":0,"href":"https:\/\/providencechildrensfilmfestival.org\/es\/wp-json\/wp\/v2\/pages\/7960\/revisions"}],"wp:featuredmedia":[{"embeddable":true,"href":"https:\/\/providencechildrensfilmfestival.org\/es\/wp-json\/wp\/v2\/media\/7964"}],"wp:attachment":[{"href":"https:\/\/providencechildrensfilmfestival.org\/es\/wp-json\/wp\/v2\/media?parent=7960"}],"curies":[{"name":"wp","href":"https:\/\/api.w.org\/{rel}","templated":true}]}}