{"id":5673,"date":"2020-02-11T01:22:14","date_gmt":"2020-02-11T01:22:14","guid":{"rendered":"https:\/\/pcffri.local\/?page_id=5673"},"modified":"2020-02-11T01:25:40","modified_gmt":"2020-02-11T01:25:40","slug":"special-effects-workshop","status":"publish","type":"page","link":"https:\/\/providencechildrensfilmfestival.org\/es\/special-effects-workshop\/","title":{"rendered":"Taller de efectos especiales, s\u00e1bado 15 de febrero (11:30 - 13:00)"},"content":{"rendered":"<p>Interact\u00fae con la maquilladora profesional Kara Andrews, de Art on the spot, que le mostrar\u00e1 diversas t\u00e9cnicas para crear heridas y otros rasgos dram\u00e1ticos utilizados en las pel\u00edculas.<br \/>\nLos participantes podr\u00e1n crear su propia historia de c\u00f3mo se produjo la herida, as\u00ed como hacer preguntas a Kara durante el proceso. Cada asistente saldr\u00e1 un poco marcado (de una manera que se borra), as\u00ed como con mucho m\u00e1s conocimiento y aprecio por el arte del maquillaje de efectos especiales.<\/p>\n<p>Centro Gilder de Artes Esc\u00e9nicas, Escuela Wheeler<\/p>\n<p>11:30- 13:00 (90 min.)<\/p>\n<p>$20 entrada en l\u00ednea<\/p>\n<p>$30 billete directo<\/p>","protected":false},"excerpt":{"rendered":"<p>Interact with professional makeup artist, Kara Andrews from Art on the spot, as she demonstrates a variety of techniques for creating wounds and other dramatic features used in films. Participants [&hellip;]<\/p>\n","protected":false},"author":13,"featured_media":0,"parent":0,"menu_order":0,"comment_status":"closed","ping_status":"closed","template":"","meta":{"_acf_changed":false,"_monsterinsights_skip_tracking":false,"_monsterinsights_sitenote_active":false,"_monsterinsights_sitenote_note":"","_monsterinsights_sitenote_category":0,"_price":"","_stock":"","_tribe_ticket_header":"","_tribe_default_ticket_provider":"","_tribe_ticket_capacity":"0","_ticket_start_date":"","_ticket_end_date":"","_tribe_ticket_show_description":"","_tribe_ticket_show_not_going":false,"_tribe_ticket_use_global_stock":"","_tribe_ticket_global_stock_level":"","_global_stock_mode":"","_global_stock_cap":"","_tribe_rsvp_for_event":"","_tribe_ticket_going_count":"","_tribe_ticket_not_going_count":"","_tribe_tickets_list":"[]","_tribe_ticket_has_attendee_info_fields":false,"footnotes":"","_tec_slr_enabled":"","_tec_slr_layout":""},"class_list":["post-5673","page","type-page","status-publish","hentry"],"acf":[],"yoast_head":"<!-- This site is optimized with the Yoast SEO plugin v27.4 - https:\/\/yoast.com\/product\/yoast-seo-wordpress\/ -->\n<title>Special Effects Workshop, Saturday, February 15 (11:30 AM - 1:00 PM) - Providence Children&#039;s Film Festival<\/title>\n<meta name=\"description\" content=\"Interact with professional makeup artist, Kara Andrews from Art on the spot, as she demonstrates a variety of techniques for creating wounds and other dramatic features used in films. Participants may craft their own tale of how the wound came to be as well as ask Kara questions throughout the process. Each attendee will leave a little scarred (in a way that washes off) as well as with a lot more knoweldge and appreciation for the art of special effects makeup!\" \/>\n<meta name=\"robots\" content=\"index, follow, max-snippet:-1, max-image-preview:large, max-video-preview:-1\" \/>\n<link rel=\"canonical\" href=\"https:\/\/providencechildrensfilmfestival.org\/es\/special-effects-workshop\/\" \/>\n<meta property=\"og:locale\" content=\"es_ES\" \/>\n<meta property=\"og:type\" content=\"article\" \/>\n<meta property=\"og:title\" content=\"Special Effects Workshop, Saturday, February 15 (11:30 AM - 1:00 PM) - Providence Children&#039;s Film Festival\" \/>\n<meta property=\"og:description\" content=\"Interact with professional makeup artist, Kara Andrews from Art on the spot, as she demonstrates a variety of techniques for creating wounds and other dramatic features used in films. Participants may craft their own tale of how the wound came to be as well as ask Kara questions throughout the process. Each attendee will leave a little scarred (in a way that washes off) as well as with a lot more knoweldge and appreciation for the art of special effects makeup!\" \/>\n<meta property=\"og:url\" content=\"https:\/\/providencechildrensfilmfestival.org\/es\/special-effects-workshop\/\" \/>\n<meta property=\"og:site_name\" content=\"Providence Children&#039;s Film Festival\" \/>\n<meta property=\"article:publisher\" content=\"https:\/\/www.facebook.com\/ProvidenceChildrensFilmFestival\" \/>\n<meta property=\"article:modified_time\" content=\"2020-02-11T01:25:40+00:00\" \/>\n<meta property=\"og:image\" content=\"https:\/\/providencechildrensfilmfestival.org\/wp-content\/uploads\/2014\/08\/PCFF_LogoHome2.png\" \/>\n\t<meta property=\"og:image:width\" content=\"434\" \/>\n\t<meta property=\"og:image:height\" content=\"229\" \/>\n\t<meta property=\"og:image:type\" content=\"image\/png\" \/>\n<meta name=\"twitter:card\" content=\"summary_large_image\" \/>\n<meta name=\"twitter:site\" content=\"@pcffri\" \/>\n<script type=\"application\/ld+json\" class=\"yoast-schema-graph\">{\"@context\":\"https:\\\/\\\/schema.org\",\"@graph\":[{\"@type\":\"WebPage\",\"@id\":\"https:\\\/\\\/providencechildrensfilmfestival.org\\\/special-effects-workshop\\\/\",\"url\":\"https:\\\/\\\/providencechildrensfilmfestival.org\\\/special-effects-workshop\\\/\",\"name\":\"Special Effects Workshop, Saturday, February 15 (11:30 AM - 1:00 PM) - Providence Children&#039;s Film Festival\",\"isPartOf\":{\"@id\":\"https:\\\/\\\/providencechildrensfilmfestival.org\\\/#website\"},\"datePublished\":\"2020-02-11T01:22:14+00:00\",\"dateModified\":\"2020-02-11T01:25:40+00:00\",\"description\":\"Interact with professional makeup artist, Kara Andrews from Art on the spot, as she demonstrates a variety of techniques for creating wounds and other dramatic features used in films. Participants may craft their own tale of how the wound came to be as well as ask Kara questions throughout the process. Each attendee will leave a little scarred (in a way that washes off) as well as with a lot more knoweldge and appreciation for the art of special effects makeup!\",\"breadcrumb\":{\"@id\":\"https:\\\/\\\/providencechildrensfilmfestival.org\\\/special-effects-workshop\\\/#breadcrumb\"},\"inLanguage\":\"es-CO\",\"potentialAction\":[{\"@type\":\"ReadAction\",\"target\":[\"https:\\\/\\\/providencechildrensfilmfestival.org\\\/special-effects-workshop\\\/\"]}]},{\"@type\":\"BreadcrumbList\",\"@id\":\"https:\\\/\\\/providencechildrensfilmfestival.org\\\/special-effects-workshop\\\/#breadcrumb\",\"itemListElement\":[{\"@type\":\"ListItem\",\"position\":1,\"name\":\"Home\",\"item\":\"https:\\\/\\\/providencechildrensfilmfestival.org\\\/\"},{\"@type\":\"ListItem\",\"position\":2,\"name\":\"Special Effects Workshop, Saturday, February 15 (11:30 AM &#8211; 1:00 PM)\"}]},{\"@type\":\"WebSite\",\"@id\":\"https:\\\/\\\/providencechildrensfilmfestival.org\\\/#website\",\"url\":\"https:\\\/\\\/providencechildrensfilmfestival.org\\\/\",\"name\":\"Providence Children&#039;s Film Festival\",\"description\":\"\",\"potentialAction\":[{\"@type\":\"SearchAction\",\"target\":{\"@type\":\"EntryPoint\",\"urlTemplate\":\"https:\\\/\\\/providencechildrensfilmfestival.org\\\/?s={search_term_string}\"},\"query-input\":{\"@type\":\"PropertyValueSpecification\",\"valueRequired\":true,\"valueName\":\"search_term_string\"}}],\"inLanguage\":\"es-CO\"}]}<\/script>\n<!-- \/ Yoast SEO plugin. -->","yoast_head_json":{"title":"Special Effects Workshop, Saturday, February 15 (11:30 AM - 1:00 PM) - Providence Children&#039;s Film Festival","description":"Interact\u00fae con la maquilladora profesional Kara Andrews, de Art on the spot, que le mostrar\u00e1 diversas t\u00e9cnicas para crear heridas y otros rasgos dram\u00e1ticos utilizados en las pel\u00edculas. Los participantes podr\u00e1n crear su propia historia de c\u00f3mo surgi\u00f3 la herida, as\u00ed como hacer preguntas a Kara durante el proceso. Cada asistente saldr\u00e1 un poco marcado (de una manera que se borra), \u00a1as\u00ed como con mucho m\u00e1s conocimiento y aprecio por el arte del maquillaje de efectos especiales!","robots":{"index":"index","follow":"follow","max-snippet":"max-snippet:-1","max-image-preview":"max-image-preview:large","max-video-preview":"max-video-preview:-1"},"canonical":"https:\/\/providencechildrensfilmfestival.org\/es\/special-effects-workshop\/","og_locale":"es_ES","og_type":"article","og_title":"Special Effects Workshop, Saturday, February 15 (11:30 AM - 1:00 PM) - Providence Children&#039;s Film Festival","og_description":"Interact with professional makeup artist, Kara Andrews from Art on the spot, as she demonstrates a variety of techniques for creating wounds and other dramatic features used in films. Participants may craft their own tale of how the wound came to be as well as ask Kara questions throughout the process. Each attendee will leave a little scarred (in a way that washes off) as well as with a lot more knoweldge and appreciation for the art of special effects makeup!","og_url":"https:\/\/providencechildrensfilmfestival.org\/es\/special-effects-workshop\/","og_site_name":"Providence Children&#039;s Film Festival","article_publisher":"https:\/\/www.facebook.com\/ProvidenceChildrensFilmFestival","article_modified_time":"2020-02-11T01:25:40+00:00","og_image":[{"width":434,"height":229,"url":"https:\/\/providencechildrensfilmfestival.org\/wp-content\/uploads\/2014\/08\/PCFF_LogoHome2.png","type":"image\/png"}],"twitter_card":"summary_large_image","twitter_site":"@pcffri","schema":{"@context":"https:\/\/schema.org","@graph":[{"@type":"WebPage","@id":"https:\/\/providencechildrensfilmfestival.org\/special-effects-workshop\/","url":"https:\/\/providencechildrensfilmfestival.org\/special-effects-workshop\/","name":"Special Effects Workshop, Saturday, February 15 (11:30 AM - 1:00 PM) - Providence Children&#039;s Film Festival","isPartOf":{"@id":"https:\/\/providencechildrensfilmfestival.org\/#website"},"datePublished":"2020-02-11T01:22:14+00:00","dateModified":"2020-02-11T01:25:40+00:00","description":"Interact\u00fae con la maquilladora profesional Kara Andrews, de Art on the spot, que le mostrar\u00e1 diversas t\u00e9cnicas para crear heridas y otros rasgos dram\u00e1ticos utilizados en las pel\u00edculas. Los participantes podr\u00e1n crear su propia historia de c\u00f3mo surgi\u00f3 la herida, as\u00ed como hacer preguntas a Kara durante el proceso. Cada asistente saldr\u00e1 un poco marcado (de una manera que se borra), \u00a1as\u00ed como con mucho m\u00e1s conocimiento y aprecio por el arte del maquillaje de efectos especiales!","breadcrumb":{"@id":"https:\/\/providencechildrensfilmfestival.org\/special-effects-workshop\/#breadcrumb"},"inLanguage":"es-CO","potentialAction":[{"@type":"ReadAction","target":["https:\/\/providencechildrensfilmfestival.org\/special-effects-workshop\/"]}]},{"@type":"BreadcrumbList","@id":"https:\/\/providencechildrensfilmfestival.org\/special-effects-workshop\/#breadcrumb","itemListElement":[{"@type":"ListItem","position":1,"name":"Home","item":"https:\/\/providencechildrensfilmfestival.org\/"},{"@type":"ListItem","position":2,"name":"Special Effects Workshop, Saturday, February 15 (11:30 AM &#8211; 1:00 PM)"}]},{"@type":"WebSite","@id":"https:\/\/providencechildrensfilmfestival.org\/#website","url":"https:\/\/providencechildrensfilmfestival.org\/","name":"Festival de Cine Infantil de Providence","description":"","potentialAction":[{"@type":"SearchAction","target":{"@type":"EntryPoint","urlTemplate":"https:\/\/providencechildrensfilmfestival.org\/?s={search_term_string}"},"query-input":{"@type":"PropertyValueSpecification","valueRequired":true,"valueName":"search_term_string"}}],"inLanguage":"es-CO"}]}},"ticketed":false,"_links":{"self":[{"href":"https:\/\/providencechildrensfilmfestival.org\/es\/wp-json\/wp\/v2\/pages\/5673","targetHints":{"allow":["GET"]}}],"collection":[{"href":"https:\/\/providencechildrensfilmfestival.org\/es\/wp-json\/wp\/v2\/pages"}],"about":[{"href":"https:\/\/providencechildrensfilmfestival.org\/es\/wp-json\/wp\/v2\/types\/page"}],"author":[{"embeddable":true,"href":"https:\/\/providencechildrensfilmfestival.org\/es\/wp-json\/wp\/v2\/users\/13"}],"replies":[{"embeddable":true,"href":"https:\/\/providencechildrensfilmfestival.org\/es\/wp-json\/wp\/v2\/comments?post=5673"}],"version-history":[{"count":0,"href":"https:\/\/providencechildrensfilmfestival.org\/es\/wp-json\/wp\/v2\/pages\/5673\/revisions"}],"wp:attachment":[{"href":"https:\/\/providencechildrensfilmfestival.org\/es\/wp-json\/wp\/v2\/media?parent=5673"}],"curies":[{"name":"wp","href":"https:\/\/api.w.org\/{rel}","templated":true}]}}