{"id":4331,"date":"2018-05-08T15:08:43","date_gmt":"2018-05-08T15:08:43","guid":{"rendered":"https:\/\/pcffri.local\/?page_id=4331"},"modified":"2024-12-04T14:35:20","modified_gmt":"2024-12-04T14:35:20","slug":"get-reel-in-school-screenings","status":"publish","type":"page","link":"https:\/\/providencechildrensfilmfestival.org\/es\/get-reel-in-school-screenings\/","title":{"rendered":"\u00a1GET REEL!  Proyecciones en centros escolares"},"content":{"rendered":"<h2><span style=\"color: #33b3cc;\"><strong>Explore el mundo del cine internacional con sus alumnos.<\/strong><\/span><\/h2>\n<p>Creemos en el poder del cine para ampliar las mentes y abrir los corazones al mundo que nos rodea. Nuestros programas de cine defienden las ideas de conciencia global y comunidad, inclusi\u00f3n social, identidad, diversidad y equidad, trabajo en equipo, empat\u00eda, cuidado del medio ambiente, derechos humanos, compromiso c\u00edvico, bondad y amor. Acomp\u00e1\u00f1enos en nuestros viajes, cultivando una nueva generaci\u00f3n de narradores, pensadores y artistas creativos.<\/p>\n<p>Llevaremos a tu centro escolar una proyecci\u00f3n de 30-90 minutos de cortometrajes seleccionados tem\u00e1ticamente, facilitaremos una interesante conversaci\u00f3n sobre la pel\u00edcula con el personal\/educador del PCFF y proporcionaremos papeletas para que los estudiantes voten por su favorito. El PCFF tambi\u00e9n puede proporcionar a los profesores una Gu\u00eda de la pel\u00edcula que incluye temas de debate, sugerencias para escribir y un glosario de t\u00e9rminos cinematogr\u00e1ficos relevantes.<\/p>\n<h2>Las proyecciones en centros escolares (o extraescolares) se ofrecen de marzo a junio y se pagan a las escuelas de Rhode Island para garantizar un amplio acceso a una narrativa cinematogr\u00e1fica transformadora.<\/h2>\n<h2>Nuestros Programas de Cortos incluyen:<\/h2>\n\n\t\t<style type=\"text\/css\">\n\t\t\t#gallery-2 {\n\t\t\t\tmargin: auto;\n\t\t\t}\n\t\t\t#gallery-2 .gallery-item {\n\t\t\t\tfloat: left;\n\t\t\t\tmargin-top: 10px;\n\t\t\t\ttext-align: center;\n\t\t\t\twidth: 25%;\n\t\t\t}\n\t\t\t#gallery-2 img {\n\t\t\t\tborder: 2px solid #cfcfcf;\n\t\t\t}\n\t\t\t#gallery-2 .gallery-caption {\n\t\t\t\tmargin-left: 0;\n\t\t\t}\n\t\t\t\/* see gallery_shortcode() in wp-includes\/media.php *\/\n\t\t<\/style>\n\t\t<div id='gallery-2' class='gallery galleryid-4331 gallery-columns-4 gallery-size-full'><dl class='gallery-item'>\n\t\t\t<dt class='gallery-icon landscape'>\n\t\t\t\t<img loading=\"lazy\" decoding=\"async\" width=\"500\" height=\"500\" src=\"https:\/\/providencechildrensfilmfestival.org\/wp-content\/uploads\/2018\/05\/Compartments_Credit_Daniella_Koffler_Uli_Seis_still4.jpg\" class=\"attachment-full size-full\" alt=\"\" aria-describedby=\"gallery-2-4360\" srcset=\"https:\/\/providencechildrensfilmfestival.org\/wp-content\/uploads\/2018\/05\/Compartments_Credit_Daniella_Koffler_Uli_Seis_still4.jpg 500w, https:\/\/providencechildrensfilmfestival.org\/wp-content\/uploads\/2018\/05\/Compartments_Credit_Daniella_Koffler_Uli_Seis_still4-150x150.jpg 150w, https:\/\/providencechildrensfilmfestival.org\/wp-content\/uploads\/2018\/05\/Compartments_Credit_Daniella_Koffler_Uli_Seis_still4-300x300.jpg 300w, https:\/\/providencechildrensfilmfestival.org\/wp-content\/uploads\/2018\/05\/Compartments_Credit_Daniella_Koffler_Uli_Seis_still4-260x260.jpg 260w, https:\/\/providencechildrensfilmfestival.org\/wp-content\/uploads\/2018\/05\/Compartments_Credit_Daniella_Koffler_Uli_Seis_still4-160x160.jpg 160w\" sizes=\"auto, (max-width: 500px) 100vw, 500px\" \/>\n\t\t\t<\/dt>\n\t\t\t\t<dd class='wp-caption-text gallery-caption' id='gallery-2-4360'>\n\t\t\t\tM\u00e1s que un selfie\n\t\t\t\t<\/dd><\/dl><dl class='gallery-item'>\n\t\t\t<dt class='gallery-icon landscape'>\n\t\t\t\t<img loading=\"lazy\" decoding=\"async\" width=\"500\" height=\"500\" src=\"https:\/\/providencechildrensfilmfestival.org\/wp-content\/uploads\/2018\/05\/AM-I-PARIS_WorldAroundUs.jpg\" class=\"attachment-full size-full\" alt=\"\" aria-describedby=\"gallery-2-4359\" srcset=\"https:\/\/providencechildrensfilmfestival.org\/wp-content\/uploads\/2018\/05\/AM-I-PARIS_WorldAroundUs.jpg 500w, https:\/\/providencechildrensfilmfestival.org\/wp-content\/uploads\/2018\/05\/AM-I-PARIS_WorldAroundUs-150x150.jpg 150w, https:\/\/providencechildrensfilmfestival.org\/wp-content\/uploads\/2018\/05\/AM-I-PARIS_WorldAroundUs-300x300.jpg 300w, https:\/\/providencechildrensfilmfestival.org\/wp-content\/uploads\/2018\/05\/AM-I-PARIS_WorldAroundUs-260x260.jpg 260w, https:\/\/providencechildrensfilmfestival.org\/wp-content\/uploads\/2018\/05\/AM-I-PARIS_WorldAroundUs-160x160.jpg 160w\" sizes=\"auto, (max-width: 500px) 100vw, 500px\" \/>\n\t\t\t<\/dt>\n\t\t\t\t<dd class='wp-caption-text gallery-caption' id='gallery-2-4359'>\n\t\t\t\tEl mundo que nos rodea\n\t\t\t\t<\/dd><\/dl><dl class='gallery-item'>\n\t\t\t<dt class='gallery-icon landscape'>\n\t\t\t\t<img loading=\"lazy\" decoding=\"async\" width=\"500\" height=\"500\" src=\"https:\/\/providencechildrensfilmfestival.org\/wp-content\/uploads\/2018\/05\/Ghost_Boy_5.jpg\" class=\"attachment-full size-full\" alt=\"\" aria-describedby=\"gallery-2-4362\" srcset=\"https:\/\/providencechildrensfilmfestival.org\/wp-content\/uploads\/2018\/05\/Ghost_Boy_5.jpg 500w, https:\/\/providencechildrensfilmfestival.org\/wp-content\/uploads\/2018\/05\/Ghost_Boy_5-150x150.jpg 150w, https:\/\/providencechildrensfilmfestival.org\/wp-content\/uploads\/2018\/05\/Ghost_Boy_5-300x300.jpg 300w, https:\/\/providencechildrensfilmfestival.org\/wp-content\/uploads\/2018\/05\/Ghost_Boy_5-260x260.jpg 260w, https:\/\/providencechildrensfilmfestival.org\/wp-content\/uploads\/2018\/05\/Ghost_Boy_5-160x160.jpg 160w\" sizes=\"auto, (max-width: 500px) 100vw, 500px\" \/>\n\t\t\t<\/dt>\n\t\t\t\t<dd class='wp-caption-text gallery-caption' id='gallery-2-4362'>\n\t\t\t\tAnim\u00e9monos\n\t\t\t\t<\/dd><\/dl><dl class='gallery-item'>\n\t\t\t<dt class='gallery-icon landscape'>\n\t\t\t\t<img loading=\"lazy\" decoding=\"async\" width=\"500\" height=\"500\" src=\"https:\/\/providencechildrensfilmfestival.org\/wp-content\/uploads\/2018\/05\/HalloSalaam_BeStrong_BeKind.jpg\" class=\"attachment-full size-full\" alt=\"\" aria-describedby=\"gallery-2-4363\" srcset=\"https:\/\/providencechildrensfilmfestival.org\/wp-content\/uploads\/2018\/05\/HalloSalaam_BeStrong_BeKind.jpg 500w, https:\/\/providencechildrensfilmfestival.org\/wp-content\/uploads\/2018\/05\/HalloSalaam_BeStrong_BeKind-150x150.jpg 150w, https:\/\/providencechildrensfilmfestival.org\/wp-content\/uploads\/2018\/05\/HalloSalaam_BeStrong_BeKind-300x300.jpg 300w, https:\/\/providencechildrensfilmfestival.org\/wp-content\/uploads\/2018\/05\/HalloSalaam_BeStrong_BeKind-260x260.jpg 260w, https:\/\/providencechildrensfilmfestival.org\/wp-content\/uploads\/2018\/05\/HalloSalaam_BeStrong_BeKind-160x160.jpg 160w\" sizes=\"auto, (max-width: 500px) 100vw, 500px\" \/>\n\t\t\t<\/dt>\n\t\t\t\t<dd class='wp-caption-text gallery-caption' id='gallery-2-4363'>\n\t\t\t\tS\u00e9 fuerte. S\u00e9 amable.\n\t\t\t\t<\/dd><\/dl><br style=\"clear: both\" \/>\n\t\t<\/div>\n\n<p>&nbsp;<\/p>\n<h2><strong>\u00a1ANIM\u00c9MONOS!<\/strong> (Todos los grados)<\/h2>\n<p>Animar significa \"dar vida\", y estas pel\u00edculas nos muestran que no hay l\u00edmite para la variedad de materiales que los cineastas utilizan para crear la ilusi\u00f3n de dar vida a algo. En esta fascinante colecci\u00f3n de cortometrajes ver\u00e1s muchas formas creativas de contar historias. Desde el stop-motion a la animaci\u00f3n con plastilina, pasando por los personajes dibujados a mano y los generados por ordenador, todos estos estilos e historias ampl\u00edan nuestra comprensi\u00f3n y cautivan nuestra imaginaci\u00f3n. A usted y a sus alumnos les encantar\u00e1 aprender c\u00f3mo se hacen las pel\u00edculas de animaci\u00f3n y c\u00f3mo pueden probar a hacerlas ustedes mismos.<\/p>\n<h2><strong>EL MUNDO QUE NOS RODEA<\/strong> (Todos los grados)<\/h2>\n<p>Esta colecci\u00f3n especial de cortometrajes independientes e internacionales explora el poder de la naturaleza y el lugar. Nuestro entorno f\u00edsico, ya sean barrios \u00edntimos o el mundo mucho m\u00e1s grande de la naturaleza que nos rodea, abarca los lugares que nos protegen, inspiran y desaf\u00edan. Estas pel\u00edculas muestran que nuestro mundo est\u00e1 repleto de oportunidades para el descubrimiento y la revelaci\u00f3n. Disfrute de animados debates, vote por una de las favoritas del p\u00fablico y ll\u00e9vese a casa una gu\u00eda para ampliar el aprendizaje m\u00e1s all\u00e1 de la pantalla.<\/p>\n<h2><strong>SER FUERTE. SE AMABLE.<\/strong> (Grados K-5 o Grados 6-12)<\/h2>\n<p>Puede requerir mucho valor defender lo que uno cree o ser un aliado para los necesitados. Uno puede ser reacio a abrirse a cosas que son nuevas o incluso ajenas a nuestra experiencia, pero en este mundo cada vez m\u00e1s complejo e interconectado reconocemos lo importantes que son tanto la fortaleza como la bondad. En esta colecci\u00f3n de cortos, los personajes revelan su valent\u00eda y generosidad de esp\u00edritu, inspirando al p\u00fablico a examinar sus vidas y quiz\u00e1 a pasar a la acci\u00f3n.<\/p>\n<h2><strong>M\u00c1S QUE UN SELFIE <\/strong>(Grados 6-12)<\/h2>\n<p>La b\u00fasqueda por descubrir y expresar nuestro verdadero yo es un viaje universal que ha cautivado la imaginaci\u00f3n de los artistas durante siglos. Esta colecci\u00f3n de historias ilustra c\u00f3mo los personajes llegan a comprender y aceptar qui\u00e9nes son y en qu\u00e9 creen. Tras un debate en grupo y una votaci\u00f3n para elegir el cortometraje favorito, los grupos se ir\u00e1n con gu\u00edas de la pel\u00edcula (con preguntas para el debate, pistas para la escritura y sugerencias de proyectos creativos) para seguir indagando en las historias de los personajes y en nuestras propias identidades.<\/p>\n<p>&nbsp;<\/p>\n<h2><span style=\"color: #f15e1e;\"><strong><span style=\"color: #f15e1e;\">P\u00f3ngase en contacto con nosotros para programar su revisi\u00f3n hoy mismo.<\/span><a href=\"mailto:cristin@providencechildrensfilmfestival.org\"><span style=\"color: #808080;\"> cristin@providencechildrensfilmfestival.org<\/span><\/a><\/strong><\/span><\/h2>\n<p>&nbsp;<\/p>","protected":false},"excerpt":{"rendered":"<p>Explore the world of international cinema with your students! We believe in the power of film to expand minds and open hearts to the world around us. Our film programs [&hellip;]<\/p>\n","protected":false},"author":7,"featured_media":5601,"parent":0,"menu_order":0,"comment_status":"closed","ping_status":"closed","template":"template-press.php","meta":{"_acf_changed":false,"_monsterinsights_skip_tracking":false,"_monsterinsights_sitenote_active":false,"_monsterinsights_sitenote_note":"","_monsterinsights_sitenote_category":0,"_price":"","_stock":"","_tribe_ticket_header":"","_tribe_default_ticket_provider":"","_tribe_ticket_capacity":"0","_ticket_start_date":"","_ticket_end_date":"","_tribe_ticket_show_description":"","_tribe_ticket_show_not_going":false,"_tribe_ticket_use_global_stock":"","_tribe_ticket_global_stock_level":"","_global_stock_mode":"","_global_stock_cap":"","_tribe_rsvp_for_event":"","_tribe_ticket_going_count":"","_tribe_ticket_not_going_count":"","_tribe_tickets_list":"[]","_tribe_ticket_has_attendee_info_fields":false,"footnotes":"","_tec_slr_enabled":"","_tec_slr_layout":""},"class_list":["post-4331","page","type-page","status-publish","has-post-thumbnail","hentry"],"acf":[],"yoast_head":"<!-- This site is optimized with the Yoast SEO plugin v27.3 - https:\/\/yoast.com\/product\/yoast-seo-wordpress\/ -->\n<title>GET REEL! In School Screenings - Providence Children&#039;s Film Festival<\/title>\n<meta name=\"robots\" content=\"index, follow, max-snippet:-1, max-image-preview:large, max-video-preview:-1\" \/>\n<link rel=\"canonical\" href=\"https:\/\/providencechildrensfilmfestival.org\/es\/get-reel-in-school-screenings\/\" \/>\n<meta property=\"og:locale\" content=\"es_ES\" \/>\n<meta property=\"og:type\" content=\"article\" \/>\n<meta property=\"og:title\" content=\"GET REEL! In School Screenings - Providence Children&#039;s Film Festival\" \/>\n<meta property=\"og:description\" content=\"Explore the world of international cinema with your students! We believe in the power of film to expand minds and open hearts to the world around us. Our film programs [&hellip;]\" \/>\n<meta property=\"og:url\" content=\"https:\/\/providencechildrensfilmfestival.org\/es\/get-reel-in-school-screenings\/\" \/>\n<meta property=\"og:site_name\" content=\"Providence Children&#039;s Film Festival\" \/>\n<meta property=\"article:publisher\" content=\"https:\/\/www.facebook.com\/ProvidenceChildrensFilmFestival\" \/>\n<meta property=\"article:modified_time\" content=\"2024-12-04T14:35:20+00:00\" \/>\n<meta property=\"og:image\" content=\"https:\/\/providencechildrensfilmfestival.org\/wp-content\/uploads\/2020\/01\/2019-Circus-Movements-Still-2.jpg\" \/>\n\t<meta property=\"og:image:width\" content=\"1920\" \/>\n\t<meta property=\"og:image:height\" content=\"1080\" \/>\n\t<meta property=\"og:image:type\" content=\"image\/jpeg\" \/>\n<meta name=\"twitter:card\" content=\"summary_large_image\" \/>\n<meta name=\"twitter:site\" content=\"@pcffri\" \/>\n<meta name=\"twitter:label1\" content=\"Est. reading time\" \/>\n\t<meta name=\"twitter:data1\" content=\"3 minutos\" \/>\n<script type=\"application\/ld+json\" class=\"yoast-schema-graph\">{\"@context\":\"https:\\\/\\\/schema.org\",\"@graph\":[{\"@type\":\"WebPage\",\"@id\":\"https:\\\/\\\/providencechildrensfilmfestival.org\\\/get-reel-in-school-screenings\\\/\",\"url\":\"https:\\\/\\\/providencechildrensfilmfestival.org\\\/get-reel-in-school-screenings\\\/\",\"name\":\"GET REEL! In School Screenings - Providence Children&#039;s Film Festival\",\"isPartOf\":{\"@id\":\"https:\\\/\\\/providencechildrensfilmfestival.org\\\/#website\"},\"primaryImageOfPage\":{\"@id\":\"https:\\\/\\\/providencechildrensfilmfestival.org\\\/get-reel-in-school-screenings\\\/#primaryimage\"},\"image\":{\"@id\":\"https:\\\/\\\/providencechildrensfilmfestival.org\\\/get-reel-in-school-screenings\\\/#primaryimage\"},\"thumbnailUrl\":\"https:\\\/\\\/providencechildrensfilmfestival.org\\\/wp-content\\\/uploads\\\/2020\\\/01\\\/2019-Circus-Movements-Still-2.jpg\",\"datePublished\":\"2018-05-08T15:08:43+00:00\",\"dateModified\":\"2024-12-04T14:35:20+00:00\",\"breadcrumb\":{\"@id\":\"https:\\\/\\\/providencechildrensfilmfestival.org\\\/get-reel-in-school-screenings\\\/#breadcrumb\"},\"inLanguage\":\"es-CO\",\"potentialAction\":[{\"@type\":\"ReadAction\",\"target\":[\"https:\\\/\\\/providencechildrensfilmfestival.org\\\/get-reel-in-school-screenings\\\/\"]}]},{\"@type\":\"ImageObject\",\"inLanguage\":\"es-CO\",\"@id\":\"https:\\\/\\\/providencechildrensfilmfestival.org\\\/get-reel-in-school-screenings\\\/#primaryimage\",\"url\":\"https:\\\/\\\/providencechildrensfilmfestival.org\\\/wp-content\\\/uploads\\\/2020\\\/01\\\/2019-Circus-Movements-Still-2.jpg\",\"contentUrl\":\"https:\\\/\\\/providencechildrensfilmfestival.org\\\/wp-content\\\/uploads\\\/2020\\\/01\\\/2019-Circus-Movements-Still-2.jpg\",\"width\":1920,\"height\":1080},{\"@type\":\"BreadcrumbList\",\"@id\":\"https:\\\/\\\/providencechildrensfilmfestival.org\\\/get-reel-in-school-screenings\\\/#breadcrumb\",\"itemListElement\":[{\"@type\":\"ListItem\",\"position\":1,\"name\":\"Home\",\"item\":\"https:\\\/\\\/providencechildrensfilmfestival.org\\\/\"},{\"@type\":\"ListItem\",\"position\":2,\"name\":\"GET REEL! In School Screenings\"}]},{\"@type\":\"WebSite\",\"@id\":\"https:\\\/\\\/providencechildrensfilmfestival.org\\\/#website\",\"url\":\"https:\\\/\\\/providencechildrensfilmfestival.org\\\/\",\"name\":\"Providence Children&#039;s Film Festival\",\"description\":\"\",\"potentialAction\":[{\"@type\":\"SearchAction\",\"target\":{\"@type\":\"EntryPoint\",\"urlTemplate\":\"https:\\\/\\\/providencechildrensfilmfestival.org\\\/?s={search_term_string}\"},\"query-input\":{\"@type\":\"PropertyValueSpecification\",\"valueRequired\":true,\"valueName\":\"search_term_string\"}}],\"inLanguage\":\"es-CO\"}]}<\/script>\n<!-- \/ Yoast SEO plugin. -->","yoast_head_json":{"title":"GET REEL! In School Screenings - Providence Children&#039;s Film Festival","robots":{"index":"index","follow":"follow","max-snippet":"max-snippet:-1","max-image-preview":"max-image-preview:large","max-video-preview":"max-video-preview:-1"},"canonical":"https:\/\/providencechildrensfilmfestival.org\/es\/get-reel-in-school-screenings\/","og_locale":"es_ES","og_type":"article","og_title":"GET REEL! In School Screenings - Providence Children&#039;s Film Festival","og_description":"Explore the world of international cinema with your students! We believe in the power of film to expand minds and open hearts to the world around us. Our film programs [&hellip;]","og_url":"https:\/\/providencechildrensfilmfestival.org\/es\/get-reel-in-school-screenings\/","og_site_name":"Providence Children&#039;s Film Festival","article_publisher":"https:\/\/www.facebook.com\/ProvidenceChildrensFilmFestival","article_modified_time":"2024-12-04T14:35:20+00:00","og_image":[{"width":1920,"height":1080,"url":"https:\/\/providencechildrensfilmfestival.org\/wp-content\/uploads\/2020\/01\/2019-Circus-Movements-Still-2.jpg","type":"image\/jpeg"}],"twitter_card":"summary_large_image","twitter_site":"@pcffri","twitter_misc":{"Est. reading time":"3 minutos"},"schema":{"@context":"https:\/\/schema.org","@graph":[{"@type":"WebPage","@id":"https:\/\/providencechildrensfilmfestival.org\/get-reel-in-school-screenings\/","url":"https:\/\/providencechildrensfilmfestival.org\/get-reel-in-school-screenings\/","name":"GET REEL! In School Screenings - Providence Children&#039;s Film Festival","isPartOf":{"@id":"https:\/\/providencechildrensfilmfestival.org\/#website"},"primaryImageOfPage":{"@id":"https:\/\/providencechildrensfilmfestival.org\/get-reel-in-school-screenings\/#primaryimage"},"image":{"@id":"https:\/\/providencechildrensfilmfestival.org\/get-reel-in-school-screenings\/#primaryimage"},"thumbnailUrl":"https:\/\/providencechildrensfilmfestival.org\/wp-content\/uploads\/2020\/01\/2019-Circus-Movements-Still-2.jpg","datePublished":"2018-05-08T15:08:43+00:00","dateModified":"2024-12-04T14:35:20+00:00","breadcrumb":{"@id":"https:\/\/providencechildrensfilmfestival.org\/get-reel-in-school-screenings\/#breadcrumb"},"inLanguage":"es-CO","potentialAction":[{"@type":"ReadAction","target":["https:\/\/providencechildrensfilmfestival.org\/get-reel-in-school-screenings\/"]}]},{"@type":"ImageObject","inLanguage":"es-CO","@id":"https:\/\/providencechildrensfilmfestival.org\/get-reel-in-school-screenings\/#primaryimage","url":"https:\/\/providencechildrensfilmfestival.org\/wp-content\/uploads\/2020\/01\/2019-Circus-Movements-Still-2.jpg","contentUrl":"https:\/\/providencechildrensfilmfestival.org\/wp-content\/uploads\/2020\/01\/2019-Circus-Movements-Still-2.jpg","width":1920,"height":1080},{"@type":"BreadcrumbList","@id":"https:\/\/providencechildrensfilmfestival.org\/get-reel-in-school-screenings\/#breadcrumb","itemListElement":[{"@type":"ListItem","position":1,"name":"Home","item":"https:\/\/providencechildrensfilmfestival.org\/"},{"@type":"ListItem","position":2,"name":"GET REEL! In School Screenings"}]},{"@type":"WebSite","@id":"https:\/\/providencechildrensfilmfestival.org\/#website","url":"https:\/\/providencechildrensfilmfestival.org\/","name":"Festival de Cine Infantil de Providence","description":"","potentialAction":[{"@type":"SearchAction","target":{"@type":"EntryPoint","urlTemplate":"https:\/\/providencechildrensfilmfestival.org\/?s={search_term_string}"},"query-input":{"@type":"PropertyValueSpecification","valueRequired":true,"valueName":"search_term_string"}}],"inLanguage":"es-CO"}]}},"ticketed":false,"_links":{"self":[{"href":"https:\/\/providencechildrensfilmfestival.org\/es\/wp-json\/wp\/v2\/pages\/4331","targetHints":{"allow":["GET"]}}],"collection":[{"href":"https:\/\/providencechildrensfilmfestival.org\/es\/wp-json\/wp\/v2\/pages"}],"about":[{"href":"https:\/\/providencechildrensfilmfestival.org\/es\/wp-json\/wp\/v2\/types\/page"}],"author":[{"embeddable":true,"href":"https:\/\/providencechildrensfilmfestival.org\/es\/wp-json\/wp\/v2\/users\/7"}],"replies":[{"embeddable":true,"href":"https:\/\/providencechildrensfilmfestival.org\/es\/wp-json\/wp\/v2\/comments?post=4331"}],"version-history":[{"count":0,"href":"https:\/\/providencechildrensfilmfestival.org\/es\/wp-json\/wp\/v2\/pages\/4331\/revisions"}],"wp:featuredmedia":[{"embeddable":true,"href":"https:\/\/providencechildrensfilmfestival.org\/es\/wp-json\/wp\/v2\/media\/5601"}],"wp:attachment":[{"href":"https:\/\/providencechildrensfilmfestival.org\/es\/wp-json\/wp\/v2\/media?parent=4331"}],"curies":[{"name":"wp","href":"https:\/\/api.w.org\/{rel}","templated":true}]}}