{"id":3177,"date":"2016-09-02T20:04:24","date_gmt":"2016-09-02T20:04:24","guid":{"rendered":"https:\/\/pcffri.local\/?page_id=3177"},"modified":"2021-01-13T20:51:24","modified_gmt":"2021-01-13T20:51:24","slug":"partnerships","status":"publish","type":"page","link":"https:\/\/providencechildrensfilmfestival.org\/es\/partnerships\/","title":{"rendered":"asociaciones"},"content":{"rendered":"<p>Para amplificar y extender el alcance de nuestra programaci\u00f3n m\u00e1s all\u00e1 del Festival, colaboramos con organizaciones que comparten nuestra visi\u00f3n de que TODOS los j\u00f3venes merecen tener acceso a pel\u00edculas atractivas y estimulantes y a los conocimientos necesarios para ser sus propios creadores. El PCFF ofrece muchas oportunidades para que los ni\u00f1os y los adolescentes se relacionen con el cine durante todo el a\u00f1o a trav\u00e9s de proyecciones de Get Reel!, talleres pr\u00e1cticos, programas de verano de alfabetizaci\u00f3n cinematogr\u00e1fica, presentaciones de Reel Connections, actos con jurados comunitarios y nuestro emblem\u00e1tico programa de alfabetizaci\u00f3n cinematogr\u00e1fica \"S\u00e9 un detective de cine\".<\/p>\n<p>Entre las asociaciones actuales y pasadas se incluyen:<\/p>\n<ul>\n<li><strong>ORGANIZACIONES COMUNITARIAS Y JUVENILES:<\/strong> AS220, Boys and Girls Clubs of Providence, Downtown Providence Parks Conservancy, Providence Children's Museum, Providence CityArts, Rhode Island Museum of Science and Arts (RIMOSA), Give Me 5, Everett: Company, Stage &amp; School, Trinity Academy of Performing Arts, RISD Museum, DiwaliFest, Tiverton Arts Center,\u00a0<span style=\"letter-spacing: 0.05em;\">Partners for Providence Parks, Refugee Dream Center of Rhode Island, Newport Art Museum.<\/span><\/li>\n<\/ul>\n<ul>\n<li><strong>BIBLIOTECAS:<\/strong> Oficina de Servicios Bibliotecarios y de Informaci\u00f3n de RI, Media Smart Libraries, Providence Athenaeum, Providence Community Library, Providence Public Library, Barrington Public Library, Cranston Public Library, Warwick Public Library.<\/li>\n<\/ul>\n<ul>\n<li><strong>CENTRADO EN LA ALFABETIZACI\u00d3N MEDI\u00c1TICA:<\/strong> Laboratorio de Educaci\u00f3n Medi\u00e1tica de la Universidad de Rhode Island, Media Smart Libraries, Instituto de Verano de Alfabetizaci\u00f3n Digital<\/li>\n<\/ul>\n<p>\u00bfEst\u00e1 interesado en llevar la programaci\u00f3n cinematogr\u00e1fica a su organizaci\u00f3n? Explore las ventajas de asociarse con el Festival de Cine Infantil de Providence. P\u00f3ngase en contacto con Eric Bilodeau en eric@providencechildrensfilmfestival.org<\/p>\n\n\t\t<style type=\"text\/css\">\n\t\t\t#gallery-2 {\n\t\t\t\tmargin: auto;\n\t\t\t}\n\t\t\t#gallery-2 .gallery-item {\n\t\t\t\tfloat: left;\n\t\t\t\tmargin-top: 10px;\n\t\t\t\ttext-align: center;\n\t\t\t\twidth: 33%;\n\t\t\t}\n\t\t\t#gallery-2 img {\n\t\t\t\tborder: 2px solid #cfcfcf;\n\t\t\t}\n\t\t\t#gallery-2 .gallery-caption {\n\t\t\t\tmargin-left: 0;\n\t\t\t}\n\t\t\t\/* see gallery_shortcode() in wp-includes\/media.php *\/\n\t\t<\/style>\n\t\t<div id='gallery-2' class='gallery galleryid-3177 gallery-columns-3 gallery-size-medium'><dl class='gallery-item'>\n\t\t\t<dt class='gallery-icon landscape'>\n\t\t\t\t<a href='https:\/\/providencechildrensfilmfestival.org\/es\/partnerships\/img_4889\/'><img loading=\"lazy\" decoding=\"async\" width=\"300\" height=\"225\" src=\"https:\/\/providencechildrensfilmfestival.org\/wp-content\/uploads\/2016\/09\/IMG_4889-300x225.jpg\" class=\"attachment-medium size-medium\" alt=\"\" srcset=\"https:\/\/providencechildrensfilmfestival.org\/wp-content\/uploads\/2016\/09\/IMG_4889-300x225.jpg 300w, https:\/\/providencechildrensfilmfestival.org\/wp-content\/uploads\/2016\/09\/IMG_4889-768x576.jpg 768w, https:\/\/providencechildrensfilmfestival.org\/wp-content\/uploads\/2016\/09\/IMG_4889-1024x768.jpg 1024w, https:\/\/providencechildrensfilmfestival.org\/wp-content\/uploads\/2016\/09\/IMG_4889-560x420.jpg 560w, https:\/\/providencechildrensfilmfestival.org\/wp-content\/uploads\/2016\/09\/IMG_4889-260x195.jpg 260w, https:\/\/providencechildrensfilmfestival.org\/wp-content\/uploads\/2016\/09\/IMG_4889-160x120.jpg 160w, https:\/\/providencechildrensfilmfestival.org\/wp-content\/uploads\/2016\/09\/IMG_4889-386x290.jpg 386w, https:\/\/providencechildrensfilmfestival.org\/wp-content\/uploads\/2016\/09\/IMG_4889-290x218.jpg 290w, https:\/\/providencechildrensfilmfestival.org\/wp-content\/uploads\/2016\/09\/IMG_4889-193x145.jpg 193w\" sizes=\"auto, (max-width: 300px) 100vw, 300px\" \/><\/a>\n\t\t\t<\/dt><\/dl><dl class='gallery-item'>\n\t\t\t<dt class='gallery-icon landscape'>\n\t\t\t\t<a href='https:\/\/providencechildrensfilmfestival.org\/es\/festivals\/2014-festival\/2013-11-pcffatpcm-greenscreen\/'><img loading=\"lazy\" decoding=\"async\" width=\"300\" height=\"236\" src=\"https:\/\/providencechildrensfilmfestival.org\/wp-content\/uploads\/2014\/08\/2013-11-PCFFatPCM-GreenScreen-e1418957377749-300x236.jpg\" class=\"attachment-medium size-medium\" alt=\"\" srcset=\"https:\/\/providencechildrensfilmfestival.org\/wp-content\/uploads\/2014\/08\/2013-11-PCFFatPCM-GreenScreen-e1418957377749-300x236.jpg 300w, https:\/\/providencechildrensfilmfestival.org\/wp-content\/uploads\/2014\/08\/2013-11-PCFFatPCM-GreenScreen-e1418957377749-560x441.jpg 560w, https:\/\/providencechildrensfilmfestival.org\/wp-content\/uploads\/2014\/08\/2013-11-PCFFatPCM-GreenScreen-e1418957377749-260x204.jpg 260w, https:\/\/providencechildrensfilmfestival.org\/wp-content\/uploads\/2014\/08\/2013-11-PCFFatPCM-GreenScreen-e1418957377749-160x126.jpg 160w, https:\/\/providencechildrensfilmfestival.org\/wp-content\/uploads\/2014\/08\/2013-11-PCFFatPCM-GreenScreen-e1418957377749.jpg 881w\" sizes=\"auto, (max-width: 300px) 100vw, 300px\" \/><\/a>\n\t\t\t<\/dt><\/dl><dl class='gallery-item'>\n\t\t\t<dt class='gallery-icon landscape'>\n\t\t\t\t<a href='https:\/\/providencechildrensfilmfestival.org\/es\/sign-today-6-filmmaking-workshops-february-13-14\/17807413776_9a54708cca_z\/'><img loading=\"lazy\" decoding=\"async\" width=\"300\" height=\"225\" src=\"https:\/\/providencechildrensfilmfestival.org\/wp-content\/uploads\/2015\/12\/17807413776_9a54708cca_z-300x225.jpg\" class=\"attachment-medium size-medium\" alt=\"\" srcset=\"https:\/\/providencechildrensfilmfestival.org\/wp-content\/uploads\/2015\/12\/17807413776_9a54708cca_z-300x225.jpg 300w, https:\/\/providencechildrensfilmfestival.org\/wp-content\/uploads\/2015\/12\/17807413776_9a54708cca_z-560x420.jpg 560w, https:\/\/providencechildrensfilmfestival.org\/wp-content\/uploads\/2015\/12\/17807413776_9a54708cca_z-260x195.jpg 260w, https:\/\/providencechildrensfilmfestival.org\/wp-content\/uploads\/2015\/12\/17807413776_9a54708cca_z-160x120.jpg 160w, https:\/\/providencechildrensfilmfestival.org\/wp-content\/uploads\/2015\/12\/17807413776_9a54708cca_z-386x290.jpg 386w, https:\/\/providencechildrensfilmfestival.org\/wp-content\/uploads\/2015\/12\/17807413776_9a54708cca_z-290x218.jpg 290w, https:\/\/providencechildrensfilmfestival.org\/wp-content\/uploads\/2015\/12\/17807413776_9a54708cca_z-193x145.jpg 193w, https:\/\/providencechildrensfilmfestival.org\/wp-content\/uploads\/2015\/12\/17807413776_9a54708cca_z.jpg 640w\" sizes=\"auto, (max-width: 300px) 100vw, 300px\" \/><\/a>\n\t\t\t<\/dt><\/dl><br style=\"clear: both\" \/><dl class='gallery-item'>\n\t\t\t<dt class='gallery-icon landscape'>\n\t\t\t\t<a href='https:\/\/providencechildrensfilmfestival.org\/es\/partnerships\/img_4857\/'><img loading=\"lazy\" decoding=\"async\" width=\"300\" height=\"225\" src=\"https:\/\/providencechildrensfilmfestival.org\/wp-content\/uploads\/2016\/09\/IMG_4857-300x225.jpg\" class=\"attachment-medium size-medium\" alt=\"\" srcset=\"https:\/\/providencechildrensfilmfestival.org\/wp-content\/uploads\/2016\/09\/IMG_4857-300x225.jpg 300w, https:\/\/providencechildrensfilmfestival.org\/wp-content\/uploads\/2016\/09\/IMG_4857-768x576.jpg 768w, https:\/\/providencechildrensfilmfestival.org\/wp-content\/uploads\/2016\/09\/IMG_4857-1024x768.jpg 1024w, https:\/\/providencechildrensfilmfestival.org\/wp-content\/uploads\/2016\/09\/IMG_4857-560x420.jpg 560w, https:\/\/providencechildrensfilmfestival.org\/wp-content\/uploads\/2016\/09\/IMG_4857-260x195.jpg 260w, https:\/\/providencechildrensfilmfestival.org\/wp-content\/uploads\/2016\/09\/IMG_4857-160x120.jpg 160w, https:\/\/providencechildrensfilmfestival.org\/wp-content\/uploads\/2016\/09\/IMG_4857-386x290.jpg 386w, https:\/\/providencechildrensfilmfestival.org\/wp-content\/uploads\/2016\/09\/IMG_4857-290x218.jpg 290w, https:\/\/providencechildrensfilmfestival.org\/wp-content\/uploads\/2016\/09\/IMG_4857-193x145.jpg 193w\" sizes=\"auto, (max-width: 300px) 100vw, 300px\" \/><\/a>\n\t\t\t<\/dt><\/dl><dl class='gallery-item'>\n\t\t\t<dt class='gallery-icon landscape'>\n\t\t\t\t<a href='https:\/\/providencechildrensfilmfestival.org\/es\/festivals\/2014-festival\/filmtalk-louderthanbomb\/'><img loading=\"lazy\" decoding=\"async\" width=\"300\" height=\"199\" src=\"https:\/\/providencechildrensfilmfestival.org\/wp-content\/uploads\/2014\/08\/FilmTalk-LouderthanBomb-300x199.jpg\" class=\"attachment-medium size-medium\" alt=\"\" srcset=\"https:\/\/providencechildrensfilmfestival.org\/wp-content\/uploads\/2014\/08\/FilmTalk-LouderthanBomb-300x199.jpg 300w, https:\/\/providencechildrensfilmfestival.org\/wp-content\/uploads\/2014\/08\/FilmTalk-LouderthanBomb-1024x679.jpg 1024w, https:\/\/providencechildrensfilmfestival.org\/wp-content\/uploads\/2014\/08\/FilmTalk-LouderthanBomb-560x371.jpg 560w, https:\/\/providencechildrensfilmfestival.org\/wp-content\/uploads\/2014\/08\/FilmTalk-LouderthanBomb-260x172.jpg 260w, https:\/\/providencechildrensfilmfestival.org\/wp-content\/uploads\/2014\/08\/FilmTalk-LouderthanBomb-160x106.jpg 160w\" sizes=\"auto, (max-width: 300px) 100vw, 300px\" \/><\/a>\n\t\t\t<\/dt><\/dl><dl class='gallery-item'>\n\t\t\t<dt class='gallery-icon landscape'>\n\t\t\t\t<a href='https:\/\/providencechildrensfilmfestival.org\/es\/partnerships\/img_4910\/'><img loading=\"lazy\" decoding=\"async\" width=\"300\" height=\"225\" src=\"https:\/\/providencechildrensfilmfestival.org\/wp-content\/uploads\/2016\/09\/IMG_4910-300x225.jpg\" class=\"attachment-medium size-medium\" alt=\"\" srcset=\"https:\/\/providencechildrensfilmfestival.org\/wp-content\/uploads\/2016\/09\/IMG_4910-300x225.jpg 300w, https:\/\/providencechildrensfilmfestival.org\/wp-content\/uploads\/2016\/09\/IMG_4910-768x576.jpg 768w, https:\/\/providencechildrensfilmfestival.org\/wp-content\/uploads\/2016\/09\/IMG_4910-1024x768.jpg 1024w, https:\/\/providencechildrensfilmfestival.org\/wp-content\/uploads\/2016\/09\/IMG_4910-560x420.jpg 560w, https:\/\/providencechildrensfilmfestival.org\/wp-content\/uploads\/2016\/09\/IMG_4910-260x195.jpg 260w, https:\/\/providencechildrensfilmfestival.org\/wp-content\/uploads\/2016\/09\/IMG_4910-160x120.jpg 160w, https:\/\/providencechildrensfilmfestival.org\/wp-content\/uploads\/2016\/09\/IMG_4910-386x290.jpg 386w, https:\/\/providencechildrensfilmfestival.org\/wp-content\/uploads\/2016\/09\/IMG_4910-290x218.jpg 290w, https:\/\/providencechildrensfilmfestival.org\/wp-content\/uploads\/2016\/09\/IMG_4910-193x145.jpg 193w\" sizes=\"auto, (max-width: 300px) 100vw, 300px\" \/><\/a>\n\t\t\t<\/dt><\/dl><br style=\"clear: both\" \/>\n\t\t<\/div>","protected":false},"excerpt":{"rendered":"<p>To amplify and broaden the reach of our programming beyond the Festival, we collaborate with organizations who share our vision that ALL youth deserve access to delightful, challenging films and [&hellip;]<\/p>\n","protected":false},"author":2,"featured_media":5696,"parent":0,"menu_order":0,"comment_status":"closed","ping_status":"closed","template":"template-press.php","meta":{"_acf_changed":false,"_monsterinsights_skip_tracking":false,"_monsterinsights_sitenote_active":false,"_monsterinsights_sitenote_note":"","_monsterinsights_sitenote_category":0,"_price":"","_stock":"","_tribe_ticket_header":"","_tribe_default_ticket_provider":"","_tribe_ticket_capacity":"0","_ticket_start_date":"","_ticket_end_date":"","_tribe_ticket_show_description":"","_tribe_ticket_show_not_going":false,"_tribe_ticket_use_global_stock":"","_tribe_ticket_global_stock_level":"","_global_stock_mode":"","_global_stock_cap":"","_tribe_rsvp_for_event":"","_tribe_ticket_going_count":"","_tribe_ticket_not_going_count":"","_tribe_tickets_list":"[]","_tribe_ticket_has_attendee_info_fields":false,"footnotes":"","_tec_slr_enabled":"","_tec_slr_layout":""},"class_list":["post-3177","page","type-page","status-publish","has-post-thumbnail","hentry"],"acf":[],"yoast_head":"<!-- This site is optimized with the Yoast SEO plugin v27.4 - https:\/\/yoast.com\/product\/yoast-seo-wordpress\/ -->\n<title>partnerships - Providence Children&#039;s Film Festival<\/title>\n<meta name=\"robots\" content=\"index, follow, max-snippet:-1, max-image-preview:large, max-video-preview:-1\" \/>\n<link rel=\"canonical\" href=\"https:\/\/providencechildrensfilmfestival.org\/es\/partnerships\/\" \/>\n<meta property=\"og:locale\" content=\"es_ES\" \/>\n<meta property=\"og:type\" content=\"article\" \/>\n<meta property=\"og:title\" content=\"partnerships - Providence Children&#039;s Film Festival\" \/>\n<meta property=\"og:description\" content=\"To amplify and broaden the reach of our programming beyond the Festival, we collaborate with organizations who share our vision that ALL youth deserve access to delightful, challenging films and [&hellip;]\" \/>\n<meta property=\"og:url\" content=\"https:\/\/providencechildrensfilmfestival.org\/es\/partnerships\/\" \/>\n<meta property=\"og:site_name\" content=\"Providence Children&#039;s Film Festival\" \/>\n<meta property=\"article:publisher\" content=\"https:\/\/www.facebook.com\/ProvidenceChildrensFilmFestival\" \/>\n<meta property=\"article:modified_time\" content=\"2021-01-13T20:51:24+00:00\" \/>\n<meta property=\"og:image\" content=\"https:\/\/providencechildrensfilmfestival.org\/wp-content\/uploads\/2020\/02\/CHESS_001_19_X1_0003-scaled-e1610571073191.jpg\" \/>\n\t<meta property=\"og:image:width\" content=\"2560\" \/>\n\t<meta property=\"og:image:height\" content=\"697\" \/>\n\t<meta property=\"og:image:type\" content=\"image\/jpeg\" \/>\n<meta name=\"twitter:card\" content=\"summary_large_image\" \/>\n<meta name=\"twitter:site\" content=\"@pcffri\" \/>\n<meta name=\"twitter:label1\" content=\"Est. reading time\" \/>\n\t<meta name=\"twitter:data1\" content=\"1 minuto\" \/>\n<script type=\"application\/ld+json\" class=\"yoast-schema-graph\">{\"@context\":\"https:\\\/\\\/schema.org\",\"@graph\":[{\"@type\":\"WebPage\",\"@id\":\"https:\\\/\\\/providencechildrensfilmfestival.org\\\/partnerships\\\/\",\"url\":\"https:\\\/\\\/providencechildrensfilmfestival.org\\\/partnerships\\\/\",\"name\":\"partnerships - Providence Children&#039;s Film Festival\",\"isPartOf\":{\"@id\":\"https:\\\/\\\/providencechildrensfilmfestival.org\\\/#website\"},\"primaryImageOfPage\":{\"@id\":\"https:\\\/\\\/providencechildrensfilmfestival.org\\\/partnerships\\\/#primaryimage\"},\"image\":{\"@id\":\"https:\\\/\\\/providencechildrensfilmfestival.org\\\/partnerships\\\/#primaryimage\"},\"thumbnailUrl\":\"https:\\\/\\\/providencechildrensfilmfestival.org\\\/wp-content\\\/uploads\\\/2020\\\/02\\\/CHESS_001_19_X1_0003-scaled-e1610571073191.jpg\",\"datePublished\":\"2016-09-02T20:04:24+00:00\",\"dateModified\":\"2021-01-13T20:51:24+00:00\",\"breadcrumb\":{\"@id\":\"https:\\\/\\\/providencechildrensfilmfestival.org\\\/partnerships\\\/#breadcrumb\"},\"inLanguage\":\"es-CO\",\"potentialAction\":[{\"@type\":\"ReadAction\",\"target\":[\"https:\\\/\\\/providencechildrensfilmfestival.org\\\/partnerships\\\/\"]}]},{\"@type\":\"ImageObject\",\"inLanguage\":\"es-CO\",\"@id\":\"https:\\\/\\\/providencechildrensfilmfestival.org\\\/partnerships\\\/#primaryimage\",\"url\":\"https:\\\/\\\/providencechildrensfilmfestival.org\\\/wp-content\\\/uploads\\\/2020\\\/02\\\/CHESS_001_19_X1_0003-scaled-e1610571073191.jpg\",\"contentUrl\":\"https:\\\/\\\/providencechildrensfilmfestival.org\\\/wp-content\\\/uploads\\\/2020\\\/02\\\/CHESS_001_19_X1_0003-scaled-e1610571073191.jpg\",\"width\":2560,\"height\":697},{\"@type\":\"BreadcrumbList\",\"@id\":\"https:\\\/\\\/providencechildrensfilmfestival.org\\\/partnerships\\\/#breadcrumb\",\"itemListElement\":[{\"@type\":\"ListItem\",\"position\":1,\"name\":\"Home\",\"item\":\"https:\\\/\\\/providencechildrensfilmfestival.org\\\/\"},{\"@type\":\"ListItem\",\"position\":2,\"name\":\"partnerships\"}]},{\"@type\":\"WebSite\",\"@id\":\"https:\\\/\\\/providencechildrensfilmfestival.org\\\/#website\",\"url\":\"https:\\\/\\\/providencechildrensfilmfestival.org\\\/\",\"name\":\"Providence Children&#039;s Film Festival\",\"description\":\"\",\"potentialAction\":[{\"@type\":\"SearchAction\",\"target\":{\"@type\":\"EntryPoint\",\"urlTemplate\":\"https:\\\/\\\/providencechildrensfilmfestival.org\\\/?s={search_term_string}\"},\"query-input\":{\"@type\":\"PropertyValueSpecification\",\"valueRequired\":true,\"valueName\":\"search_term_string\"}}],\"inLanguage\":\"es-CO\"}]}<\/script>\n<!-- \/ Yoast SEO plugin. -->","yoast_head_json":{"title":"partnerships - Providence Children&#039;s Film Festival","robots":{"index":"index","follow":"follow","max-snippet":"max-snippet:-1","max-image-preview":"max-image-preview:large","max-video-preview":"max-video-preview:-1"},"canonical":"https:\/\/providencechildrensfilmfestival.org\/es\/partnerships\/","og_locale":"es_ES","og_type":"article","og_title":"partnerships - Providence Children&#039;s Film Festival","og_description":"To amplify and broaden the reach of our programming beyond the Festival, we collaborate with organizations who share our vision that ALL youth deserve access to delightful, challenging films and [&hellip;]","og_url":"https:\/\/providencechildrensfilmfestival.org\/es\/partnerships\/","og_site_name":"Providence Children&#039;s Film Festival","article_publisher":"https:\/\/www.facebook.com\/ProvidenceChildrensFilmFestival","article_modified_time":"2021-01-13T20:51:24+00:00","og_image":[{"width":2560,"height":697,"url":"https:\/\/providencechildrensfilmfestival.org\/wp-content\/uploads\/2020\/02\/CHESS_001_19_X1_0003-scaled-e1610571073191.jpg","type":"image\/jpeg"}],"twitter_card":"summary_large_image","twitter_site":"@pcffri","twitter_misc":{"Est. reading time":"1 minuto"},"schema":{"@context":"https:\/\/schema.org","@graph":[{"@type":"WebPage","@id":"https:\/\/providencechildrensfilmfestival.org\/partnerships\/","url":"https:\/\/providencechildrensfilmfestival.org\/partnerships\/","name":"partnerships - Providence Children&#039;s Film Festival","isPartOf":{"@id":"https:\/\/providencechildrensfilmfestival.org\/#website"},"primaryImageOfPage":{"@id":"https:\/\/providencechildrensfilmfestival.org\/partnerships\/#primaryimage"},"image":{"@id":"https:\/\/providencechildrensfilmfestival.org\/partnerships\/#primaryimage"},"thumbnailUrl":"https:\/\/providencechildrensfilmfestival.org\/wp-content\/uploads\/2020\/02\/CHESS_001_19_X1_0003-scaled-e1610571073191.jpg","datePublished":"2016-09-02T20:04:24+00:00","dateModified":"2021-01-13T20:51:24+00:00","breadcrumb":{"@id":"https:\/\/providencechildrensfilmfestival.org\/partnerships\/#breadcrumb"},"inLanguage":"es-CO","potentialAction":[{"@type":"ReadAction","target":["https:\/\/providencechildrensfilmfestival.org\/partnerships\/"]}]},{"@type":"ImageObject","inLanguage":"es-CO","@id":"https:\/\/providencechildrensfilmfestival.org\/partnerships\/#primaryimage","url":"https:\/\/providencechildrensfilmfestival.org\/wp-content\/uploads\/2020\/02\/CHESS_001_19_X1_0003-scaled-e1610571073191.jpg","contentUrl":"https:\/\/providencechildrensfilmfestival.org\/wp-content\/uploads\/2020\/02\/CHESS_001_19_X1_0003-scaled-e1610571073191.jpg","width":2560,"height":697},{"@type":"BreadcrumbList","@id":"https:\/\/providencechildrensfilmfestival.org\/partnerships\/#breadcrumb","itemListElement":[{"@type":"ListItem","position":1,"name":"Home","item":"https:\/\/providencechildrensfilmfestival.org\/"},{"@type":"ListItem","position":2,"name":"partnerships"}]},{"@type":"WebSite","@id":"https:\/\/providencechildrensfilmfestival.org\/#website","url":"https:\/\/providencechildrensfilmfestival.org\/","name":"Festival de Cine Infantil de Providence","description":"","potentialAction":[{"@type":"SearchAction","target":{"@type":"EntryPoint","urlTemplate":"https:\/\/providencechildrensfilmfestival.org\/?s={search_term_string}"},"query-input":{"@type":"PropertyValueSpecification","valueRequired":true,"valueName":"search_term_string"}}],"inLanguage":"es-CO"}]}},"ticketed":false,"_links":{"self":[{"href":"https:\/\/providencechildrensfilmfestival.org\/es\/wp-json\/wp\/v2\/pages\/3177","targetHints":{"allow":["GET"]}}],"collection":[{"href":"https:\/\/providencechildrensfilmfestival.org\/es\/wp-json\/wp\/v2\/pages"}],"about":[{"href":"https:\/\/providencechildrensfilmfestival.org\/es\/wp-json\/wp\/v2\/types\/page"}],"author":[{"embeddable":true,"href":"https:\/\/providencechildrensfilmfestival.org\/es\/wp-json\/wp\/v2\/users\/2"}],"replies":[{"embeddable":true,"href":"https:\/\/providencechildrensfilmfestival.org\/es\/wp-json\/wp\/v2\/comments?post=3177"}],"version-history":[{"count":0,"href":"https:\/\/providencechildrensfilmfestival.org\/es\/wp-json\/wp\/v2\/pages\/3177\/revisions"}],"wp:featuredmedia":[{"embeddable":true,"href":"https:\/\/providencechildrensfilmfestival.org\/es\/wp-json\/wp\/v2\/media\/5696"}],"wp:attachment":[{"href":"https:\/\/providencechildrensfilmfestival.org\/es\/wp-json\/wp\/v2\/media?parent=3177"}],"curies":[{"name":"wp","href":"https:\/\/api.w.org\/{rel}","templated":true}]}}