{"id":3147,"date":"2016-08-26T20:26:01","date_gmt":"2016-08-26T20:26:01","guid":{"rendered":"https:\/\/pcffri.local\/?page_id=3147"},"modified":"2021-01-13T21:12:55","modified_gmt":"2021-01-13T21:12:55","slug":"board","status":"publish","type":"page","link":"https:\/\/providencechildrensfilmfestival.org\/es\/about\/board\/","title":{"rendered":"miembros del consejo"},"content":{"rendered":"<div id=\"wpv-view-layout-325-CATTR73d695b1d2d2c4746c6895bfdfba9a25\" class=\"js-wpv-view-layout js-wpv-layout-responsive js-wpv-view-layout-325-CATTR73d695b1d2d2c4746c6895bfdfba9a25\" data-viewnumber=\"325-CATTR73d695b1d2d2c4746c6895bfdfba9a25\" data-pagination=\"{&quot;id&quot;:&quot;325&quot;,&quot;query&quot;:&quot;normal&quot;,&quot;type&quot;:&quot;disabled&quot;,&quot;effect&quot;:&quot;fade&quot;,&quot;duration&quot;:500,&quot;speed&quot;:5,&quot;pause_on_hover&quot;:&quot;disabled&quot;,&quot;stop_rollover&quot;:&quot;false&quot;,&quot;cache_pages&quot;:&quot;enabled&quot;,&quot;preload_images&quot;:&quot;enabled&quot;,&quot;preload_pages&quot;:&quot;enabled&quot;,&quot;preload_reach&quot;:1,&quot;spinner&quot;:&quot;builtin&quot;,&quot;spinner_image&quot;:&quot;https:\/\/providencechildrensfilmfestival.org\/wp-content\/plugins\/wp-views\/res\/img\/ajax-loader.gif&quot;,&quot;callback_next&quot;:&quot;&quot;,&quot;manage_history&quot;:&quot;enabled&quot;,&quot;has_controls_in_form&quot;:&quot;disabled&quot;,&quot;infinite_tolerance&quot;:&quot;0&quot;,&quot;max_pages&quot;:0,&quot;page&quot;:1,&quot;base_permalink&quot;:&quot;\/es\/wp-json\/wp\/v2\/pages\/3147?wpv_view_count=325-CATTR73d695b1d2d2c4746c6895bfdfba9a25&amp;wpv_paged=WPV_PAGE_NUM&quot;,&quot;loop&quot;:{&quot;type&quot;:&quot;&quot;,&quot;name&quot;:&quot;&quot;,&quot;data&quot;:[],&quot;id&quot;:0}}\" data-permalink=\"\/es\/wp-json\/wp\/v2\/pages\/3147?wpv_view_count=325-CATTR73d695b1d2d2c4746c6895bfdfba9a25\">\n\n\t\n\t  <div class=\"people-listing\">\n\t\t\n          <div class=\"person clearfix\">\n            <div class=\"image\"><\/div>\n            <div class=\"details\">\n              <h3>Margot McIlwain Nishimura | <span class=\"title\">Director del Consejo, Presidente<\/span><\/h3>\n              \n                <div class=\"email\"><a href=\"mailto:\"><\/a><\/div>\n              \n              \n                <div class=\"email\"><a href=\"\" target=\"_blank\"><\/a><\/div>\n              \n              <div class=\"bio\"><p>Margot McIlwain Nishimura es Decana de Bibliotecas de la Escuela de Dise\u00f1o de Rhode Island y cofundadora del PCFF. Formada como historiadora del arte medieval, comenz\u00f3 su carrera como acad\u00e9mica, impartiendo clases en la Universidad de Ciudad del Cabo, el Smith College, el Mt. Holyoke College, la Universidad Brown y el RISD, y trabajando en exposiciones en el Museo Metropolitano de Arte y el Museo Getty. Ha desempe\u00f1ado otras funciones administrativas en el RISD, la Biblioteca John Carter Brown de la Universidad de Brown y la Newport Restoration Foundation. En todo este trabajo ha subyacido una creencia permanente en el poder inspirador y transformador del arte, el dise\u00f1o y el estudio de sus historias. Le encanta Buster Keaton y su pel\u00edcula favorita de la infancia era\u00a0<i>Willy Wonka y la f\u00e1brica de chocolate<\/i>.<\/p>\n<\/div>\n            <\/div>\n          <\/div>\n\t\t\n          <div class=\"person clearfix\">\n            <div class=\"image\"><\/div>\n            <div class=\"details\">\n              <h3>Joann Flaminio | <span class=\"title\">Director del Consejo<\/span><\/h3>\n              \n                <div class=\"email\"><a href=\"mailto:\"><\/a><\/div>\n              \n              \n                <div class=\"email\"><a href=\"\" target=\"_blank\"><\/a><\/div>\n              \n              <div class=\"bio\"><p><strong>Joann E. Flaminio, <\/strong>a Providence resident since 1993, has been a member of the Boston Athletic Association (B.A.A.) Board of Governors since 1996. In January 2011, she became the 23rd President of the B.A.A., the first woman to ever lead the 138 year-old athletic organization. She was at the helm of the organization in the aftermath of the 2013 Marathon bombings and helped shape its positive response to\u00a0 the tragedy. During her tenure, she partnered with the Boston Chapter of the Links to establish a successful health and wellness initiative at the M.L.K. School in Boston that led to a long-standing partnership with the Dimock Center and its Road to Wellness initiative. More recently, Ms. Flaminio served as the founding President of 261 Fearless New England, an organization started by Kathrine Switzer dedicated to empowering women all over the world through running. She is a coach with the 261 Fearless New England Providence chapter.\u00a0 She is retired from Fidelity Investments, and was previously the Executive Director of the Employees Retired System of Rhode Island.<\/p>\n<\/div>\n            <\/div>\n          <\/div>\n\t\t\n          <div class=\"person clearfix\">\n            <div class=\"image\"><\/div>\n            <div class=\"details\">\n              <h3>Kate Hewitt | <span class=\"title\">director del consejo, secretario<\/span><\/h3>\n              \n                <div class=\"email\"><a href=\"mailto:\"><\/a><\/div>\n              \n              \n                <div class=\"email\"><a href=\"\" target=\"_blank\"><\/a><\/div>\n              \n              <div class=\"bio\"><p><span style=\"font-weight: 400;\">Kate Hewitt es la Directora de la Escuela Secundaria Wheeler. Durante m\u00e1s de 25 a\u00f1os en el mundo de la educaci\u00f3n, ha sido profesora, bibliotecaria, asesora y directora de escuela. Ha trabajado con alumnos de todas las edades, desde la primera infancia hasta el duod\u00e9cimo curso, tanto en centros p\u00fablicos como independientes. Los valores fundamentales de la pr\u00e1ctica de Kate son la empat\u00eda, la justicia y la reflexi\u00f3n, y su profunda creencia en el poder de las historias para ayudarnos a comprender las similitudes que subyacen a las diferencias. Sumergirnos en historias contadas desde una gran variedad de perspectivas nos capacita a todos para ser los mejores estudiantes y los mejores seres humanos que podemos ser: culturalmente competentes, de mente abierta, emp\u00e1ticos y dispuestos a trabajar juntos por un mundo m\u00e1s justo y equitativo. Los primeros recuerdos cinematogr\u00e1ficos de Kate giran en torno a las destartaladas copias en VHS de <\/span><i><span style=\"font-weight: 400;\">La princesa prometida<\/span><\/i><span style=\"font-weight: 400;\"> y <\/span><i><span style=\"font-weight: 400;\">La pel\u00edcula de los Tele\u00f1ecos <\/span><\/i><span style=\"font-weight: 400;\">que regularmente me rogaba que sacara para las noches de cine en familia. <\/span><\/p>\n<\/div>\n            <\/div>\n          <\/div>\n\t\t\n          <div class=\"person clearfix\">\n            <div class=\"image\"><\/div>\n            <div class=\"details\">\n              <h3>Tina Rizack | <span class=\"title\">director del consejo<\/span><\/h3>\n              \n                <div class=\"email\"><a href=\"mailto:\"><\/a><\/div>\n              \n              \n                <div class=\"email\"><a href=\"\" target=\"_blank\"><\/a><\/div>\n              \n              <div class=\"bio\"><p>Tina Rizack es hemat\u00f3loga y onc\u00f3loga en Fall River y profesora asociada cl\u00ednica de medicina y obstetricia y ginecolog\u00eda en la Facultad de Medicina Alpert de la Universidad Brown. Tina forma parte del consejo asesor de MomDocFamily de la Universidad Brown, una organizaci\u00f3n cuya misi\u00f3n es ofrecer tutor\u00eda y apoyo a las m\u00e9dicas que se enfrentan a los retos y las recompensas de compaginar la carrera m\u00e9dica con la maternidad, y es miembro del comit\u00e9 de la Conferencia Conmemorativa Ilse y Leo Mildenberg de los Museos de Arte de Harvard. Creci\u00f3 en Nueva Jersey, fue a la universidad (especializ\u00e1ndose en historia del arte) y a la facultad de medicina de Atlanta, e hizo la residencia en Chicago. Se traslad\u00f3 a Providence en 2002, donde conoci\u00f3 a su marido, Christopher Langlois, y m\u00e1s tarde complet\u00f3 su beca. Actualmente es c\u00f3nyuge de un militar retirado y esposa de un piloto comercial. Es madre de dos ni\u00f1os en edad escolar muy activos.<\/p>\n<\/div>\n            <\/div>\n          <\/div>\n\t\t\n          <div class=\"person clearfix\">\n            <div class=\"image\"><\/div>\n            <div class=\"details\">\n              <h3>Peter Crump | <span class=\"title\">director del consejo<\/span><\/h3>\n              \n                <div class=\"email\"><a href=\"mailto:\"><\/a><\/div>\n              \n              \n                <div class=\"email\"><a href=\"\" target=\"_blank\"><\/a><\/div>\n              \n              <div class=\"bio\"><p>Cuando Peter Crump fund\u00f3 Site Specific en 2004, fue la culminaci\u00f3n de una vida dedicada a construir y fabricar cosas.<\/p>\n<p>Criado en Connecticut por padres artistas y dise\u00f1adores, estudi\u00f3 en la Parsons School of Design de Nueva York y se licenci\u00f3 en pintura y escultura en la escuela de Par\u00eds en 1990. Como ayudante de artistas de renombre internacional, Peter dise\u00f1\u00f3 y construy\u00f3 instalaciones en museos y galer\u00edas de Nueva York y el extranjero.<\/p>\n<p>En 1997, centr\u00f3 su atenci\u00f3n en la construcci\u00f3n residencial y comercial de alto nivel para clientes del mundo art\u00edstico y editorial de Nueva York. Combinando su visi\u00f3n creativa con su amor por la construcci\u00f3n, estos proyectos sentaron las bases de la empresa de construcci\u00f3n que trajo a Providence unos a\u00f1os m\u00e1s tarde.<\/p>\n<p>Hoy en d\u00eda, Peter centra su tiempo en el desarrollo de las estrategias de negocio y crecimiento de Site Specific, mientras contin\u00faa supervisando el trabajo de dise\u00f1o y construcci\u00f3n de la empresa. Siempre dise\u00f1ador y constructor, disfruta con los retos que inevitablemente surgen en cada proyecto de construcci\u00f3n.<\/p>\n<\/div>\n            <\/div>\n          <\/div>\n\t\t\n          <div class=\"person clearfix\">\n            <div class=\"image\"><\/div>\n            <div class=\"details\">\n              <h3>Nisha Lulla | <span class=\"title\">director del consejo, tesorero<\/span><\/h3>\n              \n                <div class=\"email\"><a href=\"mailto:\"><\/a><\/div>\n              \n              \n                <div class=\"email\"><a href=\"\" target=\"_blank\"><\/a><\/div>\n              \n              <div class=\"bio\"><p>Nisha Lulla es Jefa de Gabinete del Decano de la Escuela de Salud P\u00fablica de Brown.<\/p>\n<\/div>\n            <\/div>\n          <\/div>\n\t\t\n          <div class=\"person clearfix\">\n            <div class=\"image\"><\/div>\n            <div class=\"details\">\n              <h3>Kimberly Wright | <span class=\"title\">Director del Consejo<\/span><\/h3>\n              \n                <div class=\"email\"><a href=\"mailto:\"><\/a><\/div>\n              \n              \n                <div class=\"email\"><a href=\"\" target=\"_blank\"><\/a><\/div>\n              \n              <div class=\"bio\"><p><strong>Productor principal, GBH Kids<\/strong><\/p>\n<p>\u00a1Como productora principal de la nueva serie preescolar de PBS, Work it Out Wombats! (que se estrena en febrero<br \/>\n2023) Kimberly trabaja en estrecha colaboraci\u00f3n con los Productores Ejecutivos y Creativos para<br \/>\ndesarrollar todos los ingredientes creativos clave de la producci\u00f3n: guiones, talento, animaci\u00f3n, dise\u00f1os, m\u00fasica y todos los<br \/>\notros elementos que afectan al formato, la sustancia y el estilo de la serie. Act\u00faa como enlace con el<br \/>\nsocio de animaci\u00f3n de la serie durante todas las fases de producci\u00f3n: dise\u00f1o, casting, storyboards, grabaciones de audio,<br \/>\ncortes gruesos, cortes finos y mezclas. Kimberly tambi\u00e9n ayuda a liderar iniciativas de cultura e inclusi\u00f3n, entre las que se incluyen<br \/>\nidentificar a posibles redactores y asesores con el objetivo de diversificar el equipo.<\/p>\n<p>Antes de unirse a la familia GBH, Kimberly fue productora de cine en Sesame Workshop durante 11 a\u00f1os.<br \/>\nMientras desempe\u00f1aba ese cargo, encarg\u00f3 cortometrajes de acci\u00f3n real, animaci\u00f3n y t\u00e9cnica mixta para Sesame<br \/>\nStreet. Kimberly trabaj\u00f3 estrechamente con cineastas y animadores para guiarles a trav\u00e9s del proceso creativo.<br \/>\npara dar a las pel\u00edculas la forma que mejor se adapte a las necesidades tem\u00e1ticas y de letra espec\u00edficas del programa, al tiempo que se<br \/>\nsin salirse del presupuesto. Supervis\u00f3 todos los aspectos del desarrollo creativo de los cortometrajes y<br \/>\nanimaciones, desde su concepci\u00f3n y negociaci\u00f3n hasta su producci\u00f3n y entrega. Como medio de encontrar nuevos<br \/>\nKimberly asisti\u00f3 a varios festivales de cine infantil y medios de comunicaci\u00f3n.<br \/>\nconferencias por todo Estados Unidos y el extranjero, incluidos Canad\u00e1, Alemania, Trinidad, Jamaica y Australia,<br \/>\ny Nueva Zelanda, donde particip\u00f3 como oradora principal, panelista y miembro del jurado. Se convirti\u00f3 en<br \/>\nno s\u00f3lo diversificar el grupo de cineastas y animadores que crean contenidos para Barrio S\u00e9samo,<br \/>\nsino tambi\u00e9n ofrecer oportunidades a los j\u00f3venes creadores de contenidos BIPOC.<\/p>\n<p>Antes de iniciarse en el mundo de la televisi\u00f3n infantil, Kimberly hab\u00eda sido productora de televisi\u00f3n diurna<br \/>\ndurante 12 a\u00f1os, trabajando para Telepictures, NBC y Paramount Pictures, y produciendo varias pel\u00edculas nacionales.<br \/>\nprogramas diurnos de entrevistas, como The Queen Latifah Show, The John Walsh Show y The Montel Williams<br \/>\nEspect\u00e1culo. En 2006, como productora principal de Montel, tuvo la oportunidad \u00fanica de cambiar vidas...<br \/>\nviajando hasta el Golfo P\u00e9rsico para ayudar a Montel a sorprender a las tropas en las fiestas con<br \/>\nmensajes de sus seres queridos, y darles la oportunidad de compartir sus historias personales. Fue un<br \/>\nKimberly dice que nunca olvidar\u00e1 esta experiencia, que sin duda le ayud\u00f3 a forjar su carrera.<\/p>\n<p>Kimberly es licenciada en Radio y Televisi\u00f3n por la Universidad George Washington. Vive en el norte de<br \/>\nNueva Jersey con su marido y sus dos hijos. Es una autoproclamada \"foodie\" a la que le encanta probar nuevos<br \/>\nrestaurantes y viajar, y dice que cuando no est\u00e1 ocupada trabajando, a menudo se la puede encontrar en un campo de f\u00fatbol.<br \/>\ncon uno de sus hijos.<\/p>\n<p>Ganador del premio Emmy diurno - Barrio S\u00e9samo (2018, 2019, 2020 y 2021) (Sobresaliente<br \/>\nSerie Preescolar)<\/p>\n<\/div>\n            <\/div>\n          <\/div>\n\t\t\n      <\/div>\n\t\n\t\n<\/div>\n<p>Descargue nuestro <a href=\"https:\/\/providencechildrensfilmfestival.org\/wp-content\/uploads\/2019\/04\/07-PCFF_Strategic_Plan_2017_Long_FINAL-052317.pdf\" target=\"_blank\" rel=\"noopener noreferrer\">Plan Estrat\u00e9gico<\/a>.<\/p>","protected":false},"excerpt":{"rendered":"<p>Download our Strategic Plan here.<\/p>","protected":false},"author":1,"featured_media":4064,"parent":188,"menu_order":0,"comment_status":"closed","ping_status":"closed","template":"","meta":{"_acf_changed":false,"_monsterinsights_skip_tracking":false,"_monsterinsights_sitenote_active":false,"_monsterinsights_sitenote_note":"","_monsterinsights_sitenote_category":0,"_price":"","_stock":"","_tribe_ticket_header":"","_tribe_default_ticket_provider":"","_tribe_ticket_capacity":"0","_ticket_start_date":"","_ticket_end_date":"","_tribe_ticket_show_description":"","_tribe_ticket_show_not_going":false,"_tribe_ticket_use_global_stock":"","_tribe_ticket_global_stock_level":"","_global_stock_mode":"","_global_stock_cap":"","_tribe_rsvp_for_event":"","_tribe_ticket_going_count":"","_tribe_ticket_not_going_count":"","_tribe_tickets_list":"[]","_tribe_ticket_has_attendee_info_fields":false,"footnotes":"","_tec_slr_enabled":"","_tec_slr_layout":""},"class_list":["post-3147","page","type-page","status-publish","has-post-thumbnail","hentry"],"acf":[],"yoast_head":"<!-- This site is optimized with the Yoast SEO plugin v27.5 - https:\/\/yoast.com\/product\/yoast-seo-wordpress\/ -->\n<title>board members - Providence Children&#039;s Film Festival<\/title>\n<meta name=\"robots\" content=\"index, follow, max-snippet:-1, max-image-preview:large, max-video-preview:-1\" \/>\n<link rel=\"canonical\" href=\"https:\/\/providencechildrensfilmfestival.org\/es\/about\/board\/\" \/>\n<meta property=\"og:locale\" content=\"es_ES\" \/>\n<meta property=\"og:type\" content=\"article\" \/>\n<meta property=\"og:title\" content=\"board members - Providence Children&#039;s Film Festival\" \/>\n<meta property=\"og:description\" content=\"Download our Strategic Plan here.\" \/>\n<meta property=\"og:url\" content=\"https:\/\/providencechildrensfilmfestival.org\/es\/about\/board\/\" \/>\n<meta property=\"og:site_name\" content=\"Providence Children&#039;s Film Festival\" \/>\n<meta property=\"article:publisher\" content=\"https:\/\/www.facebook.com\/ProvidenceChildrensFilmFestival\" \/>\n<meta property=\"article:modified_time\" content=\"2021-01-13T21:12:55+00:00\" \/>\n<meta property=\"og:image\" content=\"https:\/\/providencechildrensfilmfestival.org\/wp-content\/uploads\/2018\/01\/Hero-Steps-8-1024x683.jpg\" \/>\n\t<meta property=\"og:image:width\" content=\"1024\" \/>\n\t<meta property=\"og:image:height\" content=\"683\" \/>\n\t<meta property=\"og:image:type\" content=\"image\/jpeg\" \/>\n<meta name=\"twitter:card\" content=\"summary_large_image\" \/>\n<meta name=\"twitter:site\" content=\"@pcffri\" \/>\n<script type=\"application\/ld+json\" class=\"yoast-schema-graph\">{\"@context\":\"https:\\\/\\\/schema.org\",\"@graph\":[{\"@type\":\"WebPage\",\"@id\":\"https:\\\/\\\/providencechildrensfilmfestival.org\\\/about\\\/board\\\/\",\"url\":\"https:\\\/\\\/providencechildrensfilmfestival.org\\\/about\\\/board\\\/\",\"name\":\"board members - Providence Children&#039;s Film Festival\",\"isPartOf\":{\"@id\":\"https:\\\/\\\/providencechildrensfilmfestival.org\\\/#website\"},\"primaryImageOfPage\":{\"@id\":\"https:\\\/\\\/providencechildrensfilmfestival.org\\\/about\\\/board\\\/#primaryimage\"},\"image\":{\"@id\":\"https:\\\/\\\/providencechildrensfilmfestival.org\\\/about\\\/board\\\/#primaryimage\"},\"thumbnailUrl\":\"https:\\\/\\\/providencechildrensfilmfestival.org\\\/wp-content\\\/uploads\\\/2018\\\/01\\\/Hero-Steps-8.jpg\",\"datePublished\":\"2016-08-26T20:26:01+00:00\",\"dateModified\":\"2021-01-13T21:12:55+00:00\",\"breadcrumb\":{\"@id\":\"https:\\\/\\\/providencechildrensfilmfestival.org\\\/about\\\/board\\\/#breadcrumb\"},\"inLanguage\":\"es-CO\",\"potentialAction\":[{\"@type\":\"ReadAction\",\"target\":[\"https:\\\/\\\/providencechildrensfilmfestival.org\\\/about\\\/board\\\/\"]}]},{\"@type\":\"ImageObject\",\"inLanguage\":\"es-CO\",\"@id\":\"https:\\\/\\\/providencechildrensfilmfestival.org\\\/about\\\/board\\\/#primaryimage\",\"url\":\"https:\\\/\\\/providencechildrensfilmfestival.org\\\/wp-content\\\/uploads\\\/2018\\\/01\\\/Hero-Steps-8.jpg\",\"contentUrl\":\"https:\\\/\\\/providencechildrensfilmfestival.org\\\/wp-content\\\/uploads\\\/2018\\\/01\\\/Hero-Steps-8.jpg\",\"width\":5184,\"height\":3456},{\"@type\":\"BreadcrumbList\",\"@id\":\"https:\\\/\\\/providencechildrensfilmfestival.org\\\/about\\\/board\\\/#breadcrumb\",\"itemListElement\":[{\"@type\":\"ListItem\",\"position\":1,\"name\":\"Home\",\"item\":\"https:\\\/\\\/providencechildrensfilmfestival.org\\\/\"},{\"@type\":\"ListItem\",\"position\":2,\"name\":\"about\",\"item\":\"https:\\\/\\\/providencechildrensfilmfestival.org\\\/about\\\/\"},{\"@type\":\"ListItem\",\"position\":3,\"name\":\"board members\"}]},{\"@type\":\"WebSite\",\"@id\":\"https:\\\/\\\/providencechildrensfilmfestival.org\\\/#website\",\"url\":\"https:\\\/\\\/providencechildrensfilmfestival.org\\\/\",\"name\":\"Providence Children&#039;s Film Festival\",\"description\":\"\",\"potentialAction\":[{\"@type\":\"SearchAction\",\"target\":{\"@type\":\"EntryPoint\",\"urlTemplate\":\"https:\\\/\\\/providencechildrensfilmfestival.org\\\/?s={search_term_string}\"},\"query-input\":{\"@type\":\"PropertyValueSpecification\",\"valueRequired\":true,\"valueName\":\"search_term_string\"}}],\"inLanguage\":\"es-CO\"}]}<\/script>\n<!-- \/ Yoast SEO plugin. -->","yoast_head_json":{"title":"board members - Providence Children&#039;s Film Festival","robots":{"index":"index","follow":"follow","max-snippet":"max-snippet:-1","max-image-preview":"max-image-preview:large","max-video-preview":"max-video-preview:-1"},"canonical":"https:\/\/providencechildrensfilmfestival.org\/es\/about\/board\/","og_locale":"es_ES","og_type":"article","og_title":"board members - Providence Children&#039;s Film Festival","og_description":"Download our Strategic Plan here.","og_url":"https:\/\/providencechildrensfilmfestival.org\/es\/about\/board\/","og_site_name":"Providence Children&#039;s Film Festival","article_publisher":"https:\/\/www.facebook.com\/ProvidenceChildrensFilmFestival","article_modified_time":"2021-01-13T21:12:55+00:00","og_image":[{"width":1024,"height":683,"url":"https:\/\/providencechildrensfilmfestival.org\/wp-content\/uploads\/2018\/01\/Hero-Steps-8-1024x683.jpg","type":"image\/jpeg"}],"twitter_card":"summary_large_image","twitter_site":"@pcffri","schema":{"@context":"https:\/\/schema.org","@graph":[{"@type":"WebPage","@id":"https:\/\/providencechildrensfilmfestival.org\/about\/board\/","url":"https:\/\/providencechildrensfilmfestival.org\/about\/board\/","name":"board members - Providence Children&#039;s Film Festival","isPartOf":{"@id":"https:\/\/providencechildrensfilmfestival.org\/#website"},"primaryImageOfPage":{"@id":"https:\/\/providencechildrensfilmfestival.org\/about\/board\/#primaryimage"},"image":{"@id":"https:\/\/providencechildrensfilmfestival.org\/about\/board\/#primaryimage"},"thumbnailUrl":"https:\/\/providencechildrensfilmfestival.org\/wp-content\/uploads\/2018\/01\/Hero-Steps-8.jpg","datePublished":"2016-08-26T20:26:01+00:00","dateModified":"2021-01-13T21:12:55+00:00","breadcrumb":{"@id":"https:\/\/providencechildrensfilmfestival.org\/about\/board\/#breadcrumb"},"inLanguage":"es-CO","potentialAction":[{"@type":"ReadAction","target":["https:\/\/providencechildrensfilmfestival.org\/about\/board\/"]}]},{"@type":"ImageObject","inLanguage":"es-CO","@id":"https:\/\/providencechildrensfilmfestival.org\/about\/board\/#primaryimage","url":"https:\/\/providencechildrensfilmfestival.org\/wp-content\/uploads\/2018\/01\/Hero-Steps-8.jpg","contentUrl":"https:\/\/providencechildrensfilmfestival.org\/wp-content\/uploads\/2018\/01\/Hero-Steps-8.jpg","width":5184,"height":3456},{"@type":"BreadcrumbList","@id":"https:\/\/providencechildrensfilmfestival.org\/about\/board\/#breadcrumb","itemListElement":[{"@type":"ListItem","position":1,"name":"Home","item":"https:\/\/providencechildrensfilmfestival.org\/"},{"@type":"ListItem","position":2,"name":"about","item":"https:\/\/providencechildrensfilmfestival.org\/about\/"},{"@type":"ListItem","position":3,"name":"board members"}]},{"@type":"WebSite","@id":"https:\/\/providencechildrensfilmfestival.org\/#website","url":"https:\/\/providencechildrensfilmfestival.org\/","name":"Festival de Cine Infantil de Providence","description":"","potentialAction":[{"@type":"SearchAction","target":{"@type":"EntryPoint","urlTemplate":"https:\/\/providencechildrensfilmfestival.org\/?s={search_term_string}"},"query-input":{"@type":"PropertyValueSpecification","valueRequired":true,"valueName":"search_term_string"}}],"inLanguage":"es-CO"}]}},"ticketed":false,"_links":{"self":[{"href":"https:\/\/providencechildrensfilmfestival.org\/es\/wp-json\/wp\/v2\/pages\/3147","targetHints":{"allow":["GET"]}}],"collection":[{"href":"https:\/\/providencechildrensfilmfestival.org\/es\/wp-json\/wp\/v2\/pages"}],"about":[{"href":"https:\/\/providencechildrensfilmfestival.org\/es\/wp-json\/wp\/v2\/types\/page"}],"author":[{"embeddable":true,"href":"https:\/\/providencechildrensfilmfestival.org\/es\/wp-json\/wp\/v2\/users\/1"}],"replies":[{"embeddable":true,"href":"https:\/\/providencechildrensfilmfestival.org\/es\/wp-json\/wp\/v2\/comments?post=3147"}],"version-history":[{"count":0,"href":"https:\/\/providencechildrensfilmfestival.org\/es\/wp-json\/wp\/v2\/pages\/3147\/revisions"}],"up":[{"embeddable":true,"href":"https:\/\/providencechildrensfilmfestival.org\/es\/wp-json\/wp\/v2\/pages\/188"}],"wp:featuredmedia":[{"embeddable":true,"href":"https:\/\/providencechildrensfilmfestival.org\/es\/wp-json\/wp\/v2\/media\/4064"}],"wp:attachment":[{"href":"https:\/\/providencechildrensfilmfestival.org\/es\/wp-json\/wp\/v2\/media?parent=3147"}],"curies":[{"name":"wp","href":"https:\/\/api.w.org\/{rel}","templated":true}]}}