{"id":2530,"date":"2015-10-19T18:32:18","date_gmt":"2015-10-19T18:32:18","guid":{"rendered":"https:\/\/pcffri.local\/?page_id=2530"},"modified":"2018-12-04T02:17:49","modified_gmt":"2018-12-04T02:17:49","slug":"pcff-film-guides","status":"publish","type":"page","link":"https:\/\/providencechildrensfilmfestival.org\/es\/filmhub\/pcff-film-guides\/","title":{"rendered":"gu\u00edas de pel\u00edculas"},"content":{"rendered":"<p>Mejore la experiencia de ver una pel\u00edcula con las gu\u00edas. Nuestras gu\u00edas son adecuadas para su uso en aulas, espacios comunitarios u hogares familiares. Tenga en cuenta el entorno, la edad del p\u00fablico, los temas, el tipo de pel\u00edcula (acci\u00f3n real, animaci\u00f3n, documental, etc.), el idioma (apropiado para la edad, doblada o subtitulada, etc.) y las limitaciones de tiempo para decidir qu\u00e9 est\u00edmulos y actividades utilizar\u00e1.<br \/>\n<strong><br \/>\nLas GU\u00cdAS DE CINE del PCFF incluyen:<br \/>\n<\/strong><\/p>\n<p style=\"padding-left: 30px;\"><span style=\"color: #ff6319;\">resumen de la pel\u00edcula:\u00a0<\/span><em>sinopsis, temas, duraci\u00f3n, pa\u00eds, idioma, edades recomendadas<\/em><br \/>\n<span style=\"color: #ff6319;\">prepara el escenario:\u00a0<\/span><em>ideas para empezar (antecedentes y palabras que hay que conocer)<br \/>\n<\/em><span style=\"color: #ff6319;\">pistas + indicios: <\/span><em>sugerencias para prestar atenci\u00f3n mientras se mira<\/em><br \/>\n<span style=\"color: #ff6319;\">hablar de ello:<\/span><strong>\u00a0<\/strong><em>preguntas para el debate<\/em><br \/>\n<span style=\"color: #ff6319;\">S\u00e9 creativo:<\/span><strong>\u00a0<\/strong><em>actividades de ampliaci\u00f3n (por escrito, pr\u00e1cticas, relacionadas con pel\u00edculas)<br \/>\n<\/em><span style=\"color: #ff6319;\">establecer conexiones:\u00a0<\/span><em>recursos adicionales (libros, pel\u00edculas, conexiones locales)<br \/>\n<\/em><span style=\"color: #ff6319;\">m\u00e1s all\u00e1 de la pel\u00edcula:\u00a0<\/span><em>enlaces de internet relacionados<\/em><\/p>\n<p><strong>&#8211; &#8211; &#8211; &#8211; &#8211; &#8211; &#8211; &#8211; &#8211; &#8211; &#8211; &#8211; &#8211; &#8211; &#8211; &#8211; &#8211; &#8211; &#8211; &#8211; &#8211; &#8211; &#8211; &#8211; &#8211; &#8211; &#8211; &#8211; &#8211; &#8211;\u00a0<\/strong><\/p>\n<p><strong>-<span style=\"color: #ff6600;\">\u00a0 \u00a0GU\u00cdA GENERAL DE PEL\u00cdCULAS<\/span>\u00a0<\/strong><em>(\u00a1Se puede utilizar con cualquier pel\u00edcula!) |\u00a0<a href=\"https:\/\/providencechildrensfilmfestival.org\/wp-content\/uploads\/2016\/09\/FilmHubGuide_General-FNL.pdf\" target=\"_blank\" rel=\"noopener\">Haga clic para descargar el PDF<\/a><\/em><\/p>\n<p><strong>-<span style=\"color: #ff6600;\">\u00a0 \u00a0GU\u00cdA PARA VER PEL\u00cdCULAS EN FAMILIA<\/span><\/strong> <em>(\u00a1Se puede utilizar con cualquier pel\u00edcula!) |\u00a0<a href=\"https:\/\/providencechildrensfilmfestival.org\/wp-content\/uploads\/2016\/09\/FilmHub_FamilyMovieWatch-oneside-1.pdf\" target=\"_blank\" rel=\"noopener\">Haga clic para descargar el PDF<\/a><\/em><\/p>\n<p style=\"padding-left: 30px;\"><strong>LARGOMETRAJES DE FESTIVALES ANTERIORES CON GU\u00cdAS<\/strong><\/p>\n<ul>\n<li><a href=\"https:\/\/providencechildrensfilmfestival.org\/es\/films\/blanka\/\">Blanka<\/a><\/li>\n<li><a class=\"image-anchor\" href=\"https:\/\/providencechildrensfilmfestival.org\/es\/films\/brothers-wind-wie-bruder-im-wind\/\" target=\"_blank\" rel=\"noopener\">Hermanos del Viento<\/a><\/li>\n<li><a href=\"https:\/\/providencechildrensfilmfestival.org\/es\/films\/fannys-journey-le-voyage-de-fanny\/\">El viaje de Fanny<\/a><\/li>\n<li><a href=\"https:\/\/providencechildrensfilmfestival.org\/es\/films\/gus-outdoors-now-double-feature\/\" target=\"_blank\" rel=\"noopener\">Gus al aire libre: Entonces y ahora<\/a><\/li>\n<li><a href=\"https:\/\/providencechildrensfilmfestival.org\/es\/films\/kayayo\/\" target=\"_blank\" rel=\"noopener\">Kayayo<\/a><\/li>\n<li><strong>Le Tableau<\/strong> <a href=\"https:\/\/providencechildrensfilmfestival.org\/es\/films\/le-tableau\/\" target=\"_blank\" rel=\"noopener\">Detalles de la pel\u00edcula<\/a>\u00a0|\u00a0<a href=\"https:\/\/providencechildrensfilmfestival.org\/wp-content\/uploads\/2016\/09\/FilmHubGuide_LeTableau_FNL.pdf\">Gu\u00eda de pel\u00edculas<\/a><\/li>\n<li><strong>M\u00e1s fuerte que una bomba<\/strong> <a href=\"https:\/\/providencechildrensfilmfestival.org\/es\/films\/louder-bomb\/\" target=\"_blank\" rel=\"noopener\">Detalles de la pel\u00edcula<\/a>\u00a0|\u00a0<a href=\"https:\/\/providencechildrensfilmfestival.org\/wp-content\/uploads\/2015\/10\/FilmHubGuide_LouderthanaBomb_FNL.pdf\" target=\"_blank\" rel=\"noopener\">Gu\u00eda de pel\u00edculas<\/a><\/li>\n<li><strong>Tiempos modernos<\/strong> <a href=\"https:\/\/providencechildrensfilmfestival.org\/es\/films\/modern-times\/\" target=\"_blank\" rel=\"noopener\">Detalles de la pel\u00edcula<\/a>\u00a0|\u00a0<a href=\"https:\/\/providencechildrensfilmfestival.org\/wp-content\/uploads\/2016\/09\/FilmHubGuide_ModernTimes_FNL.pdf\" target=\"_blank\" rel=\"noopener\">Gu\u00eda de pel\u00edculas<\/a><\/li>\n<li><a href=\"https:\/\/providencechildrensfilmfestival.org\/es\/films\/life-zucchini-ma-vie-de-courgette\/\" target=\"_blank\" rel=\"noopener\">Mi vida como calabac\u00edn<\/a>\u00a0(La vida de Calabac\u00edn)<\/li>\n<li><strong>Mi vecino Totoro<\/strong> <a href=\"https:\/\/providencechildrensfilmfestival.org\/es\/films\/neighbor-totoro\/\" target=\"_blank\" rel=\"noopener\">Detalles de la pel\u00edcula<\/a>\u00a0|\u00a0<a href=\"https:\/\/providencechildrensfilmfestival.org\/wp-content\/uploads\/2016\/09\/FilmHubGuide_MyNeighborTotoro_FNL.pdf\">Gu\u00eda de pel\u00edculas<\/a><\/li>\n<li><a href=\"https:\/\/providencechildrensfilmfestival.org\/es\/films\/rainbow-day-camp\/\">Campamento de d\u00eda Rainbow<\/a><\/li>\n<li><strong>ReGeneraci\u00f3n<\/strong> <a href=\"https:\/\/providencechildrensfilmfestival.org\/es\/films\/regeneration\/\" target=\"_blank\" rel=\"noopener\">Detalles de la pel\u00edcula<\/a>\u00a0|\u00a0<a href=\"https:\/\/providencechildrensfilmfestival.org\/wp-content\/uploads\/2016\/09\/FilmHubGuide_ReGeneration_FNL.pdf\" target=\"_blank\" rel=\"noopener\">Gu\u00eda de pel\u00edculas<\/a><\/li>\n<li><strong>Salaam Dunk<\/strong> <a href=\"https:\/\/providencechildrensfilmfestival.org\/es\/films\/salaam-dunk\/\" target=\"_blank\" rel=\"noopener\">Detalles de la pel\u00edcula<\/a>\u00a0|\u00a0<a href=\"https:\/\/providencechildrensfilmfestival.org\/wp-content\/uploads\/2016\/09\/FilmHubGuide_SalaamDunk_FNL.pdf\" target=\"_blank\" rel=\"noopener\">Gu\u00eda de pel\u00edculas<\/a><\/li>\n<li><a href=\"https:\/\/providencechildrensfilmfestival.org\/es\/films\/sonita\/\">Sonita<\/a><\/li>\n<li><strong>Cuentos de la noche<\/strong> <a href=\"https:\/\/providencechildrensfilmfestival.org\/es\/films\/tales-night\/\" target=\"_blank\" rel=\"noopener\">Detalles de la pel\u00edcula<\/a>\u00a0|\u00a0<a href=\"https:\/\/providencechildrensfilmfestival.org\/wp-content\/uploads\/2016\/09\/FilmHubGuide_TalesoftheNight_FNL.pdf\" target=\"_blank\" rel=\"noopener\">Gu\u00eda de pel\u00edculas<\/a><\/li>\n<li><a href=\"https:\/\/providencechildrensfilmfestival.org\/es\/films\/two-worlds-dwa-swiaty\/\">Dos mundos<\/a><\/li>\n<li><strong>Wadjda<\/strong> <a href=\"https:\/\/providencechildrensfilmfestival.org\/es\/films\/wadjda\/\" target=\"_blank\" rel=\"noopener\">Detalles de la pel\u00edcula<\/a>\u00a0|\u00a0<a href=\"https:\/\/providencechildrensfilmfestival.org\/wp-content\/uploads\/2016\/09\/FilmHubGuide_Wadjda_FNL.pdf\" target=\"_blank\" rel=\"noopener\">Gu\u00eda de pel\u00edculas<\/a><\/li>\n<li><strong>Wunderkinder<\/strong>\u00a0<a href=\"https:\/\/providencechildrensfilmfestival.org\/es\/films\/wunderkinder\/\" target=\"_blank\" rel=\"noopener\">Detalles de la pel\u00edcula<\/a>\u00a0|\u00a0<a href=\"https:\/\/providencechildrensfilmfestival.org\/wp-content\/uploads\/2016\/09\/FilmHubGuide_Wunderkinder_FNL.pdf\">Gu\u00eda de pel\u00edculas<\/a><\/li>\n<\/ul>\n<p style=\"padding-left: 30px;\"><strong>CORTOMETRAJES DE FESTIVALES ANTERIORES CON GU\u00cdAS<\/strong><\/p>\n<ul>\n<li><strong>AZZA\u00a0 <\/strong><a href=\"https:\/\/providencechildrensfilmfestival.org\/es\/films\/2014-pcff-shorts-collections-middle-high-school-edition\/\" target=\"_blank\" rel=\"noopener\">Detalles de la pel\u00edcula<\/a>\u00a0|\u00a0<a href=\"https:\/\/providencechildrensfilmfestival.org\/wp-content\/uploads\/2016\/09\/FilmHubGuide_AZZA_FNL.pdf\">Gu\u00eda de pel\u00edculas<\/a><\/li>\n<li><strong>Historia de un oso<\/strong> <a href=\"https:\/\/providencechildrensfilmfestival.org\/es\/films\/try-umph-pcff-shorts-collection\/\" target=\"_blank\" rel=\"noopener\">Detalles de la pel\u00edcula<\/a>\u00a0|\u00a0<a href=\"https:\/\/providencechildrensfilmfestival.org\/wp-content\/uploads\/2016\/09\/FilmHubGuide_BearStory_FNL.pdf\">Gu\u00eda de pel\u00edculas<\/a><\/li>\n<li><strong>Botella<\/strong> <a href=\"https:\/\/providencechildrensfilmfestival.org\/es\/films\/2015-pcff-shorts-collection-kindergarten\/\" target=\"_blank\" rel=\"noopener\">Detalles de la pel\u00edcula<\/a>\u00a0|\u00a0<a href=\"https:\/\/providencechildrensfilmfestival.org\/wp-content\/uploads\/2016\/09\/FilmHubGuide_Bottle_FNL.pdf\">Gu\u00eda de pel\u00edculas<\/a><\/li>\n<li><strong>El abuelo y yo y un helic\u00f3ptero al cielo\u00a0<\/strong>Detalles de la pel\u00edcula\u00a0<a href=\"https:\/\/providencechildrensfilmfestival.org\/wp-content\/uploads\/2016\/09\/FilmHubGuide_Grandpa-and-Me_FNL.pdf\">Gu\u00eda de pel\u00edculas<\/a><\/li>\n<li><strong>Respira<\/strong> <a href=\"https:\/\/providencechildrensfilmfestival.org\/es\/films\/2015-pcff-shorts-collection-elementary-school-vol-2\/\" target=\"_blank\" rel=\"noopener\">Detalles de la pel\u00edcula<\/a>\u00a0|\u00a0<a href=\"https:\/\/providencechildrensfilmfestival.org\/wp-content\/uploads\/2016\/09\/FilmHubGuide_JustBreathe_FNL.pdf\">Gu\u00eda de pel\u00edculas<\/a><\/li>\n<li><strong>La vida en juego<\/strong> <a href=\"https:\/\/providencechildrensfilmfestival.org\/es\/films\/2015-pcff-shorts-collection-middlehigh-school-vol-1\/\" target=\"_blank\" rel=\"noopener\">Detalles de la pel\u00edcula<\/a>\u00a0|\u00a0<a href=\"https:\/\/providencechildrensfilmfestival.org\/wp-content\/uploads\/2016\/09\/FilmHubGuide_Life-on-the-Line_FNL.pdf\" target=\"_blank\" rel=\"noopener\">Gu\u00eda de pel\u00edculas<\/a><\/li>\n<li><strong>El guardi\u00e1n de la presa<\/strong> <a href=\"https:\/\/providencechildrensfilmfestival.org\/es\/films\/party-mix-best-2014-new-york-intl-childrens-film-fest\/\" target=\"_blank\" rel=\"noopener\">Detalles de la pel\u00edcula<\/a>\u00a0|\u00a0<a href=\"https:\/\/providencechildrensfilmfestival.org\/wp-content\/uploads\/2016\/09\/FilmHubGuide_TheDamKeeper_FNL.pdf\" target=\"_blank\" rel=\"noopener\">Gu\u00eda de pel\u00edculas<\/a><\/li>\n<li><strong>Los fant\u00e1sticos libros voladores de Morris Lessmore<\/strong> <a href=\"https:\/\/providencechildrensfilmfestival.org\/es\/films\/cinema-circus-best-2013-martha-vineyards-film-fest\/\" target=\"_blank\" rel=\"noopener\">Detalles de la pel\u00edcula<\/a>\u00a0|\u00a0<a href=\"https:\/\/providencechildrensfilmfestival.org\/wp-content\/uploads\/2016\/09\/FilmHubGuide_FantasticFlyingBooks_FNL.pdf\" target=\"_blank\" rel=\"noopener\">Gu\u00eda de pel\u00edculas<\/a><\/li>\n<li><strong>La cosa perdida<\/strong> Detalles de la pel\u00edcula\u00a0<a href=\"https:\/\/providencechildrensfilmfestival.org\/wp-content\/uploads\/2016\/09\/FilmHubGuide_TheLostThing_FNL.pdf\" target=\"_blank\" rel=\"noopener\">Gu\u00eda de pel\u00edculas<\/a><\/li>\n<li><strong>A trav\u00e9s de los o\u00eddos de Ellen<\/strong> <a href=\"https:\/\/providencechildrensfilmfestival.org\/es\/films\/hear\/\" target=\"_blank\" rel=\"noopener\">Detalles de la pel\u00edcula<\/a>\u00a0|\u00a0<a href=\"https:\/\/providencechildrensfilmfestival.org\/wp-content\/uploads\/2016\/09\/FilmHubGuide_ThroughEllensEars_FNL.pdf\" target=\"_blank\" rel=\"noopener\">Gu\u00eda de pel\u00edculas<\/a><\/li>\n<li><strong>Asustado es asustado<\/strong> <a href=\"https:\/\/providencechildrensfilmfestival.org\/es\/films\/2014-pcff-shorts-collection-kindergarten-edition\/\" target=\"_blank\" rel=\"noopener\">Detalles de la pel\u00edcula<\/a>\u00a0|\u00a0<a href=\"https:\/\/providencechildrensfilmfestival.org\/wp-content\/uploads\/2016\/09\/FilmHubGuide_ScaredisScared_FNL.pdf\" target=\"_blank\" rel=\"noopener\">Gu\u00eda de pel\u00edculas<\/a><\/li>\n<li><strong>Escuelas fuera: Lecciones de un jard\u00edn de infancia en el bosque<\/strong> <a href=\"https:\/\/providencechildrensfilmfestival.org\/es\/films\/schools-lessons-forest-kindergarten\/\" target=\"_blank\" rel=\"noopener\">Detalles de la pel\u00edcula<\/a>\u00a0|\u00a0<a href=\"https:\/\/providencechildrensfilmfestival.org\/wp-content\/uploads\/2015\/10\/FilmHubGuide_SchoolsOut_FNL.pdf\">Gu\u00eda de pel\u00edculas<\/a><\/li>\n<li><strong>Supersonic<\/strong> <a href=\"https:\/\/providencechildrensfilmfestival.org\/es\/films\/superheroes-villains-pcff-shorts-collection\/\" target=\"_blank\" rel=\"noopener\">Detalles de la pel\u00edcula<\/a>\u00a0|\u00a0<a href=\"https:\/\/providencechildrensfilmfestival.org\/wp-content\/uploads\/2016\/09\/FilmHubGuide_Supersonic_FNL.pdf\" target=\"_blank\" rel=\"noopener\">Gu\u00eda de pel\u00edculas<\/a><\/li>\n<\/ul>\n<p>&nbsp;<\/p>\n<p><strong>\u00a0<\/strong><\/p>\n<p><strong>\u00a0<\/strong><\/p>","protected":false},"excerpt":{"rendered":"<p>Enhance the film viewing experience with film guides! Our guides are suitable for use in classrooms, community spaces or families\u2019 homes. Consider your setting, age of audience, themes,\u00a0film type (live [&hellip;]<\/p>\n","protected":false},"author":2,"featured_media":0,"parent":2641,"menu_order":0,"comment_status":"closed","ping_status":"closed","template":"template-film-hub.php","meta":{"_acf_changed":false,"_monsterinsights_skip_tracking":false,"_monsterinsights_sitenote_active":false,"_monsterinsights_sitenote_note":"","_monsterinsights_sitenote_category":0,"_price":"","_stock":"","_tribe_ticket_header":"","_tribe_default_ticket_provider":"","_tribe_ticket_capacity":"0","_ticket_start_date":"","_ticket_end_date":"","_tribe_ticket_show_description":"","_tribe_ticket_show_not_going":false,"_tribe_ticket_use_global_stock":"","_tribe_ticket_global_stock_level":"","_global_stock_mode":"","_global_stock_cap":"","_tribe_rsvp_for_event":"","_tribe_ticket_going_count":"","_tribe_ticket_not_going_count":"","_tribe_tickets_list":"[]","_tribe_ticket_has_attendee_info_fields":false,"footnotes":"","_tec_slr_enabled":"","_tec_slr_layout":""},"class_list":["post-2530","page","type-page","status-publish","hentry"],"acf":[],"yoast_head":"<!-- This site is optimized with the Yoast SEO plugin v27.5 - https:\/\/yoast.com\/product\/yoast-seo-wordpress\/ -->\n<title>film guides - Providence Children&#039;s Film Festival<\/title>\n<meta name=\"robots\" content=\"index, follow, max-snippet:-1, max-image-preview:large, max-video-preview:-1\" \/>\n<link rel=\"canonical\" href=\"https:\/\/providencechildrensfilmfestival.org\/es\/filmhub\/pcff-film-guides\/\" \/>\n<meta property=\"og:locale\" content=\"es_ES\" \/>\n<meta property=\"og:type\" content=\"article\" \/>\n<meta property=\"og:title\" content=\"film guides - Providence Children&#039;s Film Festival\" \/>\n<meta property=\"og:description\" content=\"Enhance the film viewing experience with film guides! Our guides are suitable for use in classrooms, community spaces or families\u2019 homes. Consider your setting, age of audience, themes,\u00a0film type (live [&hellip;]\" \/>\n<meta property=\"og:url\" content=\"https:\/\/providencechildrensfilmfestival.org\/es\/filmhub\/pcff-film-guides\/\" \/>\n<meta property=\"og:site_name\" content=\"Providence Children&#039;s Film Festival\" \/>\n<meta property=\"article:publisher\" content=\"https:\/\/www.facebook.com\/ProvidenceChildrensFilmFestival\" \/>\n<meta property=\"article:modified_time\" content=\"2018-12-04T02:17:49+00:00\" \/>\n<meta property=\"og:image\" content=\"https:\/\/providencechildrensfilmfestival.org\/wp-content\/uploads\/2014\/08\/PCFF_LogoHome2.png\" \/>\n\t<meta property=\"og:image:width\" content=\"434\" \/>\n\t<meta property=\"og:image:height\" content=\"229\" \/>\n\t<meta property=\"og:image:type\" content=\"image\/png\" \/>\n<meta name=\"twitter:card\" content=\"summary_large_image\" \/>\n<meta name=\"twitter:site\" content=\"@pcffri\" \/>\n<meta name=\"twitter:label1\" content=\"Est. reading time\" \/>\n\t<meta name=\"twitter:data1\" content=\"2 minutos\" \/>\n<script type=\"application\/ld+json\" class=\"yoast-schema-graph\">{\"@context\":\"https:\\\/\\\/schema.org\",\"@graph\":[{\"@type\":\"WebPage\",\"@id\":\"https:\\\/\\\/providencechildrensfilmfestival.org\\\/filmhub\\\/pcff-film-guides\\\/\",\"url\":\"https:\\\/\\\/providencechildrensfilmfestival.org\\\/filmhub\\\/pcff-film-guides\\\/\",\"name\":\"film guides - Providence Children&#039;s Film Festival\",\"isPartOf\":{\"@id\":\"https:\\\/\\\/providencechildrensfilmfestival.org\\\/#website\"},\"datePublished\":\"2015-10-19T18:32:18+00:00\",\"dateModified\":\"2018-12-04T02:17:49+00:00\",\"breadcrumb\":{\"@id\":\"https:\\\/\\\/providencechildrensfilmfestival.org\\\/filmhub\\\/pcff-film-guides\\\/#breadcrumb\"},\"inLanguage\":\"es-CO\",\"potentialAction\":[{\"@type\":\"ReadAction\",\"target\":[\"https:\\\/\\\/providencechildrensfilmfestival.org\\\/filmhub\\\/pcff-film-guides\\\/\"]}]},{\"@type\":\"BreadcrumbList\",\"@id\":\"https:\\\/\\\/providencechildrensfilmfestival.org\\\/filmhub\\\/pcff-film-guides\\\/#breadcrumb\",\"itemListElement\":[{\"@type\":\"ListItem\",\"position\":1,\"name\":\"Home\",\"item\":\"https:\\\/\\\/providencechildrensfilmfestival.org\\\/\"},{\"@type\":\"ListItem\",\"position\":2,\"name\":\"overview\",\"item\":\"https:\\\/\\\/providencechildrensfilmfestival.org\\\/filmhub\\\/\"},{\"@type\":\"ListItem\",\"position\":3,\"name\":\"film guides\"}]},{\"@type\":\"WebSite\",\"@id\":\"https:\\\/\\\/providencechildrensfilmfestival.org\\\/#website\",\"url\":\"https:\\\/\\\/providencechildrensfilmfestival.org\\\/\",\"name\":\"Providence Children&#039;s Film Festival\",\"description\":\"\",\"potentialAction\":[{\"@type\":\"SearchAction\",\"target\":{\"@type\":\"EntryPoint\",\"urlTemplate\":\"https:\\\/\\\/providencechildrensfilmfestival.org\\\/?s={search_term_string}\"},\"query-input\":{\"@type\":\"PropertyValueSpecification\",\"valueRequired\":true,\"valueName\":\"search_term_string\"}}],\"inLanguage\":\"es-CO\"}]}<\/script>\n<!-- \/ Yoast SEO plugin. -->","yoast_head_json":{"title":"film guides - Providence Children&#039;s Film Festival","robots":{"index":"index","follow":"follow","max-snippet":"max-snippet:-1","max-image-preview":"max-image-preview:large","max-video-preview":"max-video-preview:-1"},"canonical":"https:\/\/providencechildrensfilmfestival.org\/es\/filmhub\/pcff-film-guides\/","og_locale":"es_ES","og_type":"article","og_title":"film guides - Providence Children&#039;s Film Festival","og_description":"Enhance the film viewing experience with film guides! Our guides are suitable for use in classrooms, community spaces or families\u2019 homes. Consider your setting, age of audience, themes,\u00a0film type (live [&hellip;]","og_url":"https:\/\/providencechildrensfilmfestival.org\/es\/filmhub\/pcff-film-guides\/","og_site_name":"Providence Children&#039;s Film Festival","article_publisher":"https:\/\/www.facebook.com\/ProvidenceChildrensFilmFestival","article_modified_time":"2018-12-04T02:17:49+00:00","og_image":[{"width":434,"height":229,"url":"https:\/\/providencechildrensfilmfestival.org\/wp-content\/uploads\/2014\/08\/PCFF_LogoHome2.png","type":"image\/png"}],"twitter_card":"summary_large_image","twitter_site":"@pcffri","twitter_misc":{"Est. reading time":"2 minutos"},"schema":{"@context":"https:\/\/schema.org","@graph":[{"@type":"WebPage","@id":"https:\/\/providencechildrensfilmfestival.org\/filmhub\/pcff-film-guides\/","url":"https:\/\/providencechildrensfilmfestival.org\/filmhub\/pcff-film-guides\/","name":"film guides - Providence Children&#039;s Film Festival","isPartOf":{"@id":"https:\/\/providencechildrensfilmfestival.org\/#website"},"datePublished":"2015-10-19T18:32:18+00:00","dateModified":"2018-12-04T02:17:49+00:00","breadcrumb":{"@id":"https:\/\/providencechildrensfilmfestival.org\/filmhub\/pcff-film-guides\/#breadcrumb"},"inLanguage":"es-CO","potentialAction":[{"@type":"ReadAction","target":["https:\/\/providencechildrensfilmfestival.org\/filmhub\/pcff-film-guides\/"]}]},{"@type":"BreadcrumbList","@id":"https:\/\/providencechildrensfilmfestival.org\/filmhub\/pcff-film-guides\/#breadcrumb","itemListElement":[{"@type":"ListItem","position":1,"name":"Home","item":"https:\/\/providencechildrensfilmfestival.org\/"},{"@type":"ListItem","position":2,"name":"overview","item":"https:\/\/providencechildrensfilmfestival.org\/filmhub\/"},{"@type":"ListItem","position":3,"name":"film guides"}]},{"@type":"WebSite","@id":"https:\/\/providencechildrensfilmfestival.org\/#website","url":"https:\/\/providencechildrensfilmfestival.org\/","name":"Festival de Cine Infantil de Providence","description":"","potentialAction":[{"@type":"SearchAction","target":{"@type":"EntryPoint","urlTemplate":"https:\/\/providencechildrensfilmfestival.org\/?s={search_term_string}"},"query-input":{"@type":"PropertyValueSpecification","valueRequired":true,"valueName":"search_term_string"}}],"inLanguage":"es-CO"}]}},"ticketed":false,"_links":{"self":[{"href":"https:\/\/providencechildrensfilmfestival.org\/es\/wp-json\/wp\/v2\/pages\/2530","targetHints":{"allow":["GET"]}}],"collection":[{"href":"https:\/\/providencechildrensfilmfestival.org\/es\/wp-json\/wp\/v2\/pages"}],"about":[{"href":"https:\/\/providencechildrensfilmfestival.org\/es\/wp-json\/wp\/v2\/types\/page"}],"author":[{"embeddable":true,"href":"https:\/\/providencechildrensfilmfestival.org\/es\/wp-json\/wp\/v2\/users\/2"}],"replies":[{"embeddable":true,"href":"https:\/\/providencechildrensfilmfestival.org\/es\/wp-json\/wp\/v2\/comments?post=2530"}],"version-history":[{"count":0,"href":"https:\/\/providencechildrensfilmfestival.org\/es\/wp-json\/wp\/v2\/pages\/2530\/revisions"}],"up":[{"embeddable":true,"href":"https:\/\/providencechildrensfilmfestival.org\/es\/wp-json\/wp\/v2\/pages\/2641"}],"wp:attachment":[{"href":"https:\/\/providencechildrensfilmfestival.org\/es\/wp-json\/wp\/v2\/media?parent=2530"}],"curies":[{"name":"wp","href":"https:\/\/api.w.org\/{rel}","templated":true}]}}